{"id":35075,"date":"2025-02-20T23:36:57","date_gmt":"2025-02-20T22:36:57","guid":{"rendered":"https:\/\/olemosaic.orbitalia.org\/producto\/saleros-de-ceramica-panoramica-barcelona-beige-2\/"},"modified":"2025-07-25T19:21:55","modified_gmt":"2025-07-25T17:21:55","slug":"salieres-en-ceramique-panoramique-barcelone-beige-2","status":"publish","type":"product","link":"https:\/\/olemosaic.orbitalia.org\/fr\/produit\/salieres-en-ceramique-panoramique-barcelone-beige-2\/","title":{"rendered":"Sali\u00e8res en c\u00e9ramique. Panoramique. Sagrada Familia. Barcelone. Beige."},"content":{"rendered":"<p>Ensemble de sali\u00e8res en c\u00e9ramique avec une vue panoramique de Barcelone en couleur beige, un charmant souvenir qui capture l&rsquo;essence vibrante de cette ville catalane embl\u00e9matique. L&rsquo;ensemble comprend deux sali\u00e8res peintes \u00e0 la main : l&rsquo;une pr\u00e9sente la majestueuse Sagrada Familia, chef-d&rsquo;\u0153uvre d&rsquo;Antoni Gaud\u00ed, orn\u00e9e de mosa\u00efques color\u00e9es qui refl\u00e8tent la lumi\u00e8re et la cr\u00e9ativit\u00e9 de son design. L&rsquo;architecture unique de la basilique, avec ses tours imposantes et ses d\u00e9tails ornementaux, est repr\u00e9sent\u00e9e de mani\u00e8re captivante, apportant une touche artistique et culturelle \u00e0 votre table.<\/p>\n<p>La deuxi\u00e8me sali\u00e8re illustre un l\u00e9zard vif, un autre embl\u00e8me du style gaudinien, qui avec sa mosa\u00efque color\u00e9e dans les tons verts, bleus et oranges, apporte la fra\u00eecheur et la joie caract\u00e9ristiques de l&rsquo;art de Barcelone. Les deux sali\u00e8res sont dot\u00e9es de bouchons oranges qui contrastent parfaitement avec le fond beige, soulignant leur design unique et offrant un attrait visuel exceptionnel. Ces sali\u00e8res ne sont pas seulement utiles en cuisine, elles fonctionnent \u00e9galement comme des pi\u00e8ces d\u00e9coratives qui \u00e9voquent le folklore et l&rsquo;identit\u00e9 de Barcelone.<\/p>\n<p>En choisissant cet ensemble de sali\u00e8res comme souvenir, les touristes n&rsquo;acqui\u00e8rent pas seulement un rappel de leur visite, mais aussi une repr\u00e9sentation authentique du riche patrimoine culturel de la ville. Chez Ol\u00e9 Mosaic, votre distributeur de souvenirs en gros, nous proposons des produits qui se distinguent par leur artisanat et leur signification culturelle, id\u00e9aux pour les boutiques de cadeaux touristiques cherchant \u00e0 offrir le meilleur de la tradition et de la cr\u00e9ativit\u00e9 catalanes.<\/p>\n","protected":false},"excerpt":{"rendered":"<p>Sali\u00e8res en c\u00e9ramique avec vues de Barcelone en couleur beige. Cet ensemble comprend deux sali\u00e8res illustr\u00e9es : l&rsquo;une avec l&#8217;embl\u00e9matique Sagrada Familia, repr\u00e9sent\u00e9e avec des mosa\u00efques color\u00e9es, et l&rsquo;autre avec un l\u00e9zard joyeux au design vibrant, typique de l&rsquo;art de Gaud\u00ed. Les deux sali\u00e8res, avec des bouchons oranges, sont peintes \u00e0 la main, offrant une charmante touche culturelle et d\u00e9corative pour n&rsquo;importe quelle table.<\/p>\n","protected":false},"featured_media":7689,"template":"","meta":{"_acf_changed":false},"product_brand":[],"product_cat":[817],"product_tag":[585],"class_list":{"0":"post-35075","1":"product","2":"type-product","3":"status-publish","4":"has-post-thumbnail","6":"product_cat-salieres","7":"product_tag-ceramique","8":"pa_ciudad-barcelona","9":"pa_motivo-panoramas","10":"pa_pais-espana","12":"first","13":"instock","14":"shipping-taxable","15":"product-type-simple"},"acf":[],"_links":{"self":[{"href":"https:\/\/olemosaic.orbitalia.org\/fr\/wp-json\/wp\/v2\/product\/35075","targetHints":{"allow":["GET"]}}],"collection":[{"href":"https:\/\/olemosaic.orbitalia.org\/fr\/wp-json\/wp\/v2\/product"}],"about":[{"href":"https:\/\/olemosaic.orbitalia.org\/fr\/wp-json\/wp\/v2\/types\/product"}],"wp:featuredmedia":[{"embeddable":true,"href":"https:\/\/olemosaic.orbitalia.org\/fr\/wp-json\/wp\/v2\/media\/7689"}],"wp:attachment":[{"href":"https:\/\/olemosaic.orbitalia.org\/fr\/wp-json\/wp\/v2\/media?parent=35075"}],"wp:term":[{"taxonomy":"product_brand","embeddable":true,"href":"https:\/\/olemosaic.orbitalia.org\/fr\/wp-json\/wp\/v2\/product_brand?post=35075"},{"taxonomy":"product_cat","embeddable":true,"href":"https:\/\/olemosaic.orbitalia.org\/fr\/wp-json\/wp\/v2\/product_cat?post=35075"},{"taxonomy":"product_tag","embeddable":true,"href":"https:\/\/olemosaic.orbitalia.org\/fr\/wp-json\/wp\/v2\/product_tag?post=35075"}],"curies":[{"name":"wp","href":"https:\/\/api.w.org\/{rel}","templated":true}]}}