{"id":35068,"date":"2025-02-20T23:36:57","date_gmt":"2025-02-20T22:36:57","guid":{"rendered":"https:\/\/olemosaic.orbitalia.org\/producto\/4-bols-de-coco-de-13-x-6-cm-tortuga-mallorca-3\/"},"modified":"2025-07-25T18:52:37","modified_gmt":"2025-07-25T16:52:37","slug":"4-bols-en-noix-de-coco-de-13-x-6-cm-tortue-majorque-3","status":"publish","type":"product","link":"https:\/\/olemosaic.orbitalia.org\/fr\/produit\/4-bols-en-noix-de-coco-de-13-x-6-cm-tortue-majorque-3\/","title":{"rendered":"4 Bols en noix de coco de 13 x 6 cm. Tortue. Motif c\u0153urs et fleurs. Majorque."},"content":{"rendered":"<p>Lot de quatre bols en noix de coco d\u00e9cor\u00e9s de magnifiques motifs de tortues et de mosa\u00efques vibrantes qui capturent l&rsquo;essence de Majorque. Chaque bol, d&rsquo;un diam\u00e8tre de 13 cm et d&rsquo;une hauteur de 6 cm, pr\u00e9sente un design unique, peint \u00e0 la main, qui m\u00e9lange harmonieusement des couleurs \u00e9clatantes comme le bleu, l&rsquo;orange et le rose. Des d\u00e9tails de c\u0153urs et de fleurs ornent chaque pi\u00e8ce, refl\u00e9tant le riche h\u00e9ritage artisanal de l&rsquo;\u00eele et cr\u00e9ant un effet visuel captivant.<\/p>\n<p>Ces bols ne sont pas seulement id\u00e9aux pour servir des ap\u00e9ritifs de mani\u00e8re \u00e9l\u00e9gante, ils fonctionnent \u00e9galement comme des \u00e9l\u00e9ments d\u00e9coratifs qui ajoutent une touche de la culture majorquine \u00e0 n&rsquo;importe quel foyer. La tortue, symbole de la faune m\u00e9diterran\u00e9enne, se distingue sur chaque bol, rappelant le lien de Majorque avec son environnement naturel. Ce lot est un authentique souvenir de Majorque qui c\u00e9l\u00e8bre la beaut\u00e9 de ses traditions et la cr\u00e9ativit\u00e9 de ses artisans.<\/p>\n<p>Chez Ol\u00e9 Mosaic, en tant que grossistes de souvenirs, nous proposons des produits de qualit\u00e9 qui mettent en valeur la culture r\u00e9gionale. Ces bols en noix de coco sont une excellente id\u00e9e pour les boutiques de cadeaux touristiques qui cherchent \u00e0 offrir des articles uniques et repr\u00e9sentatifs de l&rsquo;essence majorquine. En offrant ou en achetant ce lot, les touristes ne rapportent pas seulement un morceau de Majorque, mais aussi un \u00e9chantillon de sa riche tradition culturelle.<\/p>\n","protected":false},"excerpt":{"rendered":"<p>Lot de quatre bols en noix de coco, d&rsquo;un diam\u00e8tre de 13 cm et d&rsquo;une hauteur de 6 cm, d\u00e9cor\u00e9s de motifs de tortues et de mosa\u00efques color\u00e9es \u00e9voquant l&rsquo;essence de Majorque. Chaque bol pr\u00e9sente un design unique, artisanal, peint \u00e0 la main, avec une finition brillante et des d\u00e9tails dans des tons vibrants comme le bleu, l&rsquo;orange et le rose, dispos\u00e9s harmonieusement en forme de c\u0153ur et de fleurs. Parfaits pour servir des ap\u00e9ritifs ou comme \u00e9l\u00e9ments d\u00e9coratifs, ils refl\u00e8tent la tradition artisanale de l&rsquo;\u00eele.<\/p>\n","protected":false},"featured_media":10707,"template":"","meta":{"_acf_changed":false},"product_brand":[],"product_cat":[521],"product_tag":[530],"class_list":{"0":"post-35068","1":"product","2":"type-product","3":"status-publish","4":"has-post-thumbnail","6":"product_cat-bols","7":"product_tag-animaux","8":"pa_ciudad-mallorca","9":"pa_motivo-tortues","10":"pa_pais-espana","12":"first","13":"instock","14":"shipping-taxable","15":"product-type-simple"},"acf":[],"_links":{"self":[{"href":"https:\/\/olemosaic.orbitalia.org\/fr\/wp-json\/wp\/v2\/product\/35068","targetHints":{"allow":["GET"]}}],"collection":[{"href":"https:\/\/olemosaic.orbitalia.org\/fr\/wp-json\/wp\/v2\/product"}],"about":[{"href":"https:\/\/olemosaic.orbitalia.org\/fr\/wp-json\/wp\/v2\/types\/product"}],"wp:featuredmedia":[{"embeddable":true,"href":"https:\/\/olemosaic.orbitalia.org\/fr\/wp-json\/wp\/v2\/media\/10707"}],"wp:attachment":[{"href":"https:\/\/olemosaic.orbitalia.org\/fr\/wp-json\/wp\/v2\/media?parent=35068"}],"wp:term":[{"taxonomy":"product_brand","embeddable":true,"href":"https:\/\/olemosaic.orbitalia.org\/fr\/wp-json\/wp\/v2\/product_brand?post=35068"},{"taxonomy":"product_cat","embeddable":true,"href":"https:\/\/olemosaic.orbitalia.org\/fr\/wp-json\/wp\/v2\/product_cat?post=35068"},{"taxonomy":"product_tag","embeddable":true,"href":"https:\/\/olemosaic.orbitalia.org\/fr\/wp-json\/wp\/v2\/product_tag?post=35068"}],"curies":[{"name":"wp","href":"https:\/\/api.w.org\/{rel}","templated":true}]}}