{"id":35065,"date":"2025-02-20T23:36:56","date_gmt":"2025-02-20T22:36:56","guid":{"rendered":"https:\/\/olemosaic.orbitalia.org\/producto\/4-bols-de-coco-de-13-x-6-cm-isla-mallorca-3\/"},"modified":"2025-07-25T20:24:29","modified_gmt":"2025-07-25T18:24:29","slug":"4-bols-en-noix-de-coco-de-13-x-6-cm-ile-majorque-3","status":"publish","type":"product","link":"https:\/\/olemosaic.orbitalia.org\/fr\/produit\/4-bols-en-noix-de-coco-de-13-x-6-cm-ile-majorque-3\/","title":{"rendered":"4 Bols en noix de coco de 13 x 6 cm. Mosa\u00efque. \u00cele. Majorque."},"content":{"rendered":"<p>Lot de quatre bols en noix de coco de Majorque<\/p>\n<p>Ce lot de quatre bols en noix de coco, aux dimensions de 13 x 6 cm, est une magnifique repr\u00e9sentation de l&rsquo;essence de Majorque, id\u00e9al aussi bien pour servir des ap\u00e9ritifs que pour d\u00e9corer n&rsquo;importe quel espace. Chaque bol pr\u00e9sente un design unique, inspir\u00e9 des mosa\u00efques vibrantes qui ornent les rues majorquines. Les motifs color\u00e9s, aux tons naturels, refl\u00e8tent la riche culture et l&rsquo;histoire de l&rsquo;\u00eele, o\u00f9 la fusion de motifs floraux et g\u00e9om\u00e9triques cr\u00e9e une harmonie visuelle captivante.<\/p>\n<p>L&rsquo;int\u00e9rieur de chaque bol est d\u00e9cor\u00e9 d&rsquo;\u00e9l\u00e9ments artistiques qui \u00e9voquent la tradition insulaire, faisant de chaque pi\u00e8ce un v\u00e9ritable hommage \u00e0 la beaut\u00e9 de l&rsquo;environnement m\u00e9diterran\u00e9en. Ces bols ne sont pas seulement pratiques, ils ont aussi un aspect distinctif qui en fait un atout suppl\u00e9mentaire pour n&rsquo;importe quel foyer.<\/p>\n<p>En tant que souvenirs de Majorque, ils offrent une connexion culturelle profonde, id\u00e9ale pour les touristes \u00e0 la recherche de souvenirs authentiques de leur voyage. Chez Ol\u00e9 Mosaic, nous nous consacrons \u00e0 la distribution de souvenirs en gros, et ce lot de bols en noix de coco est une excellente option pour les boutiques de cadeaux touristiques souhaitant proposer des produits qui capturent l&rsquo;essence de l&rsquo;\u00eele. Un v\u00e9ritable tr\u00e9sor culturel qui c\u00e9l\u00e8bre l&rsquo;esprit de Majorque.<\/p>\n","protected":false},"excerpt":{"rendered":"<p>Lot de quatre bols en noix de coco de 13 x 6 cm, inspir\u00e9s de la magnifique \u00eele de Majorque. Chaque bol pr\u00e9sente un design tr\u00e8s sp\u00e9cial, avec des mosa\u00efques color\u00e9es aux tons naturels \u00e9voquant la riche culture et la tradition insulaires. Les designers mettent en avant des motifs floraux et g\u00e9om\u00e9triques, cr\u00e9ant une fusion artistique charmante. Parfaits pour servir des ap\u00e9ritifs ou comme \u00e9l\u00e9ments d\u00e9coratifs, ces bols sont un hommage \u00e0 la beaut\u00e9 de Majorque.<\/p>\n","protected":false},"featured_media":10692,"template":"","meta":{"_acf_changed":false},"product_brand":[],"product_cat":[521],"product_tag":[],"class_list":{"0":"post-35065","1":"product","2":"type-product","3":"status-publish","4":"has-post-thumbnail","6":"product_cat-bols","7":"pa_ciudad-mallorca","8":"pa_motivo-iles","9":"pa_pais-espana","11":"first","12":"instock","13":"shipping-taxable","14":"product-type-simple"},"acf":[],"_links":{"self":[{"href":"https:\/\/olemosaic.orbitalia.org\/fr\/wp-json\/wp\/v2\/product\/35065","targetHints":{"allow":["GET"]}}],"collection":[{"href":"https:\/\/olemosaic.orbitalia.org\/fr\/wp-json\/wp\/v2\/product"}],"about":[{"href":"https:\/\/olemosaic.orbitalia.org\/fr\/wp-json\/wp\/v2\/types\/product"}],"wp:featuredmedia":[{"embeddable":true,"href":"https:\/\/olemosaic.orbitalia.org\/fr\/wp-json\/wp\/v2\/media\/10692"}],"wp:attachment":[{"href":"https:\/\/olemosaic.orbitalia.org\/fr\/wp-json\/wp\/v2\/media?parent=35065"}],"wp:term":[{"taxonomy":"product_brand","embeddable":true,"href":"https:\/\/olemosaic.orbitalia.org\/fr\/wp-json\/wp\/v2\/product_brand?post=35065"},{"taxonomy":"product_cat","embeddable":true,"href":"https:\/\/olemosaic.orbitalia.org\/fr\/wp-json\/wp\/v2\/product_cat?post=35065"},{"taxonomy":"product_tag","embeddable":true,"href":"https:\/\/olemosaic.orbitalia.org\/fr\/wp-json\/wp\/v2\/product_tag?post=35065"}],"curies":[{"name":"wp","href":"https:\/\/api.w.org\/{rel}","templated":true}]}}