{"id":35057,"date":"2025-02-20T23:36:56","date_gmt":"2025-02-20T22:36:56","guid":{"rendered":"https:\/\/olemosaic.orbitalia.org\/producto\/6-vasos-de-chupito-de-vidrio-metalizado-10\/"},"modified":"2025-07-25T22:06:40","modified_gmt":"2025-07-25T20:06:40","slug":"6-verres-a-shot-verre-metallise-majorque-10","status":"publish","type":"product","link":"https:\/\/olemosaic.orbitalia.org\/fr\/produit\/6-verres-a-shot-verre-metallise-majorque-10\/","title":{"rendered":"6 verres \u00e0 shot en verre m\u00e9tallis\u00e9. Majorque."},"content":{"rendered":"<p>Ensemble de 6 verres \u00e0 shot en verre m\u00e9tallis\u00e9 inspir\u00e9s par l&rsquo;\u00eele vibrante de Majorque. Cet ensemble color\u00e9 est parfait pour ceux qui recherchent un souvenir authentique alliant fonctionnalit\u00e9 et style. Chaque verre, fabriqu\u00e9 en verre de haute qualit\u00e9, pr\u00e9sente une finition m\u00e9tallis\u00e9e qui r\u00e9fl\u00e9chit la lumi\u00e8re et apporte une touche festive \u00e0 toute c\u00e9l\u00e9bration. Les designs d\u00e9coratifs de l\u00e9zards, embl\u00e9matiques de la faune m\u00e9diterran\u00e9enne, se d\u00e9clinent en une vari\u00e9t\u00e9 de teintes : bleu, vert, rouge, dor\u00e9 et violet, \u00e9voquant la chaleur et la diversit\u00e9 des paysages majorquins. De plus, le mot \u00ab\u00a0MAJORQUE\u00a0\u00bb est \u00e9l\u00e9gamment inscrit sur chaque verre, en faisant un hommage \u00e0 cette belle \u00eele.<\/p>\n<p>Cet ensemble n&rsquo;est pas seulement id\u00e9al pour trinquer lors d&rsquo;\u00e9v\u00e9nements et de c\u00e9l\u00e9brations, mais il agit \u00e9galement comme un souvenir attrayant qui capture l&rsquo;essence culturelle de Majorque. Les l\u00e9zards, symboles de chance dans la r\u00e9gion, ajoutent une signification particuli\u00e8re \u00e0 chaque verre. Chez Ol\u00e9 Mosaic, nous sommes fiers d&rsquo;\u00eatre des distributeurs de souvenirs authentiques en gros, garantissant la qualit\u00e9 et l&rsquo;authenticit\u00e9 de chaque produit. Cet ensemble de verres est une excellente option pour les boutiques de cadeaux touristiques souhaitant offrir \u00e0 leurs clients un souvenir m\u00e9morable et attrayant de Majorque.<\/p>\n","protected":false},"excerpt":{"rendered":"<p>Ensemble de 6 verres \u00e0 shot en verre m\u00e9tallis\u00e9 avec un design vibrant inspir\u00e9 de l&rsquo;\u00eele de Majorque. Chaque verre pr\u00e9sente une finition m\u00e9tallis\u00e9e et est d\u00e9cor\u00e9 de motifs color\u00e9s de l\u00e9zards dans des tons bleu, vert, rouge, dor\u00e9 et violet, ainsi que du mot \u00ab\u00a0MAJORQUE\u00a0\u00bb. Id\u00e9aux pour trinquer lors de c\u00e9l\u00e9brations ou comme souvenir attrayant, ces verres allient fonctionnalit\u00e9 et un air festif qui refl\u00e8te la culture m\u00e9diterran\u00e9enne.<\/p>\n","protected":false},"featured_media":11212,"template":"","meta":{"_acf_changed":false},"product_brand":[],"product_cat":[814],"product_tag":[],"class_list":{"0":"post-35057","1":"product","2":"type-product","3":"status-publish","4":"has-post-thumbnail","6":"product_cat-verres-a-shot","7":"pa_ciudad-mallorca","8":"pa_motivo-salamandres","9":"pa_pais-espana","11":"first","12":"instock","13":"shipping-taxable","14":"product-type-simple"},"acf":[],"_links":{"self":[{"href":"https:\/\/olemosaic.orbitalia.org\/fr\/wp-json\/wp\/v2\/product\/35057","targetHints":{"allow":["GET"]}}],"collection":[{"href":"https:\/\/olemosaic.orbitalia.org\/fr\/wp-json\/wp\/v2\/product"}],"about":[{"href":"https:\/\/olemosaic.orbitalia.org\/fr\/wp-json\/wp\/v2\/types\/product"}],"wp:featuredmedia":[{"embeddable":true,"href":"https:\/\/olemosaic.orbitalia.org\/fr\/wp-json\/wp\/v2\/media\/11212"}],"wp:attachment":[{"href":"https:\/\/olemosaic.orbitalia.org\/fr\/wp-json\/wp\/v2\/media?parent=35057"}],"wp:term":[{"taxonomy":"product_brand","embeddable":true,"href":"https:\/\/olemosaic.orbitalia.org\/fr\/wp-json\/wp\/v2\/product_brand?post=35057"},{"taxonomy":"product_cat","embeddable":true,"href":"https:\/\/olemosaic.orbitalia.org\/fr\/wp-json\/wp\/v2\/product_cat?post=35057"},{"taxonomy":"product_tag","embeddable":true,"href":"https:\/\/olemosaic.orbitalia.org\/fr\/wp-json\/wp\/v2\/product_tag?post=35057"}],"curies":[{"name":"wp","href":"https:\/\/api.w.org\/{rel}","templated":true}]}}