{"id":35056,"date":"2025-02-20T23:36:56","date_gmt":"2025-02-20T22:36:56","guid":{"rendered":"https:\/\/olemosaic.orbitalia.org\/producto\/4-bols-de-coco-de-13-x-6-cm-bailaora-5\/"},"modified":"2025-07-25T18:51:17","modified_gmt":"2025-07-25T16:51:17","slug":"4-bols-noix-de-coco-13-x-6-cm-danseuse-flamenco-5","status":"publish","type":"product","link":"https:\/\/olemosaic.orbitalia.org\/fr\/produit\/4-bols-noix-de-coco-13-x-6-cm-danseuse-flamenco-5\/","title":{"rendered":"4 Bols en noix de coco de 13 x 6 cm. Danseuse de flamenco. Bleu, rouge, orange et dor\u00e9."},"content":{"rendered":"<p>Ensemble de 4 bols en noix de coco d\u00e9coratifs avec silhouettes de danseuse de flamenco<\/p>\n<p>Cet ensemble exclusif de 4 bols en noix de coco, chacun de 13 x 6 cm, apporte une touche vibrante et artistique \u00e0 n&rsquo;importe quel foyer. Chaque bol est m\u00e9ticuleusement d\u00e9cor\u00e9 d&rsquo;\u00e9l\u00e9gantes silhouettes d&rsquo;une danseuse de flamenco, capturant l&rsquo;essence et le mouvement de cette passionnante tradition espagnole. Les couleurs vibrantes des d\u00e9corations, incluant le bleu, le rouge, l&rsquo;orange et le dor\u00e9, sont un v\u00e9ritable festin visuel, et les designs complexes qui ornent chaque surface \u00e9voquent l&rsquo;art sophistiqu\u00e9 du flamenco.<\/p>\n<p>Id\u00e9aux pour servir des ap\u00e9ritifs ou simplement comme \u00e9l\u00e9ments d\u00e9coratifs, ces bols ne sont pas seulement fonctionnels, mais fonctionnent \u00e9galement comme des pi\u00e8ces d&rsquo;art qui racontent une histoire. Leur design unique refl\u00e8te le riche h\u00e9ritage culturel de l&rsquo;Andalousie, o\u00f9 le flamenco est bien plus qu&rsquo;une danse : c&rsquo;est une forme d&rsquo;expression de l&rsquo;\u00e2me. Chaque bol est fabriqu\u00e9 \u00e0 la main, ce qui garantit que chaque pi\u00e8ce est unique, repr\u00e9sentant l&rsquo;authenticit\u00e9 que les touristes recherchent en acqu\u00e9rant un souvenir. Cet ensemble de bols en noix de coco est une option id\u00e9ale pour les boutiques de cadeaux touristiques souhaitant proposer des souvenirs authentiques qui mettent en valeur la culture et la tradition espagnoles. Chez Ol\u00e9 Mosaic, en tant que grossistes d&rsquo;articles traditionnels, nous veillons \u00e0 ce que nos produits capturent l&rsquo;essence de l&rsquo;Espagne dans chaque d\u00e9tail.<\/p>\n","protected":false},"excerpt":{"rendered":"<p>Ensemble de 4 bols en noix de coco de 13 x 6 cm, d\u00e9cor\u00e9s d&rsquo;\u00e9l\u00e9gantes silhouettes d&rsquo;une danseuse de flamenco. Chaque bol pr\u00e9sente un design unique dans des tons vibrants : bleu, rouge, orange et dor\u00e9, avec des motifs complexes \u00e9voquant l&rsquo;art et la culture flamenco. Parfaits pour servir des ap\u00e9ritifs ou comme \u00e9l\u00e9ments d\u00e9coratifs, ces bols ajoutent une touche artistique et traditionnelle, id\u00e9ale pour n&rsquo;importe quelle ambiance.<\/p>\n","protected":false},"featured_media":13835,"template":"","meta":{"_acf_changed":false},"product_brand":[],"product_cat":[521],"product_tag":[],"class_list":{"0":"post-35056","1":"product","2":"type-product","3":"status-publish","4":"has-post-thumbnail","6":"product_cat-bols","7":"pa_motivo-danseurs","9":"first","10":"instock","11":"shipping-taxable","12":"product-type-simple"},"acf":[],"_links":{"self":[{"href":"https:\/\/olemosaic.orbitalia.org\/fr\/wp-json\/wp\/v2\/product\/35056","targetHints":{"allow":["GET"]}}],"collection":[{"href":"https:\/\/olemosaic.orbitalia.org\/fr\/wp-json\/wp\/v2\/product"}],"about":[{"href":"https:\/\/olemosaic.orbitalia.org\/fr\/wp-json\/wp\/v2\/types\/product"}],"wp:featuredmedia":[{"embeddable":true,"href":"https:\/\/olemosaic.orbitalia.org\/fr\/wp-json\/wp\/v2\/media\/13835"}],"wp:attachment":[{"href":"https:\/\/olemosaic.orbitalia.org\/fr\/wp-json\/wp\/v2\/media?parent=35056"}],"wp:term":[{"taxonomy":"product_brand","embeddable":true,"href":"https:\/\/olemosaic.orbitalia.org\/fr\/wp-json\/wp\/v2\/product_brand?post=35056"},{"taxonomy":"product_cat","embeddable":true,"href":"https:\/\/olemosaic.orbitalia.org\/fr\/wp-json\/wp\/v2\/product_cat?post=35056"},{"taxonomy":"product_tag","embeddable":true,"href":"https:\/\/olemosaic.orbitalia.org\/fr\/wp-json\/wp\/v2\/product_tag?post=35056"}],"curies":[{"name":"wp","href":"https:\/\/api.w.org\/{rel}","templated":true}]}}