{"id":35055,"date":"2025-02-20T23:36:55","date_gmt":"2025-02-20T22:36:55","guid":{"rendered":"https:\/\/olemosaic.orbitalia.org\/producto\/4-bols-de-coco-de-13-x-6-cm-flor-4\/"},"modified":"2025-07-25T20:32:54","modified_gmt":"2025-07-25T18:32:54","slug":"4-bols-noix-de-coco-13-x-6-cm-fleur-4","status":"publish","type":"product","link":"https:\/\/olemosaic.orbitalia.org\/fr\/produit\/4-bols-noix-de-coco-13-x-6-cm-fleur-4\/","title":{"rendered":"4 Bols en noix de coco de 13 x 6 cm. Fleur. Bleu, rouge, orange et fuchsia."},"content":{"rendered":"<p>Ensemble de 4 Bols en Noix de Coco D\u00e9coratifs<\/p>\n<p>D\u00e9couvrez notre charmant ensemble de 4 bols en noix de coco de 13 x 6 cm, d\u00e9cor\u00e9s de joyeux motifs floraux qui apportent une touche vibrante \u00e0 n&rsquo;importe quel espace. Chaque bol pr\u00e9sente un design peint \u00e0 la main dans des tons vifs tels que le bleu, le rouge, l&rsquo;orange et le fuchsia, qui ressortent sur un fond noir, renfor\u00e7ant leur attrait visuel. Au centre de chaque bol, vous trouverez une magnifique fleur entour\u00e9e de petits c\u0153urs, ce qui en fait le compl\u00e9ment parfait tant pour servir des ap\u00e9ritifs que pour d\u00e9corer votre maison avec une touche exotique et festive.<\/p>\n<p>Ces bols ne sont pas seulement des objets d\u00e9coratifs, mais refl\u00e8tent une tradition artisanale unique, int\u00e9grant des techniques locales de peinture et de design, typiques des r\u00e9gions o\u00f9 la culture de la couleur et de la joie est c\u00e9l\u00e9br\u00e9e \u00e0 travers l&rsquo;art de la c\u00e9ramique. Id\u00e9aux comme souvenirs, ces bols en noix de coco sont un souvenir repr\u00e9sentatif du riche patrimoine culturel que vous pourrez ramener chez vous, ou un cadeau original qui ravira vos proches.<\/p>\n<p>Chez Ol\u00e9 Mosaic, nous nous sp\u00e9cialisons dans la distribution de souvenirs en gros, offrant des articles authentiques qui capturent l&rsquo;essence des traditions locales. Cet ensemble de bols en noix de coco est une excellente option pour les boutiques de cadeaux touristiques \u00e0 la recherche de produits authentiques et artistiques. N&rsquo;h\u00e9sitez pas \u00e0 ajouter une touche de couleur et de joie \u00e0 votre offre de souvenirs avec ces bols d\u00e9coratifs uniques.<\/p>\n","protected":false},"excerpt":{"rendered":"<p>Bols en noix de coco de 13 x 6 cm d\u00e9cor\u00e9s de motifs floraux. Ce jeu de quatre bols color\u00e9s pr\u00e9sente des designs peints \u00e0 la main dans des tons vibrants tels que le bleu, le rouge, l&rsquo;orange et le fuchsia, sur un fond noir qui rehausse leur attrait visuel. Chaque bol affiche une fleur centrale entour\u00e9e de petits c\u0153urs, ce qui en fait des pi\u00e8ces parfaites pour donner une touche joyeuse et exotique \u00e0 votre maison ou comme cadeau original. Id\u00e9aux pour servir des ap\u00e9ritifs ou comme \u00e9l\u00e9ments d\u00e9coratifs.<\/p>\n","protected":false},"featured_media":10665,"template":"","meta":{"_acf_changed":false},"product_brand":[],"product_cat":[521],"product_tag":[],"class_list":{"0":"post-35055","1":"product","2":"type-product","3":"status-publish","4":"has-post-thumbnail","6":"product_cat-bols","7":"pa_motivo-fleurs","9":"first","10":"instock","11":"shipping-taxable","12":"product-type-simple"},"acf":[],"_links":{"self":[{"href":"https:\/\/olemosaic.orbitalia.org\/fr\/wp-json\/wp\/v2\/product\/35055","targetHints":{"allow":["GET"]}}],"collection":[{"href":"https:\/\/olemosaic.orbitalia.org\/fr\/wp-json\/wp\/v2\/product"}],"about":[{"href":"https:\/\/olemosaic.orbitalia.org\/fr\/wp-json\/wp\/v2\/types\/product"}],"wp:featuredmedia":[{"embeddable":true,"href":"https:\/\/olemosaic.orbitalia.org\/fr\/wp-json\/wp\/v2\/media\/10665"}],"wp:attachment":[{"href":"https:\/\/olemosaic.orbitalia.org\/fr\/wp-json\/wp\/v2\/media?parent=35055"}],"wp:term":[{"taxonomy":"product_brand","embeddable":true,"href":"https:\/\/olemosaic.orbitalia.org\/fr\/wp-json\/wp\/v2\/product_brand?post=35055"},{"taxonomy":"product_cat","embeddable":true,"href":"https:\/\/olemosaic.orbitalia.org\/fr\/wp-json\/wp\/v2\/product_cat?post=35055"},{"taxonomy":"product_tag","embeddable":true,"href":"https:\/\/olemosaic.orbitalia.org\/fr\/wp-json\/wp\/v2\/product_tag?post=35055"}],"curies":[{"name":"wp","href":"https:\/\/api.w.org\/{rel}","templated":true}]}}