{"id":35051,"date":"2025-02-20T23:36:55","date_gmt":"2025-02-20T22:36:55","guid":{"rendered":"https:\/\/olemosaic.orbitalia.org\/producto\/4-bols-de-coco-de-13-x-6-cm-concha-flechas-camino-de-santiago\/"},"modified":"2025-07-25T18:45:02","modified_gmt":"2025-07-25T16:45:02","slug":"4-bols-en-noix-de-coco-13-x-6-cm-coquille-fleches-chemin-de-compostelle","status":"publish","type":"product","link":"https:\/\/olemosaic.orbitalia.org\/fr\/produit\/4-bols-en-noix-de-coco-13-x-6-cm-coquille-fleches-chemin-de-compostelle\/","title":{"rendered":"4 Bols en noix de coco de 13 x 6 cm. Coquille + fl\u00e8ches. Chemin de Compostelle."},"content":{"rendered":"<p>Ensemble de 4 bols en noix de coco d\u00e9cor\u00e9s de mosa\u00efques du Chemin de Compostelle<\/p>\n<p>Cet ensemble de 4 bols en noix de coco, d&rsquo;une taille id\u00e9ale de 13 x 6 cm, est une repr\u00e9sentation vibrante de la tradition du p\u00e8lerinage du Chemin de Compostelle. Chaque bol poss\u00e8de un design unique qui m\u00e9lange des mosa\u00efques color\u00e9es, dans une magnifique fusion de tons rose, bleu et jaune sur un fond clair. Les motifs distinctifs de coquilles et de fl\u00e8ches, symboles embl\u00e9matiques du chemin, \u00e9voquent l&rsquo;essence du parcours qui attire des milliers de p\u00e8lerins chaque ann\u00e9e.<\/p>\n<p>La finition artisanale de chaque pi\u00e8ce souligne le d\u00e9vouement et le talent des artisans locaux, faisant de ces bols non seulement des objets fonctionnels pour servir des ap\u00e9ritifs, mais aussi des pi\u00e8ces d\u00e9coratives \u00e9vocatrices qui comm\u00e9morent le riche h\u00e9ritage culturel de cette c\u00e9l\u00e8bre route. En utilisant ces bols, les touristes peuvent emporter une partie de l&rsquo;exp\u00e9rience du Chemin de Compostelle chez eux, faisant de cet ensemble un souvenir id\u00e9al pour ceux qui souhaitent se souvenir de leur aventure.<\/p>\n<p>Chez Ol\u00e9 Mosaic, nous proposons cet ensemble comme une excellente option pour les boutiques de cadeaux touristiques qui souhaitent int\u00e9grer des articles authentiques et repr\u00e9sentatifs de l&rsquo;Espagne. Chaque bol est un d\u00e9licieux souvenir qui encapsule la culture, l&rsquo;art et l&rsquo;histoire du Chemin de Compostelle, parfait pour ceux qui recherchent des souvenirs singuliers c\u00e9l\u00e9brant leur voyage.<\/p>\n","protected":false},"excerpt":{"rendered":"<p>Ensemble de 4 bols en noix de coco de 13 x 6 cm, d\u00e9cor\u00e9s de mosa\u00efques color\u00e9es repr\u00e9sentant les symboles du Chemin de Compostelle. Chaque bol pr\u00e9sente un design tr\u00e8s sp\u00e9cial avec des coquilles et des fl\u00e8ches, id\u00e9aux pour se souvenir de ce c\u00e9l\u00e8bre parcours. La finition souligne sa technique artisanale, combinant des tons vibrants de rose, bleu et jaune sur un fond clair, parfaits pour servir des ap\u00e9ritifs ou comme pi\u00e8ces d\u00e9coratives \u00e9voquant l&rsquo;essence du p\u00e8lerinage.<\/p>\n","protected":false},"featured_media":13833,"template":"","meta":{"_acf_changed":false},"product_brand":[],"product_cat":[521],"product_tag":[],"class_list":{"0":"post-35051","1":"product","2":"type-product","3":"status-publish","4":"has-post-thumbnail","6":"product_cat-bols","7":"pa_ciudad-santiago-de-compostela","8":"pa_motivo-coquillages","9":"pa_pais-espana","11":"first","12":"instock","13":"shipping-taxable","14":"product-type-simple"},"acf":[],"_links":{"self":[{"href":"https:\/\/olemosaic.orbitalia.org\/fr\/wp-json\/wp\/v2\/product\/35051","targetHints":{"allow":["GET"]}}],"collection":[{"href":"https:\/\/olemosaic.orbitalia.org\/fr\/wp-json\/wp\/v2\/product"}],"about":[{"href":"https:\/\/olemosaic.orbitalia.org\/fr\/wp-json\/wp\/v2\/types\/product"}],"wp:featuredmedia":[{"embeddable":true,"href":"https:\/\/olemosaic.orbitalia.org\/fr\/wp-json\/wp\/v2\/media\/13833"}],"wp:attachment":[{"href":"https:\/\/olemosaic.orbitalia.org\/fr\/wp-json\/wp\/v2\/media?parent=35051"}],"wp:term":[{"taxonomy":"product_brand","embeddable":true,"href":"https:\/\/olemosaic.orbitalia.org\/fr\/wp-json\/wp\/v2\/product_brand?post=35051"},{"taxonomy":"product_cat","embeddable":true,"href":"https:\/\/olemosaic.orbitalia.org\/fr\/wp-json\/wp\/v2\/product_cat?post=35051"},{"taxonomy":"product_tag","embeddable":true,"href":"https:\/\/olemosaic.orbitalia.org\/fr\/wp-json\/wp\/v2\/product_tag?post=35051"}],"curies":[{"name":"wp","href":"https:\/\/api.w.org\/{rel}","templated":true}]}}