{"id":35049,"date":"2025-02-20T23:36:54","date_gmt":"2025-02-20T22:36:54","guid":{"rendered":"https:\/\/olemosaic.orbitalia.org\/producto\/4-bols-de-coco-de-13-x-6-cm-concha-camino-de-santiago-2\/"},"modified":"2025-07-25T18:35:09","modified_gmt":"2025-07-25T16:35:09","slug":"4-bols-en-noix-de-coco-13-x-6-cm-coquille-chemin-de-compostelle-2","status":"publish","type":"product","link":"https:\/\/olemosaic.orbitalia.org\/fr\/produit\/4-bols-en-noix-de-coco-13-x-6-cm-coquille-chemin-de-compostelle-2\/","title":{"rendered":"4 Bols en noix de coco de 13 x 6 cm. Coquille. Bleu, rose, jaune et blanc. Chemin de Compostelle."},"content":{"rendered":"<p>Ensemble de 4 bols en noix de coco d\u00e9cor\u00e9s de coquillages color\u00e9s du Chemin de Compostelle. Cet ensemble attrayant de bols, chacun d&rsquo;un diam\u00e8tre de 13 cm et d&rsquo;une hauteur de 6 cm, offre une merveilleuse combinaison de fonctionnalit\u00e9 et d&rsquo;esth\u00e9tique. Chaque bol pr\u00e9sente un design unique, orn\u00e9 de couleurs vibrantes telles que le bleu, le rose, le jaune et le blanc, qui \u00e9voquent les paysages et la richesse culturelle que l&rsquo;on trouve tout au long de cet itin\u00e9raire embl\u00e9matique. Fabriqu\u00e9s artisanalement, ces bols se distinguent par leurs d\u00e9tails peints \u00e0 la main, apportant une touche personnelle qui renforce leur authenticit\u00e9 en tant que souvenir.<\/p>\n<p>Les motifs de coquilles, symbole du Chemin de Compostelle, rendent hommage \u00e0 la tradition des p\u00e8lerins qui parcourent des milliers de kilom\u00e8tres en qu\u00eate de spiritualit\u00e9 et d&rsquo;aventure. Ils sont id\u00e9aux comme r\u00e9cipients pour servir des ap\u00e9ritifs lors de r\u00e9unions ou comme \u00e9l\u00e9ments d\u00e9coratifs frappants qui ornent n&rsquo;importe quelle table. Cet ensemble est une excellente option pour les touristes \u00e0 la recherche d&rsquo;un souvenir significatif et repr\u00e9sentatif de l&rsquo;exp\u00e9rience du Chemin.<\/p>\n<p>Chez Ol\u00e9 Mosaic, nous nous sp\u00e9cialisons dans la distribution en gros de souvenirs authentiques, offrant des produits qui c\u00e9l\u00e8brent la culture et la tradition espagnoles. Les bols en noix de coco du Chemin de Compostelle ne sont pas seulement un cadeau parfait, mais aussi un rappel visuel de l&rsquo;un des itin\u00e9raires de p\u00e8lerinage les plus importants au monde.<\/p>\n","protected":false},"excerpt":{"rendered":"<p>Ensemble de 4 bols en noix de coco de 13 x 6 cm, d\u00e9cor\u00e9s de coquillages color\u00e9s repr\u00e9sentant le Chemin de Compostelle. Chaque bol pr\u00e9sente un design tr\u00e8s sp\u00e9cial avec des couleurs vibrantes comme le bleu, le rose, le jaune et le blanc, soulignant un style artistique et authentique. La technique employ\u00e9e inclut des d\u00e9tails peints \u00e0 la main, ce qui apporte une touche personnelle et unique \u00e0 chaque pi\u00e8ce. Parfaits pour servir des ap\u00e9ritifs ou comme \u00e9l\u00e9ment d\u00e9coratif, ces bols sont un hommage \u00e0 la tradition et \u00e0 la culture de l&#8217;embl\u00e9matique Chemin.<\/p>\n","protected":false},"featured_media":13832,"template":"","meta":{"_acf_changed":false},"product_brand":[],"product_cat":[521],"product_tag":[],"class_list":{"0":"post-35049","1":"product","2":"type-product","3":"status-publish","4":"has-post-thumbnail","6":"product_cat-bols","7":"pa_ciudad-santiago-de-compostela","8":"pa_motivo-coquillages","9":"pa_pais-espana","11":"first","12":"instock","13":"shipping-taxable","14":"product-type-simple"},"acf":[],"_links":{"self":[{"href":"https:\/\/olemosaic.orbitalia.org\/fr\/wp-json\/wp\/v2\/product\/35049","targetHints":{"allow":["GET"]}}],"collection":[{"href":"https:\/\/olemosaic.orbitalia.org\/fr\/wp-json\/wp\/v2\/product"}],"about":[{"href":"https:\/\/olemosaic.orbitalia.org\/fr\/wp-json\/wp\/v2\/types\/product"}],"wp:featuredmedia":[{"embeddable":true,"href":"https:\/\/olemosaic.orbitalia.org\/fr\/wp-json\/wp\/v2\/media\/13832"}],"wp:attachment":[{"href":"https:\/\/olemosaic.orbitalia.org\/fr\/wp-json\/wp\/v2\/media?parent=35049"}],"wp:term":[{"taxonomy":"product_brand","embeddable":true,"href":"https:\/\/olemosaic.orbitalia.org\/fr\/wp-json\/wp\/v2\/product_brand?post=35049"},{"taxonomy":"product_cat","embeddable":true,"href":"https:\/\/olemosaic.orbitalia.org\/fr\/wp-json\/wp\/v2\/product_cat?post=35049"},{"taxonomy":"product_tag","embeddable":true,"href":"https:\/\/olemosaic.orbitalia.org\/fr\/wp-json\/wp\/v2\/product_tag?post=35049"}],"curies":[{"name":"wp","href":"https:\/\/api.w.org\/{rel}","templated":true}]}}