{"id":35028,"date":"2025-02-20T23:36:54","date_gmt":"2025-02-20T22:36:54","guid":{"rendered":"https:\/\/olemosaic.orbitalia.org\/producto\/4-bols-de-coco-de-13-x-6-cm-caballito-de-mar-gran-canaria-3\/"},"modified":"2025-07-25T19:15:10","modified_gmt":"2025-07-25T17:15:10","slug":"4-bols-noix-de-coco-13-x-6-cm-hippocampe-gran-canaria-3","status":"publish","type":"product","link":"https:\/\/olemosaic.orbitalia.org\/fr\/produit\/4-bols-noix-de-coco-13-x-6-cm-hippocampe-gran-canaria-3\/","title":{"rendered":"4 Bols en noix de coco de 13 x 6 cm. Hippocampe. Mosa\u00efque. Gran Canaria."},"content":{"rendered":"<p>Lot de 4 bols en noix de coco d\u00e9cor\u00e9s d&rsquo;hippocampes, un souvenir authentique et vibrant de Gran Canaria, parfait pour les amateurs d&rsquo;artisanat canarien. Chaque bol, d&rsquo;un diam\u00e8tre de 13 cm et d&rsquo;une hauteur de 6 cm, est m\u00e9ticuleusement peint \u00e0 la main, affichant un design plein de couleurs chaudes et joyeuses. Les motifs d&rsquo;hippocampes, repr\u00e9sent\u00e9s en relief, \u00e9voquent la riche vie marine des Canaries, symbolisant la connexion de cette r\u00e9gion avec l&rsquo;oc\u00e9an.<\/p>\n<p>Les bols pr\u00e9sentent des mosa\u00efques de couleurs qui compl\u00e8tent les d\u00e9tails en relief, cr\u00e9ant un ensemble harmonieux qui capture l&rsquo;essence du folklore canarien. Parfaits pour servir des ap\u00e9ritifs ou simplement comme \u00e9l\u00e9ments d\u00e9coratifs, ces bols ajoutent une touche de charme tropical \u00e0 n&rsquo;importe quelle ambiance. Leur authenticit\u00e9 et la finition artisanale en font des souvenirs id\u00e9aux pour les touristes et les amateurs de la culture canarienne qui souhaitent emporter un morceau de l&rsquo;\u00eele chez eux.<\/p>\n<p>Chez Ol\u00e9 Mosaic, nous nous sp\u00e9cialisons dans la distribution de souvenirs en gros, proposant des produits artisanaux qui mettent en valeur la diversit\u00e9 culturelle de l&rsquo;Espagne. Ce lot de bols en noix de coco n&rsquo;est pas seulement id\u00e9al pour les boutiques de cadeaux touristiques, mais repr\u00e9sente \u00e9galement une excellente option pour ceux qui souhaitent offrir \u00e0 leurs clients des souvenirs uniques et de qualit\u00e9.<\/p>\n","protected":false},"excerpt":{"rendered":"<p>Lot de 4 bols en noix de coco, chacun d&rsquo;un diam\u00e8tre de 13 cm et d&rsquo;une hauteur de 6 cm, d\u00e9cor\u00e9s de motifs color\u00e9s d&rsquo;hippocampes. Ces \u00e9l\u00e9gants bols, inspir\u00e9s par la beaut\u00e9 de Gran Canaria, pr\u00e9sentent un design artisanal soign\u00e9, peint \u00e0 la main, ainsi qu&rsquo;un design vibrant avec des mosa\u00efques de couleurs et des d\u00e9tails en relief. Ils sont parfaits comme \u00e9l\u00e9ment d\u00e9coratif ou pour servir des ap\u00e9ritifs, et refl\u00e8tent le charme du folklore canarien avec ses tons chauds et ses motifs marins distinctifs.<\/p>\n","protected":false},"featured_media":10702,"template":"","meta":{"_acf_changed":false},"product_brand":[],"product_cat":[521],"product_tag":[530],"class_list":{"0":"post-35028","1":"product","2":"type-product","3":"status-publish","4":"has-post-thumbnail","6":"product_cat-bols","7":"product_tag-animaux","8":"pa_ciudad-gran-canaria","9":"pa_motivo-hippocampes","10":"pa_pais-espana","12":"first","13":"instock","14":"shipping-taxable","15":"product-type-simple"},"acf":[],"_links":{"self":[{"href":"https:\/\/olemosaic.orbitalia.org\/fr\/wp-json\/wp\/v2\/product\/35028","targetHints":{"allow":["GET"]}}],"collection":[{"href":"https:\/\/olemosaic.orbitalia.org\/fr\/wp-json\/wp\/v2\/product"}],"about":[{"href":"https:\/\/olemosaic.orbitalia.org\/fr\/wp-json\/wp\/v2\/types\/product"}],"wp:featuredmedia":[{"embeddable":true,"href":"https:\/\/olemosaic.orbitalia.org\/fr\/wp-json\/wp\/v2\/media\/10702"}],"wp:attachment":[{"href":"https:\/\/olemosaic.orbitalia.org\/fr\/wp-json\/wp\/v2\/media?parent=35028"}],"wp:term":[{"taxonomy":"product_brand","embeddable":true,"href":"https:\/\/olemosaic.orbitalia.org\/fr\/wp-json\/wp\/v2\/product_brand?post=35028"},{"taxonomy":"product_cat","embeddable":true,"href":"https:\/\/olemosaic.orbitalia.org\/fr\/wp-json\/wp\/v2\/product_cat?post=35028"},{"taxonomy":"product_tag","embeddable":true,"href":"https:\/\/olemosaic.orbitalia.org\/fr\/wp-json\/wp\/v2\/product_tag?post=35028"}],"curies":[{"name":"wp","href":"https:\/\/api.w.org\/{rel}","templated":true}]}}