{"id":35027,"date":"2025-02-20T22:36:54","date_gmt":"2025-02-20T22:36:54","guid":{"rendered":"https:\/\/olemosaic.orbitalia.org\/producto\/4-bols-de-coco-de-13-x-6-cm-isla-salamandra-tenerife\/"},"modified":"2025-07-25T18:50:52","modified_gmt":"2025-07-25T16:50:52","slug":"4-bols-noix-de-coco-13-x-6-cm-ile-salamandre-tenerife","status":"publish","type":"product","link":"https:\/\/olemosaic.orbitalia.org\/fr\/produit\/4-bols-noix-de-coco-13-x-6-cm-ile-salamandre-tenerife\/","title":{"rendered":"4 Bols en noix de coco de 13 x 6 cm. \u00cele + salamandre. Tenerife."},"content":{"rendered":"<p>Lot de 4 bols en noix de coco de Tenerife<\/p>\n<p>D\u00e9couvrez le charmant lot de 4 bols en noix de coco, id\u00e9al pour ceux qui souhaitent emporter un petit morceau de l&rsquo;\u00eele magique de Tenerife. Chaque bol, de 13 x 6 cm, est m\u00e9ticuleusement d\u00e9cor\u00e9 d&rsquo;un design vibrant qui refl\u00e8te la riche culture canarienne. L&rsquo;ext\u00e9rieur arbore une mosa\u00efque complexe de couleurs rose, bleu et jaune qui attire l&rsquo;attention, tandis qu&rsquo;au fond de chaque r\u00e9cipient, un motif distinctif de salamandre et le texte \u00ab\u00a0TENERIFE\u00a0\u00bb soulignent son authenticit\u00e9.<\/p>\n<p>Ces bols sont parfaits pour servir des ap\u00e9ritifs lors de r\u00e9unions, mais fonctionnent \u00e9galement comme des \u00e9l\u00e9ments d\u00e9coratifs attrayants dans n&rsquo;importe quel espace. La salamandre, symbole embl\u00e9matique de l&rsquo;\u00eele, s&rsquo;entrelace avec une combinaison de couleurs qui \u00e9voque la beaut\u00e9 naturelle de Tenerife, faisant de chaque bol une pi\u00e8ce unique et un souvenir repr\u00e9sentatif de la r\u00e9gion.<\/p>\n<p>Le lot de bols en noix de coco est un excellent souvenir pour les touristes en qu\u00eate d&rsquo;authenticit\u00e9 et de connexion culturelle. Chez Ol\u00e9 Mosaic, nous nous sp\u00e9cialisons dans la distribution de souvenirs en gros, garantissant que chaque pi\u00e8ce que nous proposons est un reflet fid\u00e8le de la culture canarienne. Ce lot est une option id\u00e9ale pour les boutiques de cadeaux touristiques souhaitant proposer des produits de qualit\u00e9, qui ne sont pas seulement fonctionnels, mais racontent aussi une histoire. Profitez de cette opportunit\u00e9 pour enrichir votre catalogue avec des souvenirs authentiques de Tenerife !<\/p>\n","protected":false},"excerpt":{"rendered":"<p>Lot de 4 bols en noix de coco de 13 x 6 cm, d\u00e9cor\u00e9s d&rsquo;un design vibrant inspir\u00e9 de l&rsquo;\u00eele de Tenerife. Chaque bol pr\u00e9sente une d\u00e9licate mosa\u00efque de couleurs, avec des tons roses, bleus et jaunes, cr\u00e9ant un effet visuel attrayant. Au fond, un motif distinctif de salamandre et le texte \u00ab\u00a0TENERIFE\u00a0\u00bb ajoutent une touche authentique. Id\u00e9aux pour servir des ap\u00e9ritifs ou comme \u00e9l\u00e9ment d\u00e9coratif, ces bols sont une fid\u00e8le repr\u00e9sentation de la culture canarienne.<\/p>\n","protected":false},"featured_media":12118,"template":"","meta":{"_acf_changed":false},"product_brand":[],"product_cat":[521],"product_tag":[530],"class_list":{"0":"post-35027","1":"product","2":"type-product","3":"status-publish","4":"has-post-thumbnail","6":"product_cat-bols","7":"product_tag-animaux","8":"pa_ciudad-tenerife","9":"pa_motivo-iles","10":"pa_pais-espana","12":"first","13":"instock","14":"shipping-taxable","15":"product-type-simple"},"acf":[],"_links":{"self":[{"href":"https:\/\/olemosaic.orbitalia.org\/fr\/wp-json\/wp\/v2\/product\/35027","targetHints":{"allow":["GET"]}}],"collection":[{"href":"https:\/\/olemosaic.orbitalia.org\/fr\/wp-json\/wp\/v2\/product"}],"about":[{"href":"https:\/\/olemosaic.orbitalia.org\/fr\/wp-json\/wp\/v2\/types\/product"}],"wp:featuredmedia":[{"embeddable":true,"href":"https:\/\/olemosaic.orbitalia.org\/fr\/wp-json\/wp\/v2\/media\/12118"}],"wp:attachment":[{"href":"https:\/\/olemosaic.orbitalia.org\/fr\/wp-json\/wp\/v2\/media?parent=35027"}],"wp:term":[{"taxonomy":"product_brand","embeddable":true,"href":"https:\/\/olemosaic.orbitalia.org\/fr\/wp-json\/wp\/v2\/product_brand?post=35027"},{"taxonomy":"product_cat","embeddable":true,"href":"https:\/\/olemosaic.orbitalia.org\/fr\/wp-json\/wp\/v2\/product_cat?post=35027"},{"taxonomy":"product_tag","embeddable":true,"href":"https:\/\/olemosaic.orbitalia.org\/fr\/wp-json\/wp\/v2\/product_tag?post=35027"}],"curies":[{"name":"wp","href":"https:\/\/api.w.org\/{rel}","templated":true}]}}