{"id":35024,"date":"2025-02-20T23:36:53","date_gmt":"2025-02-20T22:36:53","guid":{"rendered":"https:\/\/olemosaic.orbitalia.org\/producto\/4-bols-de-coco-de-13-x-6-cm-tortuga-gran-canaria-2\/"},"modified":"2025-07-25T18:36:09","modified_gmt":"2025-07-25T16:36:09","slug":"4-bols-noix-de-coco-13-x-6-cm-tortue-gran-canaria-2","status":"publish","type":"product","link":"https:\/\/olemosaic.orbitalia.org\/fr\/produit\/4-bols-noix-de-coco-13-x-6-cm-tortue-gran-canaria-2\/","title":{"rendered":"4 Bols en noix de coco de 13 x 6 cm. Tortue. Mosa\u00efque. Gran Canaria."},"content":{"rendered":"<p>Lot de 4 bols en noix de coco de Gran Canaria<\/p>\n<p>D\u00e9couvrez l&rsquo;essence de l&rsquo;archipel des Canaries avec ce lot de quatre \u00e9l\u00e9gants bols en noix de coco, mesurant chacun 13 x 6 cm, provenant de Gran Canaria. Inspir\u00e9s par l&rsquo;environnement naturel de l&rsquo;\u00eele, ces bols pr\u00e9sentent un design vibrant dans des tons rouges, jaunes, bleus et dor\u00e9s, d\u00e9cor\u00e9s d&rsquo;un motif complexe de tortue qui \u00e9voque la riche faune marine de la r\u00e9gion. L&rsquo;artisanat de chaque pi\u00e8ce refl\u00e8te l&rsquo;h\u00e9ritage culturel des Canaries, alliant beaut\u00e9 et fonctionnalit\u00e9 dans un objet parfait aussi bien pour servir des ap\u00e9ritifs que pour d\u00e9corer n&rsquo;importe quel coin de la maison.<\/p>\n<p>Les finitions brillantes des bols capturent la lumi\u00e8re de mani\u00e8re exquise, cr\u00e9ant un spectacle visuel de couleurs qui attirera l&rsquo;attention de tout visiteur. Cet ensemble ne repr\u00e9sente pas seulement la nature exub\u00e9rante de Gran Canaria, mais rappelle \u00e9galement l&rsquo;engagement des artisans locaux dans l&rsquo;\u00e9laboration de souvenirs authentiques et de qualit\u00e9. Faisant partie du catalogue d&rsquo;Ol\u00e9 Mosaic, ces bols en noix de coco sont un excellent choix pour les boutiques de cadeaux touristiques cherchant \u00e0 offrir des souvenirs authentiques de Gran Canaria. Avec leur charme culturel et visuel, ces bols trouveront une place sp\u00e9ciale dans la m\u00e9moire de ceux qui les acqui\u00e8rent, devenant une option id\u00e9ale pour tout voyageur souhaitant emporter un petit morceau de l&rsquo;\u00eele.<\/p>\n","protected":false},"excerpt":{"rendered":"<p>Bols en noix de coco de 13 x 6 cm inspir\u00e9s par l&rsquo;environnement naturel de Gran Canaria. Ce lot de quatre bols color\u00e9s pr\u00e9sente un design tr\u00e8s sp\u00e9cial dans des tons vibrants de rouge, jaune, bleu et dor\u00e9, d\u00e9cor\u00e9s d&rsquo;un motif de tortue sur la surface. Fabriqu\u00e9 de mani\u00e8re artisanale, chaque bol refl\u00e8te la beaut\u00e9 des traditions canariennes avec une finition brillante, parfait pour servir des ap\u00e9ritifs ou comme \u00e9l\u00e9ment d\u00e9coratif dans n&rsquo;importe quelle maison.<\/p>\n","protected":false},"featured_media":10658,"template":"","meta":{"_acf_changed":false},"product_brand":[],"product_cat":[521],"product_tag":[530],"class_list":{"0":"post-35024","1":"product","2":"type-product","3":"status-publish","4":"has-post-thumbnail","6":"product_cat-bols","7":"product_tag-animaux","8":"pa_ciudad-gran-canaria","9":"pa_motivo-tortues","10":"pa_pais-espana","12":"first","13":"instock","14":"shipping-taxable","15":"product-type-simple"},"acf":[],"_links":{"self":[{"href":"https:\/\/olemosaic.orbitalia.org\/fr\/wp-json\/wp\/v2\/product\/35024","targetHints":{"allow":["GET"]}}],"collection":[{"href":"https:\/\/olemosaic.orbitalia.org\/fr\/wp-json\/wp\/v2\/product"}],"about":[{"href":"https:\/\/olemosaic.orbitalia.org\/fr\/wp-json\/wp\/v2\/types\/product"}],"wp:featuredmedia":[{"embeddable":true,"href":"https:\/\/olemosaic.orbitalia.org\/fr\/wp-json\/wp\/v2\/media\/10658"}],"wp:attachment":[{"href":"https:\/\/olemosaic.orbitalia.org\/fr\/wp-json\/wp\/v2\/media?parent=35024"}],"wp:term":[{"taxonomy":"product_brand","embeddable":true,"href":"https:\/\/olemosaic.orbitalia.org\/fr\/wp-json\/wp\/v2\/product_brand?post=35024"},{"taxonomy":"product_cat","embeddable":true,"href":"https:\/\/olemosaic.orbitalia.org\/fr\/wp-json\/wp\/v2\/product_cat?post=35024"},{"taxonomy":"product_tag","embeddable":true,"href":"https:\/\/olemosaic.orbitalia.org\/fr\/wp-json\/wp\/v2\/product_tag?post=35024"}],"curies":[{"name":"wp","href":"https:\/\/api.w.org\/{rel}","templated":true}]}}