{"id":35013,"date":"2025-02-20T23:36:53","date_gmt":"2025-02-20T22:36:53","guid":{"rendered":"https:\/\/olemosaic.orbitalia.org\/producto\/4-bols-de-coco-de-13-x-6-cm-salamandra-gran-canaria-3\/"},"modified":"2025-07-25T19:30:21","modified_gmt":"2025-07-25T17:30:21","slug":"4-bols-en-noix-de-coco-de-13-x-6-cm-salamandre-grande-canarie-3","status":"publish","type":"product","link":"https:\/\/olemosaic.orbitalia.org\/fr\/produit\/4-bols-en-noix-de-coco-de-13-x-6-cm-salamandre-grande-canarie-3\/","title":{"rendered":"4 Bols en noix de coco de 13 x 6 cm. Salamandre. Grande Canarie."},"content":{"rendered":"<p>Ensemble de 4 bols en noix de coco de Grande Canarie<\/p>\n<p>D\u00e9couvrez cet ensemble vibrant de 4 bols en noix de coco, une magnifique repr\u00e9sentation de la biodiversit\u00e9 de Grande Canarie, id\u00e9al aussi bien pour servir des aliments que pour d\u00e9corer votre maison. Avec des dimensions de 13 x 6 cm, chaque bol se distingue par son design unique, orn\u00e9 de charmantes salamandres, soigneusement r\u00e9alis\u00e9es avec un effet peint \u00e0 la main. La surface brillante et textur\u00e9e pr\u00e9sente des mosa\u00efques color\u00e9es dans des tons bleus, jaunes et roses, cr\u00e9ant un effet visuel captivant qui \u00e9voque la richesse naturelle de l&rsquo;\u00eele.<\/p>\n<p>Chacun des bols inclut l&rsquo;inscription \u00ab\u00a0Gran Canaria\u00a0\u00bb, ce qui renforce leur authenticit\u00e9 et en fait un cadeau id\u00e9al pour ceux qui recherchent des souvenirs repr\u00e9sentatifs de la culture canarienne. Les d\u00e9tails artistiques soulignent le style artisanal qui caract\u00e9rise les produits de la r\u00e9gion, faisant de cet ensemble une option parfaite pour les touristes qui souhaitent ramener un petit morceau de Grande Canarie chez eux.<\/p>\n<p>Chez Ol\u00e9 Mosaic, nous sommes fiers d&rsquo;\u00eatre des distributeurs de souvenirs typiques de haute qualit\u00e9. Cet ensemble de bols en noix de coco est le compl\u00e9ment parfait pour les boutiques de cadeaux touristiques qui recherchent d&rsquo;authentiques produits canariens. Avec leur combinaison attrayante d&rsquo;art et de culture, ces bols ne sont pas seulement utiles, mais aussi m\u00e9morables, id\u00e9aux pour attirer ceux qui cherchent un lien sp\u00e9cial avec leur voyage.<\/p>\n","protected":false},"excerpt":{"rendered":"<p>Bols en noix de coco de 13 x 6 cm, inspir\u00e9s par la biodiversit\u00e9 de Grande Canarie. Ce jeu de quatre bols pr\u00e9sente un design vibrant, orn\u00e9 de motifs de salamandres peints \u00e0 la main et embellis de mosa\u00efques color\u00e9es dans des tons bleus, jaunes et roses. Avec une surface brillante et textur\u00e9e, chaque bol incorpore l&rsquo;inscription \u00ab\u00a0Gran Canaria\u00a0\u00bb, faisant de ces articles une belle repr\u00e9sentation culturelle, id\u00e9ale pour servir ou comme \u00e9l\u00e9ment d\u00e9coratif.<\/p>\n","protected":false},"featured_media":10698,"template":"","meta":{"_acf_changed":false},"product_brand":[],"product_cat":[521],"product_tag":[530],"class_list":{"0":"post-35013","1":"product","2":"type-product","3":"status-publish","4":"has-post-thumbnail","6":"product_cat-bols","7":"product_tag-animaux","8":"pa_ciudad-gran-canaria","9":"pa_motivo-salamandres","10":"pa_pais-espana","12":"first","13":"instock","14":"shipping-taxable","15":"product-type-simple"},"acf":[],"_links":{"self":[{"href":"https:\/\/olemosaic.orbitalia.org\/fr\/wp-json\/wp\/v2\/product\/35013","targetHints":{"allow":["GET"]}}],"collection":[{"href":"https:\/\/olemosaic.orbitalia.org\/fr\/wp-json\/wp\/v2\/product"}],"about":[{"href":"https:\/\/olemosaic.orbitalia.org\/fr\/wp-json\/wp\/v2\/types\/product"}],"wp:featuredmedia":[{"embeddable":true,"href":"https:\/\/olemosaic.orbitalia.org\/fr\/wp-json\/wp\/v2\/media\/10698"}],"wp:attachment":[{"href":"https:\/\/olemosaic.orbitalia.org\/fr\/wp-json\/wp\/v2\/media?parent=35013"}],"wp:term":[{"taxonomy":"product_brand","embeddable":true,"href":"https:\/\/olemosaic.orbitalia.org\/fr\/wp-json\/wp\/v2\/product_brand?post=35013"},{"taxonomy":"product_cat","embeddable":true,"href":"https:\/\/olemosaic.orbitalia.org\/fr\/wp-json\/wp\/v2\/product_cat?post=35013"},{"taxonomy":"product_tag","embeddable":true,"href":"https:\/\/olemosaic.orbitalia.org\/fr\/wp-json\/wp\/v2\/product_tag?post=35013"}],"curies":[{"name":"wp","href":"https:\/\/api.w.org\/{rel}","templated":true}]}}