{"id":35002,"date":"2025-02-20T22:36:52","date_gmt":"2025-02-20T22:36:52","guid":{"rendered":"https:\/\/olemosaic.orbitalia.org\/producto\/vaso-de-chupito-de-vidrio-toro\/"},"modified":"2025-07-25T19:03:21","modified_gmt":"2025-07-25T17:03:21","slug":"verre-a-shot-en-verre-taureau","status":"publish","type":"product","link":"https:\/\/olemosaic.orbitalia.org\/fr\/produit\/verre-a-shot-en-verre-taureau\/","title":{"rendered":"Verre \u00e0 shot en verre. Taureau."},"content":{"rendered":"<p>Nous pr\u00e9sentons un verre \u00e0 shot en verre vibrant qui encapsule l&rsquo;essence de la culture espagnole \u00e0 travers ses illustrations complexes de taureaux, symboles iconiques du patrimoine du pays. Ce verre attrayant pr\u00e9sente trois designs distincts, chacun avec une finition brillante qui fait ressortir sa mosa\u00efque color\u00e9e dans les tons rouge, vert et bleu. La partie sup\u00e9rieure du verre est orn\u00e9e de fleurs d\u00e9licates, cr\u00e9ant un contraste charmant avec l&rsquo;illustration centrale des taureaux, qui repr\u00e9sentent la force et la tradition dans la culture espagnole. Le mot \u00ab\u00a0ESPA\u00d1A\u00a0\u00bb est \u00e9l\u00e9gamment imprim\u00e9, ajoutant une touche d&rsquo;authenticit\u00e9 qui en fait un souvenir id\u00e9al pour les visiteurs souhaitant emporter un morceau de la riche histoire du pays.<\/p>\n<p>Ce verre \u00e0 shot n&rsquo;est pas seulement une pi\u00e8ce d\u00e9corative, mais aussi un accessoire utile pour toute r\u00e9union, capturant la joie et la festivit\u00e9 de l&rsquo;Espagne \u00e0 chaque utilisation. Son design vibrant le rend parfait pour les c\u00e9l\u00e9brations, les d\u00eeners entre amis ou simplement comme \u00e9l\u00e9ment d\u00e9coratif dans la maison. Chez Ol\u00e9 Mosaic, nous proposons cet authentique souvenir d&rsquo;Espagne en gros, id\u00e9al pour les boutiques de cadeaux touristiques recherchant des articles repr\u00e9sentant l&rsquo;essence de la culture locale. Avec sa connexion fid\u00e8le aux traditions espagnoles, ce verre \u00e0 shot n&rsquo;est pas seulement un objet, mais une exp\u00e9rience culturelle, ce qui en fait un excellent cadeau pour les touristes en qu\u00eate de souvenirs authentiques.<\/p>\n","protected":false},"excerpt":{"rendered":"<p>Verre \u00e0 shot en verre orn\u00e9 d&rsquo;illustrations vibrantes de taureaux, symboles iconiques de la culture espagnole. Ce verre color\u00e9 pr\u00e9sente trois designs diff\u00e9rents avec une finition brillante, des motifs de mosa\u00efque dans les tons rouge, vert et bleu, compl\u00e9t\u00e9s par de d\u00e9licates fleurs sur la partie sup\u00e9rieure et le mot \u00ab\u00a0ESPA\u00d1A\u00a0\u00bb imprim\u00e9. Parfait pour un usage domestique et pour \u00e9voquer les traditions et festivit\u00e9s de l&rsquo;Espagne.<\/p>\n","protected":false},"featured_media":7500,"template":"","meta":{"_acf_changed":false},"product_brand":[],"product_cat":[814],"product_tag":[530],"class_list":{"0":"post-35002","1":"product","2":"type-product","3":"status-publish","4":"has-post-thumbnail","6":"product_cat-verres-a-shot","7":"product_tag-animaux","8":"pa_motivo-taureaux","10":"first","11":"instock","12":"shipping-taxable","13":"product-type-simple"},"acf":[],"_links":{"self":[{"href":"https:\/\/olemosaic.orbitalia.org\/fr\/wp-json\/wp\/v2\/product\/35002","targetHints":{"allow":["GET"]}}],"collection":[{"href":"https:\/\/olemosaic.orbitalia.org\/fr\/wp-json\/wp\/v2\/product"}],"about":[{"href":"https:\/\/olemosaic.orbitalia.org\/fr\/wp-json\/wp\/v2\/types\/product"}],"wp:featuredmedia":[{"embeddable":true,"href":"https:\/\/olemosaic.orbitalia.org\/fr\/wp-json\/wp\/v2\/media\/7500"}],"wp:attachment":[{"href":"https:\/\/olemosaic.orbitalia.org\/fr\/wp-json\/wp\/v2\/media?parent=35002"}],"wp:term":[{"taxonomy":"product_brand","embeddable":true,"href":"https:\/\/olemosaic.orbitalia.org\/fr\/wp-json\/wp\/v2\/product_brand?post=35002"},{"taxonomy":"product_cat","embeddable":true,"href":"https:\/\/olemosaic.orbitalia.org\/fr\/wp-json\/wp\/v2\/product_cat?post=35002"},{"taxonomy":"product_tag","embeddable":true,"href":"https:\/\/olemosaic.orbitalia.org\/fr\/wp-json\/wp\/v2\/product_tag?post=35002"}],"curies":[{"name":"wp","href":"https:\/\/api.w.org\/{rel}","templated":true}]}}