{"id":35001,"date":"2025-02-20T23:36:52","date_gmt":"2025-02-20T22:36:52","guid":{"rendered":"https:\/\/olemosaic.orbitalia.org\/producto\/llavero-de-madera-letra-k-2\/"},"modified":"2025-07-25T18:54:13","modified_gmt":"2025-07-25T16:54:13","slug":"porte-cles-en-bois-lettre-k-2","status":"publish","type":"product","link":"https:\/\/olemosaic.orbitalia.org\/fr\/produit\/porte-cles-en-bois-lettre-k-2\/","title":{"rendered":"Porte-cl\u00e9s en bois. Lettre K. Noir."},"content":{"rendered":"<p>Nous vous pr\u00e9sentons un porte-cl\u00e9s en bois avec la lettre \u00ab\u00a0K\u00a0\u00bb, une pi\u00e8ce embl\u00e9matique qui fusionne la fonctionnalit\u00e9 avec l&rsquo;art vibrant de la c\u00e9ramique espagnole. Ce porte-cl\u00e9s attrayant se distingue par son design unique et color\u00e9, orn\u00e9 de motifs typiques de la c\u00e9ramique, \u00e9voquant le c\u00e9l\u00e8bre style azulejo qui caract\u00e9rise de nombreuses r\u00e9gions d&rsquo;Espagne, particuli\u00e8rement l&rsquo;Andalousie et Lisbonne. Sa palette vibrante de rouges, bleus et jaunes cr\u00e9e un effet visuel captivant qui attirera sans aucun doute l&rsquo;attention.<\/p>\n<p>La lettre \u00ab\u00a0K\u00a0\u00bb est d\u00e9tour\u00e9e en noir, ce qui souligne sa forme stylis\u00e9e et artistique, faisant de ce porte-cl\u00e9s un cadeau personnalis\u00e9 id\u00e9al ou un accessoire distinctif pour vos cl\u00e9s. Ce souvenir n&rsquo;est pas seulement utile, il est aussi un charmant rappel du riche h\u00e9ritage culturel qu&rsquo;il repr\u00e9sente. L&rsquo;artisanat derri\u00e8re ce produit refl\u00e8te la tradition de la d\u00e9coration c\u00e9ramique, qui a \u00e9t\u00e9 un symbole du patrimoine espagnol \u00e0 travers les si\u00e8cles.<\/p>\n<p>Id\u00e9al pour les touristes et les voyageurs, ce porte-cl\u00e9s est une excellente option pour ceux qui recherchent des souvenirs authentiques capturant l&rsquo;essence de leur visite. Chez Ol\u00e9 Mosaic, nous nous sp\u00e9cialisons dans la distribution de souvenirs en gros, et ce porte-cl\u00e9s en bois est un choix parfait pour les boutiques de cadeaux touristiques souhaitant offrir une pi\u00e8ce d&rsquo;Espagne combinant design, utilit\u00e9 et authenticit\u00e9.<\/p>\n","protected":false},"excerpt":{"rendered":"<p>Porte-cl\u00e9s en bois avec la lettre \u00ab\u00a0K\u00a0\u00bb, orn\u00e9 de motifs color\u00e9s de c\u00e9ramique typique. Ce porte-cl\u00e9s \u00e9l\u00e9gant pr\u00e9sente un design vibrant dans les tons rouges, bleus et jaunes, \u00e9voquant le c\u00e9l\u00e8bre style azulejo espagnol. La lettre \u00ab\u00a0K\u00a0\u00bb est d\u00e9tour\u00e9e en noir, soulignant sa forme artistique. Id\u00e9al pour personnaliser vos cl\u00e9s ou comme cadeau unique refl\u00e9tant le patrimoine culturel. Un souvenir parfait qui combine fonctionnalit\u00e9 et beaut\u00e9.<\/p>\n","protected":false},"featured_media":9601,"template":"","meta":{"_acf_changed":false},"product_brand":[],"product_cat":[607],"product_tag":[614],"class_list":{"0":"post-35001","1":"product","2":"type-product","3":"status-publish","4":"has-post-thumbnail","6":"product_cat-porte-cles","7":"product_tag-lettres","8":"pa_motivo-lettre-k","10":"first","11":"instock","12":"shipping-taxable","13":"product-type-simple"},"acf":[],"_links":{"self":[{"href":"https:\/\/olemosaic.orbitalia.org\/fr\/wp-json\/wp\/v2\/product\/35001","targetHints":{"allow":["GET"]}}],"collection":[{"href":"https:\/\/olemosaic.orbitalia.org\/fr\/wp-json\/wp\/v2\/product"}],"about":[{"href":"https:\/\/olemosaic.orbitalia.org\/fr\/wp-json\/wp\/v2\/types\/product"}],"wp:featuredmedia":[{"embeddable":true,"href":"https:\/\/olemosaic.orbitalia.org\/fr\/wp-json\/wp\/v2\/media\/9601"}],"wp:attachment":[{"href":"https:\/\/olemosaic.orbitalia.org\/fr\/wp-json\/wp\/v2\/media?parent=35001"}],"wp:term":[{"taxonomy":"product_brand","embeddable":true,"href":"https:\/\/olemosaic.orbitalia.org\/fr\/wp-json\/wp\/v2\/product_brand?post=35001"},{"taxonomy":"product_cat","embeddable":true,"href":"https:\/\/olemosaic.orbitalia.org\/fr\/wp-json\/wp\/v2\/product_cat?post=35001"},{"taxonomy":"product_tag","embeddable":true,"href":"https:\/\/olemosaic.orbitalia.org\/fr\/wp-json\/wp\/v2\/product_tag?post=35001"}],"curies":[{"name":"wp","href":"https:\/\/api.w.org\/{rel}","templated":true}]}}