{"id":34999,"date":"2025-02-20T23:36:52","date_gmt":"2025-02-20T22:36:52","guid":{"rendered":"https:\/\/olemosaic.orbitalia.org\/producto\/4-bols-de-coco-de-13-x-6-cm-delfin-4\/"},"modified":"2025-07-25T20:09:46","modified_gmt":"2025-07-25T18:09:46","slug":"4-bols-en-noix-de-coco-de-13-x-6-cm-dauphin-4","status":"publish","type":"product","link":"https:\/\/olemosaic.orbitalia.org\/fr\/produit\/4-bols-en-noix-de-coco-de-13-x-6-cm-dauphin-4\/","title":{"rendered":"4 Bols en noix de coco de 13 x 6 cm. Finition brillante. Dauphin."},"content":{"rendered":"<p>Nous vous pr\u00e9sentons nos exquis bols en noix de coco d\u00e9cor\u00e9s de dauphins, une collection impressionnante qui capture l&rsquo;essence de la mer et la fra\u00eecheur de la vie marine. Chaque bol, mesurant 13 x 6 cm, est m\u00e9ticuleusement fabriqu\u00e9 \u00e0 partir de mat\u00e9riau naturel de noix de coco, garantissant une authenticit\u00e9 et une touche organique qui le rendent unique. L&rsquo;int\u00e9rieur de chaque bol pr\u00e9sente une mosa\u00efque vibrante dans les tons bleus, roses, jaunes et blancs, cr\u00e9ant une palette de couleurs qui rappelle les eaux cristallines et la beaut\u00e9 magn\u00e9tique de la c\u00f4te. Au centre de chaque pi\u00e8ce, un \u00e9l\u00e9gant dauphin, symbole d&rsquo;amiti\u00e9 et de libert\u00e9, se distingue par sa finition brillante, apportant un air de sophistication et de joie.<\/p>\n<p>Ces accessoires pratiques sont id\u00e9aux non seulement pour servir des ap\u00e9ritifs de mani\u00e8re stylis\u00e9e, mais aussi comme \u00e9l\u00e9ments d\u00e9coratifs qui rempliront de vie n&rsquo;importe quel foyer, \u00e9voquant la beaut\u00e9 de l&rsquo;oc\u00e9an. Leur design unique et attrayant en fait des souvenirs parfaits pour ceux qui recherchent un souvenir authentique de leur visite, c\u00e9l\u00e9brant la culture c\u00f4ti\u00e8re et la connexion avec la nature. Chez Ol\u00e9 Mosaic, nous sommes fiers d&rsquo;\u00eatre des distributeurs de souvenirs en gros, offrant des produits artisanaux qui se distinguent par leur qualit\u00e9 et leur pertinence culturelle. Les bols en noix de coco sont un choix id\u00e9al pour les boutiques de cadeaux touristiques qui souhaitent proposer des souvenirs mettant en valeur la richesse du patrimoine maritime.<\/p>\n","protected":false},"excerpt":{"rendered":"<p>Bols en noix de coco de 13 x 6 cm d\u00e9cor\u00e9s de dauphins, id\u00e9aux pour donner une touche marine \u00e0 n&rsquo;importe quel foyer. Chaque bol pr\u00e9sente un design unique avec une finition brillante, orn\u00e9 \u00e0 l&rsquo;int\u00e9rieur de mosa\u00efques dans les tons bleus, roses, jaunes et blancs, et un \u00e9l\u00e9gant dauphin au centre. Fabriqu\u00e9s avec un mat\u00e9riau naturel, ces accessoires pratiques sont parfaits pour servir des ap\u00e9ritifs ou comme \u00e9l\u00e9ment d\u00e9coratif, \u00e9voquant la beaut\u00e9 de l&rsquo;oc\u00e9an et de la vie marine.<\/p>\n","protected":false},"featured_media":13831,"template":"","meta":{"_acf_changed":false},"product_brand":[],"product_cat":[521],"product_tag":[530],"class_list":{"0":"post-34999","1":"product","2":"type-product","3":"status-publish","4":"has-post-thumbnail","6":"product_cat-bols","7":"product_tag-animaux","8":"pa_motivo-dauphins","10":"first","11":"instock","12":"shipping-taxable","13":"product-type-simple"},"acf":[],"_links":{"self":[{"href":"https:\/\/olemosaic.orbitalia.org\/fr\/wp-json\/wp\/v2\/product\/34999","targetHints":{"allow":["GET"]}}],"collection":[{"href":"https:\/\/olemosaic.orbitalia.org\/fr\/wp-json\/wp\/v2\/product"}],"about":[{"href":"https:\/\/olemosaic.orbitalia.org\/fr\/wp-json\/wp\/v2\/types\/product"}],"wp:featuredmedia":[{"embeddable":true,"href":"https:\/\/olemosaic.orbitalia.org\/fr\/wp-json\/wp\/v2\/media\/13831"}],"wp:attachment":[{"href":"https:\/\/olemosaic.orbitalia.org\/fr\/wp-json\/wp\/v2\/media?parent=34999"}],"wp:term":[{"taxonomy":"product_brand","embeddable":true,"href":"https:\/\/olemosaic.orbitalia.org\/fr\/wp-json\/wp\/v2\/product_brand?post=34999"},{"taxonomy":"product_cat","embeddable":true,"href":"https:\/\/olemosaic.orbitalia.org\/fr\/wp-json\/wp\/v2\/product_cat?post=34999"},{"taxonomy":"product_tag","embeddable":true,"href":"https:\/\/olemosaic.orbitalia.org\/fr\/wp-json\/wp\/v2\/product_tag?post=34999"}],"curies":[{"name":"wp","href":"https:\/\/api.w.org\/{rel}","templated":true}]}}