{"id":34998,"date":"2025-02-20T23:36:51","date_gmt":"2025-02-20T22:36:51","guid":{"rendered":"https:\/\/olemosaic.orbitalia.org\/producto\/posavasos-de-ceramica-toros-2\/"},"modified":"2025-07-25T18:48:47","modified_gmt":"2025-07-25T16:48:47","slug":"dessous-de-verre-en-ceramique-taureaux-bleu-rouge-jaune","status":"publish","type":"product","link":"https:\/\/olemosaic.orbitalia.org\/fr\/produit\/dessous-de-verre-en-ceramique-taureaux-bleu-rouge-jaune\/","title":{"rendered":"Dessous de verre en c\u00e9ramique. Taureaux. Bleu, rouge et jaune."},"content":{"rendered":"<p>Nous pr\u00e9sentons notre dessous de verre en c\u00e9ramique, d\u00e9cor\u00e9 de la figure embl\u00e9matique du taureau, un souvenir qui renferme l&rsquo;essence vibrante de l&rsquo;Espagne. Ce dessous de verre pr\u00e9sente un design captivant aux couleurs vives telles que le bleu, le rouge et le jaune, offrant une repr\u00e9sentation artistique du taureau, symbole iconique de la culture espagnole. La technique de la mosa\u00efque utilis\u00e9e lui conf\u00e8re une texture unique et attrayante, en faisant une pi\u00e8ce de conversation id\u00e9ale pour n&rsquo;importe quelle table.<\/p>\n<p>Le dessous de verre n&rsquo;est pas seulement fonctionnel, il est aussi une expression d&rsquo;art folklorique, orn\u00e9 d&rsquo;un soleil stylis\u00e9 qui resplendit en arri\u00e8re-plan et ajoute une touche d&rsquo;\u00e9nergie. Les d\u00e9tails floraux qui entourent le taureau apportent fra\u00eecheur et vie, rendant chaque pi\u00e8ce visuellement percutante. Ce design attrayant ne c\u00e9l\u00e8bre pas seulement la tradition de la tauromachie, une pratique culturelle profond\u00e9ment ancr\u00e9e en Espagne, mais refl\u00e8te \u00e9galement la chaleur et la joie de son peuple.<\/p>\n<p>Chez Ol\u00e9 Mosaic, nous nous consacrons \u00e0 la distribution de souvenirs en gros, et ce dessous de verre en c\u00e9ramique est une excellente option pour les boutiques de cadeaux touristiques \u00e0 la recherche d&rsquo;un produit authentique et repr\u00e9sentatif. En tant que grossistes en souvenirs, nous garantissons la qualit\u00e9 et l&rsquo;originalit\u00e9 de chaque article, offrant aux touristes l&rsquo;occasion parfaite d&#8217;emporter un souvenir significatif de leur voyage en Espagne.<\/p>\n","protected":false},"excerpt":{"rendered":"<p>Dessous de verre en c\u00e9ramique d\u00e9cor\u00e9s de la figure embl\u00e9matique du taureau, un motif culturel caract\u00e9ristique de l&rsquo;Espagne. Ces dessous de verre pr\u00e9sentent un design vibrant aux couleurs vives comme le bleu, le rouge et le jaune, rehauss\u00e9 par un soleil stylis\u00e9 en arri\u00e8re-plan. La technique de la mosa\u00efque leur conf\u00e8re une texture unique, et les d\u00e9tails floraux ajoutent une touche de fra\u00eecheur. Ils sont id\u00e9aux pour apporter une touche espagnole \u00e0 votre table.<\/p>\n","protected":false},"featured_media":8552,"template":"","meta":{"_acf_changed":false},"product_brand":[],"product_cat":[812],"product_tag":[530,585],"class_list":{"0":"post-34998","1":"product","2":"type-product","3":"status-publish","4":"has-post-thumbnail","6":"product_cat-sous-verres","7":"product_tag-animaux","8":"product_tag-ceramique","9":"pa_motivo-taureaux","11":"first","12":"instock","13":"shipping-taxable","14":"product-type-simple"},"acf":[],"_links":{"self":[{"href":"https:\/\/olemosaic.orbitalia.org\/fr\/wp-json\/wp\/v2\/product\/34998","targetHints":{"allow":["GET"]}}],"collection":[{"href":"https:\/\/olemosaic.orbitalia.org\/fr\/wp-json\/wp\/v2\/product"}],"about":[{"href":"https:\/\/olemosaic.orbitalia.org\/fr\/wp-json\/wp\/v2\/types\/product"}],"wp:featuredmedia":[{"embeddable":true,"href":"https:\/\/olemosaic.orbitalia.org\/fr\/wp-json\/wp\/v2\/media\/8552"}],"wp:attachment":[{"href":"https:\/\/olemosaic.orbitalia.org\/fr\/wp-json\/wp\/v2\/media?parent=34998"}],"wp:term":[{"taxonomy":"product_brand","embeddable":true,"href":"https:\/\/olemosaic.orbitalia.org\/fr\/wp-json\/wp\/v2\/product_brand?post=34998"},{"taxonomy":"product_cat","embeddable":true,"href":"https:\/\/olemosaic.orbitalia.org\/fr\/wp-json\/wp\/v2\/product_cat?post=34998"},{"taxonomy":"product_tag","embeddable":true,"href":"https:\/\/olemosaic.orbitalia.org\/fr\/wp-json\/wp\/v2\/product_tag?post=34998"}],"curies":[{"name":"wp","href":"https:\/\/api.w.org\/{rel}","templated":true}]}}