{"id":34997,"date":"2025-02-20T22:36:51","date_gmt":"2025-02-20T22:36:51","guid":{"rendered":"https:\/\/olemosaic.orbitalia.org\/producto\/mug-xl-de-ceramica-patio-blanco-13-cm\/"},"modified":"2025-07-25T18:33:22","modified_gmt":"2025-07-25T16:33:22","slug":"mug-xl-en-ceramique-patio-blanc-13-cm","status":"publish","type":"product","link":"https:\/\/olemosaic.orbitalia.org\/fr\/produit\/mug-xl-en-ceramique-patio-blanc-13-cm\/","title":{"rendered":"Mug XL en c\u00e9ramique. Patio. Blanc. 13 cm."},"content":{"rendered":"<p>Nous vous pr\u00e9sentons notre charmante tasse XL en c\u00e9ramique, d\u00e9cor\u00e9e d&rsquo;un patio andalou vibrant, id\u00e9ale pour ceux qui souhaitent emporter un petit morceau de l&rsquo;essence espagnole chez eux. Avec 13 cm de hauteur, cette tasse se distingue par son design attrayant, qui capture la beaut\u00e9 typique des patios du sud de l&rsquo;Espagne, avec des g\u00e9raniums rouges dans des pots bleus qui font ressortir le paysage color\u00e9. Le contour de la tasse est orn\u00e9 d&rsquo;une porte en fer forg\u00e9, \u00e9voquant l&rsquo;architecture traditionnelle andalouse, tandis que l&rsquo;ambiance est anim\u00e9e par des plantes vertes qui apportent fra\u00eecheur et vitalit\u00e9.<\/p>\n<p>La base blanche de la tasse fait ressortir les couleurs joyeuses et en fait un \u00e9l\u00e9ment pratique et attrayant pour n&rsquo;importe quelle cuisine. Sa finition brillante ajoute non seulement une touche de modernit\u00e9, mais facilite \u00e9galement son nettoyage et son entretien. Cette tasse XL n&rsquo;est pas seulement parfaite pour savourer vos boissons pr\u00e9f\u00e9r\u00e9es, elle constitue \u00e9galement un souvenir exceptionnel qui renforce le lien culturel avec l&rsquo;Andalousie et son incroyable folklore.<\/p>\n<p>Chez Ol\u00e9 Mosaic, nous nous sp\u00e9cialisons dans la distribution de souvenirs en gros, et cette tasse est une excellente option pour les boutiques de cadeaux touristiques cherchant \u00e0 proposer des articles repr\u00e9sentant l&rsquo;authenticit\u00e9 de l&rsquo;Espagne. Id\u00e9ale pour ceux qui recherchent des souvenirs distinctifs et attrayants, notre tasse andalouse est une c\u00e9l\u00e9bration du patrimoine culturel espagnol et une fa\u00e7on unique de revivre ces moments sp\u00e9ciaux \u00e0 chaque gorg\u00e9e.<\/p>\n","protected":false},"excerpt":{"rendered":"<p>Mug XL en c\u00e9ramique d\u00e9cor\u00e9 d&rsquo;un charmant patio andalou, id\u00e9al pour revivre l&rsquo;essence de l&rsquo;Espagne \u00e0 chaque gorg\u00e9e. D&rsquo;une hauteur de 13 cm, il pr\u00e9sente un design vibrant avec des g\u00e9raniums rouges dans des pots bleus, une porte en fer forg\u00e9 et une ambiance remplie de plantes vertes. La base blanche fait ressortir les couleurs joyeuses et est compl\u00e9t\u00e9e par une finition brillante, ce qui en fait un \u00e9l\u00e9ment pratique et attrayant, parfait pour n&rsquo;importe quelle cuisine ou pour offrir.<\/p>\n","protected":false},"featured_media":8910,"template":"","meta":{"_acf_changed":false},"product_brand":[],"product_cat":[728],"product_tag":[585],"class_list":{"0":"post-34997","1":"product","2":"type-product","3":"status-publish","4":"has-post-thumbnail","6":"product_cat-mugs","7":"product_tag-ceramique","8":"pa_motivo-cours-interieures","10":"first","11":"instock","12":"shipping-taxable","13":"product-type-simple"},"acf":[],"_links":{"self":[{"href":"https:\/\/olemosaic.orbitalia.org\/fr\/wp-json\/wp\/v2\/product\/34997","targetHints":{"allow":["GET"]}}],"collection":[{"href":"https:\/\/olemosaic.orbitalia.org\/fr\/wp-json\/wp\/v2\/product"}],"about":[{"href":"https:\/\/olemosaic.orbitalia.org\/fr\/wp-json\/wp\/v2\/types\/product"}],"wp:featuredmedia":[{"embeddable":true,"href":"https:\/\/olemosaic.orbitalia.org\/fr\/wp-json\/wp\/v2\/media\/8910"}],"wp:attachment":[{"href":"https:\/\/olemosaic.orbitalia.org\/fr\/wp-json\/wp\/v2\/media?parent=34997"}],"wp:term":[{"taxonomy":"product_brand","embeddable":true,"href":"https:\/\/olemosaic.orbitalia.org\/fr\/wp-json\/wp\/v2\/product_brand?post=34997"},{"taxonomy":"product_cat","embeddable":true,"href":"https:\/\/olemosaic.orbitalia.org\/fr\/wp-json\/wp\/v2\/product_cat?post=34997"},{"taxonomy":"product_tag","embeddable":true,"href":"https:\/\/olemosaic.orbitalia.org\/fr\/wp-json\/wp\/v2\/product_tag?post=34997"}],"curies":[{"name":"wp","href":"https:\/\/api.w.org\/{rel}","templated":true}]}}