{"id":34995,"date":"2025-02-20T22:36:51","date_gmt":"2025-02-20T22:36:51","guid":{"rendered":"https:\/\/olemosaic.orbitalia.org\/producto\/4-bols-de-coco-de-13-x-6-cm-isla-fuerteventura\/"},"modified":"2025-07-25T19:54:19","modified_gmt":"2025-07-25T17:54:19","slug":"4-bols-en-noix-de-coco-de-13-x-6-cm-ile-fuerteventura","status":"publish","type":"product","link":"https:\/\/olemosaic.orbitalia.org\/fr\/produit\/4-bols-en-noix-de-coco-de-13-x-6-cm-ile-fuerteventura\/","title":{"rendered":"4 Bols en noix de coco de 13 x 6 cm. \u00cele. Fuerteventura."},"content":{"rendered":"<p>Nous pr\u00e9sentons notre ensemble de quatre bols en noix de coco d\u00e9cor\u00e9s de motifs distinctifs de Fuerteventura, une expression authentique de l&rsquo;art canarien. Chaque bol, de 13 x 6 cm, met en avant des couleurs vibrantes telles que le bleu, le rose, l&rsquo;orange et le blanc, qui \u00e9voquent la beaut\u00e9 naturelle de l&rsquo;\u00eele. Les motifs \u00e0 pois, soigneusement con\u00e7us, apportent une touche contemporaine et joyeuse, faisant de chaque pi\u00e8ce non seulement un objet fonctionnel, mais aussi une \u0153uvre d&rsquo;art d\u00e9corative qui ravira ceux qui recherchent des souvenirs repr\u00e9sentatifs de leur voyage.<\/p>\n<p>Les bols pr\u00e9sentent la silhouette embl\u00e9matique de Fuerteventura, soulignant leur lien culturel avec l&rsquo;\u00eele et offrant une fa\u00e7on unique de ramener un morceau de cette destination chez soi. Ils sont l\u00e9gers et r\u00e9sistants, id\u00e9aux pour servir des ap\u00e9ritifs ou comme \u00e9l\u00e9ment d&rsquo;une d\u00e9coration vibrante. Ce produit ne c\u00e9l\u00e8bre pas seulement la richesse du paysage canarien, mais repr\u00e9sente \u00e9galement une option exceptionnelle pour les touristes \u00e0 la recherche de souvenirs authentiques et culturellement significatifs.<\/p>\n<p>Chez Ol\u00e9 Mosaic, nous nous sp\u00e9cialisons dans la distribution de souvenirs en gros, garantissant l&rsquo;authenticit\u00e9 et la qualit\u00e9 de nos produits canariens. Cet ensemble de bols en noix de coco est un choix parfait pour les boutiques de cadeaux touristiques souhaitant offrir \u00e0 leurs clients des souvenirs uniques et color\u00e9s de Fuerteventura. En tant que grossistes en souvenirs, nous proposons des pi\u00e8ces qui allient design, fonctionnalit\u00e9 et un lien culturel fort.<\/p>\n","protected":false},"excerpt":{"rendered":"<p>Bols en noix de coco de 13 x 6 cm, d\u00e9cor\u00e9s de motifs distinctifs de Fuerteventura. Cet ensemble de quatre bols pr\u00e9sente des couleurs vibrantes, comme le bleu, le rose, l&rsquo;orange et le blanc, avec des motifs \u00e0 pois \u00e9voquant la beaut\u00e9 naturelle de l&rsquo;\u00eele. Chacun est l\u00e9ger et r\u00e9sistant, id\u00e9al pour servir des ap\u00e9ritifs ou comme \u00e9l\u00e9ment d\u00e9coratif. Les d\u00e9tails graphiques incluent la silhouette de Fuerteventura, ce qui fait de ce produit un authentique souvenir canarien.<\/p>\n","protected":false},"featured_media":12128,"template":"","meta":{"_acf_changed":false},"product_brand":[],"product_cat":[521],"product_tag":[],"class_list":{"0":"post-34995","1":"product","2":"type-product","3":"status-publish","4":"has-post-thumbnail","6":"product_cat-bols","7":"pa_ciudad-fuerteventura","8":"pa_motivo-iles","9":"pa_pais-espana","11":"first","12":"instock","13":"shipping-taxable","14":"product-type-simple"},"acf":[],"_links":{"self":[{"href":"https:\/\/olemosaic.orbitalia.org\/fr\/wp-json\/wp\/v2\/product\/34995","targetHints":{"allow":["GET"]}}],"collection":[{"href":"https:\/\/olemosaic.orbitalia.org\/fr\/wp-json\/wp\/v2\/product"}],"about":[{"href":"https:\/\/olemosaic.orbitalia.org\/fr\/wp-json\/wp\/v2\/types\/product"}],"wp:featuredmedia":[{"embeddable":true,"href":"https:\/\/olemosaic.orbitalia.org\/fr\/wp-json\/wp\/v2\/media\/12128"}],"wp:attachment":[{"href":"https:\/\/olemosaic.orbitalia.org\/fr\/wp-json\/wp\/v2\/media?parent=34995"}],"wp:term":[{"taxonomy":"product_brand","embeddable":true,"href":"https:\/\/olemosaic.orbitalia.org\/fr\/wp-json\/wp\/v2\/product_brand?post=34995"},{"taxonomy":"product_cat","embeddable":true,"href":"https:\/\/olemosaic.orbitalia.org\/fr\/wp-json\/wp\/v2\/product_cat?post=34995"},{"taxonomy":"product_tag","embeddable":true,"href":"https:\/\/olemosaic.orbitalia.org\/fr\/wp-json\/wp\/v2\/product_tag?post=34995"}],"curies":[{"name":"wp","href":"https:\/\/api.w.org\/{rel}","templated":true}]}}