{"id":34994,"date":"2025-02-20T22:36:51","date_gmt":"2025-02-20T22:36:51","guid":{"rendered":"https:\/\/olemosaic.orbitalia.org\/producto\/libreta-de-80-hojas-panoramica\/"},"modified":"2025-07-25T18:41:59","modified_gmt":"2025-07-25T16:41:59","slug":"carnet-de-80-feuilles-panoramique","status":"publish","type":"product","link":"https:\/\/olemosaic.orbitalia.org\/fr\/produit\/carnet-de-80-feuilles-panoramique\/","title":{"rendered":"Carnet de 80 feuilles. Panoramique."},"content":{"rendered":"<p>Nous vous pr\u00e9sentons notre carnet de 80 feuilles, un hommage color\u00e9 et vibrant \u00e0 la riche culture espagnole. La couverture de ce carnet est une \u0153uvre d&rsquo;art en soi, avec une vue panoramique festive comprenant un cavalier mont\u00e9 sur un \u00e9l\u00e9gant cheval, un taureau espagnol embl\u00e9matique et une guitare, le tout dans un style artistique qui \u00e9voque l&rsquo;essence du folklore et de la tradition de l&rsquo;Espagne. Son design dynamique, avec un fond bleu repr\u00e9sentant le ciel et des nuances vertes symbolisant les champs, en fait non seulement un accessoire pratique, mais aussi une pi\u00e8ce d\u00e9corative qui attire l&rsquo;attention. La fermeture \u00e9lastique rouge ajoute une touche de contraste et de s\u00e9curit\u00e9, en faisant le compagnon id\u00e9al pour consigner vos pens\u00e9es et r\u00e9flexions tout en explorant la beaut\u00e9 de l&rsquo;Espagne. Ce souvenir repr\u00e9sente l&rsquo;authenticit\u00e9 du folklore espagnol et constitue, de plus, un excellent souvenir pour ceux qui cherchent \u00e0 se connecter avec la culture locale. Chez Ol\u00e9 Mosaic, nous sommes fiers de proposer des produits qui refl\u00e8tent la diversit\u00e9 et la richesse culturelle de l&rsquo;Espagne, ce qui fait de ce carnet un souvenir parfait pour les touristes et un atout attrayant pour les boutiques de cadeaux touristiques. En tant que grossistes en souvenirs, nous garantissons la qualit\u00e9 et l&rsquo;originalit\u00e9 de chacun de nos produits, vous assurant de capturer un morceau d&rsquo;Espagne \u00e0 chaque page que vous remplissez.<\/p>\n","protected":false},"excerpt":{"rendered":"<p>Carnet de 80 feuilles avec une vue panoramique vibrante c\u00e9l\u00e9brant la culture espagnole. Sa couverture pr\u00e9sente un design color\u00e9 avec un cavalier \u00e0 cheval, un taureau embl\u00e9matique et une guitare, le tout dans un style artistique \u00e9voquant la tradition et le folklore de l&rsquo;Espagne. Avec une fermeture \u00e9lastique rouge, ce carnet est pratique et d\u00e9coratif, parfait pour exprimer vos pens\u00e9es tout en profitant de l&rsquo;essence espagnole.<\/p>\n","protected":false},"featured_media":11636,"template":"","meta":{"_acf_changed":false},"product_brand":[],"product_cat":[806],"product_tag":[],"class_list":{"0":"post-34994","1":"product","2":"type-product","3":"status-publish","4":"has-post-thumbnail","6":"product_cat-carnets","7":"pa_motivo-panoramas","9":"first","10":"instock","11":"shipping-taxable","12":"product-type-simple"},"acf":[],"_links":{"self":[{"href":"https:\/\/olemosaic.orbitalia.org\/fr\/wp-json\/wp\/v2\/product\/34994","targetHints":{"allow":["GET"]}}],"collection":[{"href":"https:\/\/olemosaic.orbitalia.org\/fr\/wp-json\/wp\/v2\/product"}],"about":[{"href":"https:\/\/olemosaic.orbitalia.org\/fr\/wp-json\/wp\/v2\/types\/product"}],"wp:featuredmedia":[{"embeddable":true,"href":"https:\/\/olemosaic.orbitalia.org\/fr\/wp-json\/wp\/v2\/media\/11636"}],"wp:attachment":[{"href":"https:\/\/olemosaic.orbitalia.org\/fr\/wp-json\/wp\/v2\/media?parent=34994"}],"wp:term":[{"taxonomy":"product_brand","embeddable":true,"href":"https:\/\/olemosaic.orbitalia.org\/fr\/wp-json\/wp\/v2\/product_brand?post=34994"},{"taxonomy":"product_cat","embeddable":true,"href":"https:\/\/olemosaic.orbitalia.org\/fr\/wp-json\/wp\/v2\/product_cat?post=34994"},{"taxonomy":"product_tag","embeddable":true,"href":"https:\/\/olemosaic.orbitalia.org\/fr\/wp-json\/wp\/v2\/product_tag?post=34994"}],"curies":[{"name":"wp","href":"https:\/\/api.w.org\/{rel}","templated":true}]}}