{"id":34985,"date":"2025-02-20T23:36:50","date_gmt":"2025-02-20T22:36:50","guid":{"rendered":"https:\/\/olemosaic.orbitalia.org\/producto\/saleros-de-ceramica-toros-blanco-2\/"},"modified":"2025-07-25T20:14:42","modified_gmt":"2025-07-25T18:14:42","slug":"salieres-en-ceramique-taureaux-blanc-2","status":"publish","type":"product","link":"https:\/\/olemosaic.orbitalia.org\/fr\/produit\/salieres-en-ceramique-taureaux-blanc-2\/","title":{"rendered":"Sali\u00e8res en c\u00e9ramique. Taureaux. Mosa\u00efque. Blanc."},"content":{"rendered":"<p>Nous pr\u00e9sentons les sali\u00e8res en c\u00e9ramique au design vibrant de taureaux, une authentique repr\u00e9sentation de la culture espagnole. Chaque sali\u00e8re, avec une \u00e9l\u00e9gante finition blanche, se distingue par son motif de mosa\u00efque color\u00e9 illustrant un taureau imposant dans une sc\u00e8ne champ\u00eatre, entour\u00e9 de fleurs rouges intenses. La technique de peinture \u00e0 la main utilis\u00e9e sur ces sali\u00e8res souligne magnifiquement les couleurs intenses vert, rouge et bleu, capturant l&rsquo;essence du folklore espagnol et la passion qui \u00e9mane des traditions de la p\u00e9ninsule.<\/p>\n<p>Ce souvenir, qui n&rsquo;est pas seulement pratique mais aussi une \u0153uvre d&rsquo;art, devient le compl\u00e9ment parfait pour n&rsquo;importe quelle table, apportant une touche authentique et distinctive \u00e0 la d\u00e9coration. La figure du taureau, symbole de la force et de la bravoure espagnoles, se dresse comme un rappel du riche patrimonio culturel de l&rsquo;Espagne, particuli\u00e8rement c\u00e9l\u00e9br\u00e9 lors d&rsquo;\u00e9v\u00e9nements tels que les corridas et les festivals locaux. Chez Ol\u00e9 Mosaic, nous nous sp\u00e9cialisons dans la distribution de souvenirs en gros, offrant des pi\u00e8ces uniques qui refl\u00e8tent l&rsquo;authenticit\u00e9 et l&rsquo;art artisanal. Ces sali\u00e8res en c\u00e9ramique sont une excellente option pour les boutiques de cadeaux touristiques \u00e0 la recherche de produits repr\u00e9sentatifs et de qualit\u00e9. En acqu\u00e9rant ces souvenirs de taureaux, vous ne choisissez pas seulement une pi\u00e8ce d\u00e9corative, mais une partie de la culture espagnole que vous pourrez emporter chez vous.<\/p>\n","protected":false},"excerpt":{"rendered":"<p>Sali\u00e8res en c\u00e9ramique au design vibrant de taureaux, inspir\u00e9es de la culture espagnole. Chaque sali\u00e8re pr\u00e9sente une finition blanche et un motif de mosa\u00efque color\u00e9 illustrant un taureau dans une sc\u00e8ne champ\u00eatre, entour\u00e9 de fleurs rouges. La technique de design artisanal, peinte \u00e0 la main, souligne les d\u00e9tails dans des couleurs intenses, comme le vert, le rouge et le bleu, capturant l&rsquo;essence du folklore et la passion des traditions espagnoles. Parfaites pour ajouter une touche d&rsquo;authenticit\u00e9 \u00e0 votre table.<\/p>\n","protected":false},"featured_media":8537,"template":"","meta":{"_acf_changed":false},"product_brand":[],"product_cat":[817],"product_tag":[530,585],"class_list":{"0":"post-34985","1":"product","2":"type-product","3":"status-publish","4":"has-post-thumbnail","6":"product_cat-salieres","7":"product_tag-animaux","8":"product_tag-ceramique","9":"pa_motivo-taureaux","11":"first","12":"instock","13":"shipping-taxable","14":"product-type-simple"},"acf":[],"_links":{"self":[{"href":"https:\/\/olemosaic.orbitalia.org\/fr\/wp-json\/wp\/v2\/product\/34985","targetHints":{"allow":["GET"]}}],"collection":[{"href":"https:\/\/olemosaic.orbitalia.org\/fr\/wp-json\/wp\/v2\/product"}],"about":[{"href":"https:\/\/olemosaic.orbitalia.org\/fr\/wp-json\/wp\/v2\/types\/product"}],"wp:featuredmedia":[{"embeddable":true,"href":"https:\/\/olemosaic.orbitalia.org\/fr\/wp-json\/wp\/v2\/media\/8537"}],"wp:attachment":[{"href":"https:\/\/olemosaic.orbitalia.org\/fr\/wp-json\/wp\/v2\/media?parent=34985"}],"wp:term":[{"taxonomy":"product_brand","embeddable":true,"href":"https:\/\/olemosaic.orbitalia.org\/fr\/wp-json\/wp\/v2\/product_brand?post=34985"},{"taxonomy":"product_cat","embeddable":true,"href":"https:\/\/olemosaic.orbitalia.org\/fr\/wp-json\/wp\/v2\/product_cat?post=34985"},{"taxonomy":"product_tag","embeddable":true,"href":"https:\/\/olemosaic.orbitalia.org\/fr\/wp-json\/wp\/v2\/product_tag?post=34985"}],"curies":[{"name":"wp","href":"https:\/\/api.w.org\/{rel}","templated":true}]}}