{"id":34984,"date":"2025-02-20T23:36:50","date_gmt":"2025-02-20T22:36:50","guid":{"rendered":"https:\/\/olemosaic.orbitalia.org\/producto\/4-bols-de-coco-de-13-x-6-cm-flamenco-6\/"},"modified":"2025-07-25T20:13:52","modified_gmt":"2025-07-25T18:13:52","slug":"4-bols-en-noix-de-coco-de-13-x-6-cm-flamenco-6","status":"publish","type":"product","link":"https:\/\/olemosaic.orbitalia.org\/fr\/produit\/4-bols-en-noix-de-coco-de-13-x-6-cm-flamenco-6\/","title":{"rendered":"4 Bols en noix de coco de 13 x 6 cm. Flamenco. Bleu, rouge, jaune et fuchsia."},"content":{"rendered":"<p>Nous vous pr\u00e9sentons les charmants bols en noix de coco d\u00e9cor\u00e9s de flamencos, une option vibrante et color\u00e9e pour rehausser n&rsquo;importe quel espace. Cet ensemble comprend quatre bols de 13 x 6 cm, soigneusement \u00e9labor\u00e9s avec de la noix de coco peinte \u00e0 la main, ce qui garantit l&rsquo;authenticit\u00e9 et la qualit\u00e9 de chaque pi\u00e8ce. Avec une gamme de couleurs \u00e9clatantes comprenant le bleu, le rouge, le jaune et le fuchsia, chaque bol pr\u00e9sente un design tr\u00e8s sp\u00e9cial de flamencos entour\u00e9s de c\u0153urs, encadr\u00e9s par un \u00e9l\u00e9gant bord noir qui souligne son attrait visuel.<\/p>\n<p>Ces bols ne sont pas seulement parfaits pour servir de petits ap\u00e9ritifs, mais ils constituent \u00e9galement une excellente option d\u00e9corative, capturant l&rsquo;essence joyeuse du folklore espagnol. La repr\u00e9sentation du flamenco, symbole embl\u00e9matique de la culture espagnole, ajoute une touche de joie et de couleur \u00e0 n&rsquo;importe quel environnement, ce qui en fait des souvenirs id\u00e9aux pour les touristes cherchant \u00e0 emporter un souvenir authentique et repr\u00e9sentatif de leur visite. Chez Ol\u00e9 Mosaic, nous sommes des distributeurs de souvenirs qui garantissent des produits de qualit\u00e9 aux boutiques de cadeaux touristiques. Gr\u00e2ce \u00e0 leur design artistique et \u00e0 leur inspiration culturelle, ces bols en noix de coco sont un choix judicieux pour ceux qui souhaitent offrir un petit morceau d&rsquo;Espagne dans chaque foyer.<\/p>\n","protected":false},"excerpt":{"rendered":"<p>Bols en noix de coco de 13 x 6 cm d\u00e9cor\u00e9s de motifs de flamencos, id\u00e9aux pour apporter une touche vibrante et color\u00e9e \u00e0 n&rsquo;importe quel espace. Ces quatre bols, \u00e9labor\u00e9s en noix de coco au design artisanal et peints \u00e0 la main, pr\u00e9sentent une vari\u00e9t\u00e9 de couleurs \u00e9clatantes : bleu, rouge, jaune et fuchsia. Chaque bol affiche un design tr\u00e8s sp\u00e9cial de flamencos avec des c\u0153urs, entour\u00e9s d&rsquo;un bord noir qui souligne son attrait visuel. Parfaits comme souvenir de la culture espagnole ou pour un usage d\u00e9coratif.<\/p>\n","protected":false},"featured_media":13830,"template":"","meta":{"_acf_changed":false},"product_brand":[],"product_cat":[521],"product_tag":[530],"class_list":{"0":"post-34984","1":"product","2":"type-product","3":"status-publish","4":"has-post-thumbnail","6":"product_cat-bols","7":"product_tag-animaux","8":"pa_motivo-flamants-roses","10":"first","11":"instock","12":"shipping-taxable","13":"product-type-simple"},"acf":[],"_links":{"self":[{"href":"https:\/\/olemosaic.orbitalia.org\/fr\/wp-json\/wp\/v2\/product\/34984","targetHints":{"allow":["GET"]}}],"collection":[{"href":"https:\/\/olemosaic.orbitalia.org\/fr\/wp-json\/wp\/v2\/product"}],"about":[{"href":"https:\/\/olemosaic.orbitalia.org\/fr\/wp-json\/wp\/v2\/types\/product"}],"wp:featuredmedia":[{"embeddable":true,"href":"https:\/\/olemosaic.orbitalia.org\/fr\/wp-json\/wp\/v2\/media\/13830"}],"wp:attachment":[{"href":"https:\/\/olemosaic.orbitalia.org\/fr\/wp-json\/wp\/v2\/media?parent=34984"}],"wp:term":[{"taxonomy":"product_brand","embeddable":true,"href":"https:\/\/olemosaic.orbitalia.org\/fr\/wp-json\/wp\/v2\/product_brand?post=34984"},{"taxonomy":"product_cat","embeddable":true,"href":"https:\/\/olemosaic.orbitalia.org\/fr\/wp-json\/wp\/v2\/product_cat?post=34984"},{"taxonomy":"product_tag","embeddable":true,"href":"https:\/\/olemosaic.orbitalia.org\/fr\/wp-json\/wp\/v2\/product_tag?post=34984"}],"curies":[{"name":"wp","href":"https:\/\/api.w.org\/{rel}","templated":true}]}}