{"id":34952,"date":"2025-02-20T23:36:50","date_gmt":"2025-02-20T22:36:50","guid":{"rendered":"https:\/\/olemosaic.orbitalia.org\/producto\/libreta-de-80-hojas-salamandra-fuerteventura-2\/"},"modified":"2025-07-25T19:41:21","modified_gmt":"2025-07-25T17:41:21","slug":"carnet-de-80-pages-salamandre-fuerteventura-motifs-floraux","status":"publish","type":"product","link":"https:\/\/olemosaic.orbitalia.org\/fr\/produit\/carnet-de-80-pages-salamandre-fuerteventura-motifs-floraux\/","title":{"rendered":"Carnet de 80 pages. Salamandre. Fuerteventura. Motifs floraux."},"content":{"rendered":"<p>Nous vous pr\u00e9sentons le carnet d\u00e9cor\u00e9 d&rsquo;un design vibrant inspir\u00e9 de la faune de Fuerteventura, un authentique souvenir de cette magnifique \u00eele des Canaries. Ce carnet de 80 pages arbore une illustration centrale d&rsquo;une \u00e9l\u00e9gante salamandre, repr\u00e9sent\u00e9e dans des tons exub\u00e9rants de vert, rouge et bleu, qui soulignent la richesse naturelle et la biodiversit\u00e9 de Fuerteventura. Le fond, avec une d\u00e9licate mosa\u00efque de couleurs incluant des fleurs rouges et bleues, ajoute une touche artistique et joyeuse, en faisant un objet visuellement attrayant. Sa fermeture \u00e9lastique rouge pratique assure la protection de vos notes et pens\u00e9es, faisant de ce carnet un cadeau fonctionnel et d\u00e9coratif.<\/p>\n<p>Ce souvenir de Fuerteventura est id\u00e9al non seulement pour les amoureux de la nature, mais aussi pour ceux qui appr\u00e9cient l&rsquo;art et la culture insulaire. La salamandre, symbole de l&rsquo;\u00e9cosyst\u00e8me local, repr\u00e9sente la connexion avec la faune autochtone, faisant de ce carnet un souvenir culturel significatif. Chez Ol\u00e9 Mosaic, notre engagement est de fournir des articles authentiques et de haute qualit\u00e9, et ce carnet est une excellente option pour les boutiques de cadeaux touristiques \u00e0 la recherche de produits singuliers et repr\u00e9sentatifs des \u00eeles Canaries. En achetant ce produit, les clients n&#8217;emportent pas seulement un souvenir, mais aussi un petit morceau de la vie et de l&rsquo;art de Fuerteventura.<\/p>\n","protected":false},"excerpt":{"rendered":"<p>Carnet de 80 pages d\u00e9cor\u00e9 d&rsquo;un design vibrant inspir\u00e9 de la faune de Fuerteventura, o\u00f9 se distingue une \u00e9l\u00e9gante salamandre aux tons brillants de vert, rouge et bleu. Le fond pr\u00e9sente une mosa\u00efque de couleurs avec des fleurs rouges et bleues, apportant une touche artistique et joyeuse. Sa fermeture \u00e9lastique rouge garantit la s\u00e9curit\u00e9 de vos notes, en faisant un souvenir pratique et color\u00e9 de cette magnifique \u00eele des Canaries. Id\u00e9al pour les amoureux de la nature et de l&rsquo;art.<\/p>\n","protected":false},"featured_media":12012,"template":"","meta":{"_acf_changed":false},"product_brand":[],"product_cat":[806],"product_tag":[530],"class_list":{"0":"post-34952","1":"product","2":"type-product","3":"status-publish","4":"has-post-thumbnail","6":"product_cat-carnets","7":"product_tag-animaux","8":"pa_ciudad-fuerteventura","9":"pa_motivo-salamandres","10":"pa_pais-espana","12":"first","13":"instock","14":"shipping-taxable","15":"product-type-simple"},"acf":[],"_links":{"self":[{"href":"https:\/\/olemosaic.orbitalia.org\/fr\/wp-json\/wp\/v2\/product\/34952","targetHints":{"allow":["GET"]}}],"collection":[{"href":"https:\/\/olemosaic.orbitalia.org\/fr\/wp-json\/wp\/v2\/product"}],"about":[{"href":"https:\/\/olemosaic.orbitalia.org\/fr\/wp-json\/wp\/v2\/types\/product"}],"wp:featuredmedia":[{"embeddable":true,"href":"https:\/\/olemosaic.orbitalia.org\/fr\/wp-json\/wp\/v2\/media\/12012"}],"wp:attachment":[{"href":"https:\/\/olemosaic.orbitalia.org\/fr\/wp-json\/wp\/v2\/media?parent=34952"}],"wp:term":[{"taxonomy":"product_brand","embeddable":true,"href":"https:\/\/olemosaic.orbitalia.org\/fr\/wp-json\/wp\/v2\/product_brand?post=34952"},{"taxonomy":"product_cat","embeddable":true,"href":"https:\/\/olemosaic.orbitalia.org\/fr\/wp-json\/wp\/v2\/product_cat?post=34952"},{"taxonomy":"product_tag","embeddable":true,"href":"https:\/\/olemosaic.orbitalia.org\/fr\/wp-json\/wp\/v2\/product_tag?post=34952"}],"curies":[{"name":"wp","href":"https:\/\/api.w.org\/{rel}","templated":true}]}}