{"id":34941,"date":"2025-02-20T22:36:48","date_gmt":"2025-02-20T22:36:48","guid":{"rendered":"https:\/\/olemosaic.orbitalia.org\/producto\/funda-de-telefono-para-xiaomi-13-tpu-salamandra-barcelona-negro\/"},"modified":"2025-07-25T20:27:59","modified_gmt":"2025-07-25T18:27:59","slug":"coque-de-telephone-pour-xiaomi-13-tpu-salamandre-barcelone-noir","status":"publish","type":"product","link":"https:\/\/olemosaic.orbitalia.org\/fr\/produit\/coque-de-telephone-pour-xiaomi-13-tpu-salamandre-barcelone-noir\/","title":{"rendered":"Coque de t\u00e9l\u00e9phone pour Xiaomi 13 (TPU). Salamandre. Barcelone. Noir"},"content":{"rendered":"<p>Nous vous pr\u00e9sentons la coque pour le Xiaomi 13, d\u00e9cor\u00e9e d&rsquo;illustrations color\u00e9es de salamandres, un hommage vibrant \u00e0 la culture barcelonaise. Cet accessoire, fabriqu\u00e9 en TPU, offre une protection robuste pour votre appareil. L&rsquo;\u00e9l\u00e9gant fond noir sert de toile parfaite pour faire ressortir les salamandres, qui arborent un motif de mosa\u00efque embl\u00e9matique dans une vari\u00e9t\u00e9 de couleurs \u00e9clatantes, capturant l&rsquo;essence artistique de la ville. Les illustrations sont enrichies de fleurs stylis\u00e9es, qui ajoutent une touche de fra\u00eecheur et de nature, compl\u00e9tant le design de mani\u00e8re harmonieuse.<\/p>\n<p>Ce produit est plus qu&rsquo;une simple coque ; c&rsquo;est un souvenir embl\u00e9matique qui refl\u00e8te le riche h\u00e9ritage culturel de Barcelone, o\u00f9 l&rsquo;art et l&rsquo;architecture s&rsquo;entrelacent dans chaque recoin. Les salamandres, symbole de vie et de cr\u00e9ativit\u00e9, \u00e9voquent les \u0153uvres majestueuses d&rsquo;Antoni Gaud\u00ed, transformant chaque regard en un voyage \u00e0 travers l&rsquo;histoire et la modernit\u00e9 de la ville. Cette coque est une excellente option pour les touristes souhaitant emporter un souvenir unique et fonctionnel, parfaite pour ceux qui recherchent des souvenirs repr\u00e9sentatifs de Barcelone. Chez Ol\u00e9 Mosaic, nous sommes grossistes d&rsquo;accessoires de qualit\u00e9, proposant des produits qui c\u00e9l\u00e8brent la diversit\u00e9 et l&rsquo;authenticit\u00e9 de la culture espagnole, id\u00e9aux pour les boutiques de cadeaux touristiques.<\/p>\n","protected":false},"excerpt":{"rendered":"<p>Coque de t\u00e9l\u00e9phone pour Xiaomi 13 en TPU, orn\u00e9e d&rsquo;illustrations color\u00e9es de salamandres repr\u00e9sentant la vibrante culture barcelonaise. Ce design se d\u00e9tache sur un fond noir, avec des d\u00e9tails peints incluant des salamandres de diverses couleurs et des fleurs stylis\u00e9es. Les salamandres, avec leur motif de mosa\u00efque embl\u00e9matique, ajoutent une touche artistique et contemporaine, faisant de cette coque un choix id\u00e9al pour ceux qui cherchent \u00e0 prot\u00e9ger leur appareil avec un style unique et repr\u00e9sentatif de la ville.<\/p>\n","protected":false},"featured_media":12685,"template":"","meta":{"_acf_changed":false},"product_brand":[],"product_cat":[674],"product_tag":[530],"class_list":{"0":"post-34941","1":"product","2":"type-product","3":"status-publish","4":"has-post-thumbnail","6":"product_cat-etuis-pour-telephones-portables","7":"product_tag-animaux","8":"pa_ciudad-barcelona","9":"pa_motivo-salamandres","10":"pa_pais-espana","12":"first","13":"instock","14":"shipping-taxable","15":"product-type-simple"},"acf":[],"_links":{"self":[{"href":"https:\/\/olemosaic.orbitalia.org\/fr\/wp-json\/wp\/v2\/product\/34941","targetHints":{"allow":["GET"]}}],"collection":[{"href":"https:\/\/olemosaic.orbitalia.org\/fr\/wp-json\/wp\/v2\/product"}],"about":[{"href":"https:\/\/olemosaic.orbitalia.org\/fr\/wp-json\/wp\/v2\/types\/product"}],"wp:featuredmedia":[{"embeddable":true,"href":"https:\/\/olemosaic.orbitalia.org\/fr\/wp-json\/wp\/v2\/media\/12685"}],"wp:attachment":[{"href":"https:\/\/olemosaic.orbitalia.org\/fr\/wp-json\/wp\/v2\/media?parent=34941"}],"wp:term":[{"taxonomy":"product_brand","embeddable":true,"href":"https:\/\/olemosaic.orbitalia.org\/fr\/wp-json\/wp\/v2\/product_brand?post=34941"},{"taxonomy":"product_cat","embeddable":true,"href":"https:\/\/olemosaic.orbitalia.org\/fr\/wp-json\/wp\/v2\/product_cat?post=34941"},{"taxonomy":"product_tag","embeddable":true,"href":"https:\/\/olemosaic.orbitalia.org\/fr\/wp-json\/wp\/v2\/product_tag?post=34941"}],"curies":[{"name":"wp","href":"https:\/\/api.w.org\/{rel}","templated":true}]}}