{"id":34935,"date":"2025-02-20T22:36:47","date_gmt":"2025-02-20T22:36:47","guid":{"rendered":"https:\/\/olemosaic.orbitalia.org\/producto\/funda-de-telefono-para-samsung-a12-tpu-forjas-azul\/"},"modified":"2025-07-25T20:18:34","modified_gmt":"2025-07-25T18:18:34","slug":"coque-de-telephone-pour-samsung-a12-tpu-forges-bleu","status":"publish","type":"product","link":"https:\/\/olemosaic.orbitalia.org\/fr\/produit\/coque-de-telephone-pour-samsung-a12-tpu-forges-bleu\/","title":{"rendered":"Coque de t\u00e9l\u00e9phone pour Samsung A12 (TPU). Forges. Bleu"},"content":{"rendered":"<p>Nous pr\u00e9sentons la coque pour t\u00e9l\u00e9phone Samsung A12, un accessoire indispensable qui fusionne protection et style, fabriqu\u00e9 en TPU de haute qualit\u00e9. Cette coque se distingue par son \u00e9l\u00e9gante couleur bleue, qui \u00e9voque la tranquillit\u00e9 et la beaut\u00e9 du paysage espagnol, tandis que son design est orn\u00e9 de motifs floraux complexes en blanc qui rappellent le riche h\u00e9ritage culturel de l&rsquo;Espagne, en particulier l&rsquo;influence des forges traditionnelles. Chaque trait de la d\u00e9coration souligne la ma\u00eetrise artisanale, transformant cette coque en un v\u00e9ritable hommage \u00e0 l&rsquo;art espagnol.<\/p>\n<p>En plus de prot\u00e9ger efficacement votre appareil, elle ajoute une touche artistique et distinctive, permettant aux utilisateurs de montrer leur appr\u00e9ciation pour l&rsquo;esth\u00e9tique au quotidien. Son design mince et l\u00e9ger garantit une utilisation confortable et stylis\u00e9e, en faisant l&rsquo;option parfaite pour ceux qui recherchent la fonctionnalit\u00e9 sans renoncer au style.<\/p>\n<p>Ce souvenir de la culture espagnole est id\u00e9al pour les touristes et les amateurs de la technique de la forge, soulignant son authenticit\u00e9 en tant que souvenir repr\u00e9sentatif. Chez Ol\u00e9 Mosaic, nous nous engageons \u00e0 offrir des produits uniques qui se connectent \u00e0 l&rsquo;essence de l&rsquo;Espagne, et cette coque pour Samsung A12 est un excellent choix pour les boutiques de cadeaux touristiques \u00e0 la recherche d&rsquo;articles de qualit\u00e9 et de pertinence culturelle.<\/p>\n","protected":false},"excerpt":{"rendered":"<p>Coque pour Samsung A12 fabriqu\u00e9e en TPU, orn\u00e9e d&rsquo;un design de forge dans une \u00e9l\u00e9gante couleur bleue. La d\u00e9coration pr\u00e9sente des motifs floraux complexes en blanc, \u00e9voquant le riche h\u00e9ritage culturel espagnol. Cet accessoire prot\u00e8ge non seulement votre appareil, mais ajoute \u00e9galement une touche artistique et distinctive \u00e0 votre t\u00e9l\u00e9phone. Son design mince et l\u00e9ger permet une utilisation confortable et stylis\u00e9e, id\u00e9al pour ceux qui appr\u00e9cient la beaut\u00e9 au quotidien.<\/p>\n","protected":false},"featured_media":12496,"template":"","meta":{"_acf_changed":false},"product_brand":[],"product_cat":[674],"product_tag":[],"class_list":{"0":"post-34935","1":"product","2":"type-product","3":"status-publish","4":"has-post-thumbnail","6":"product_cat-etuis-pour-telephones-portables","7":"pa_motivo-forges","9":"first","10":"instock","11":"shipping-taxable","12":"product-type-simple"},"acf":[],"_links":{"self":[{"href":"https:\/\/olemosaic.orbitalia.org\/fr\/wp-json\/wp\/v2\/product\/34935","targetHints":{"allow":["GET"]}}],"collection":[{"href":"https:\/\/olemosaic.orbitalia.org\/fr\/wp-json\/wp\/v2\/product"}],"about":[{"href":"https:\/\/olemosaic.orbitalia.org\/fr\/wp-json\/wp\/v2\/types\/product"}],"wp:featuredmedia":[{"embeddable":true,"href":"https:\/\/olemosaic.orbitalia.org\/fr\/wp-json\/wp\/v2\/media\/12496"}],"wp:attachment":[{"href":"https:\/\/olemosaic.orbitalia.org\/fr\/wp-json\/wp\/v2\/media?parent=34935"}],"wp:term":[{"taxonomy":"product_brand","embeddable":true,"href":"https:\/\/olemosaic.orbitalia.org\/fr\/wp-json\/wp\/v2\/product_brand?post=34935"},{"taxonomy":"product_cat","embeddable":true,"href":"https:\/\/olemosaic.orbitalia.org\/fr\/wp-json\/wp\/v2\/product_cat?post=34935"},{"taxonomy":"product_tag","embeddable":true,"href":"https:\/\/olemosaic.orbitalia.org\/fr\/wp-json\/wp\/v2\/product_tag?post=34935"}],"curies":[{"name":"wp","href":"https:\/\/api.w.org\/{rel}","templated":true}]}}