{"id":34931,"date":"2025-02-20T22:36:46","date_gmt":"2025-02-20T22:36:46","guid":{"rendered":"https:\/\/olemosaic.orbitalia.org\/producto\/funda-de-telefono-para-iphone-15-tpu-gato-mallorca-negro\/"},"modified":"2025-07-25T18:58:42","modified_gmt":"2025-07-25T16:58:42","slug":"coque-de-telephone-pour-iphone-15-tpu-chat-majorque-noir","status":"publish","type":"product","link":"https:\/\/olemosaic.orbitalia.org\/fr\/produit\/coque-de-telephone-pour-iphone-15-tpu-chat-majorque-noir\/","title":{"rendered":"Coque de t\u00e9l\u00e9phone pour iPhone 15 (TPU). Chat. Majorque. Noir"},"content":{"rendered":"<p>Nous vous pr\u00e9sentons la coque pour iPhone 15, une pi\u00e8ce unique qui fusionne fonctionnalit\u00e9 et art, con\u00e7ue pour ceux qui souhaitent emporter un souvenir distinctif de Majorque. Fabriqu\u00e9e en TPU r\u00e9sistant, cette coque offre une excellente protection contre les chutes et les rayures, garantissant que votre appareil reste en parfait \u00e9tat. Le design vibrant montre un charmant chat dans une mosa\u00efque de couleurs captivante, qui capture l&rsquo;essence joyeuse et artistique de l&rsquo;\u00eele. Ce chat, sur un fond noir qui rehausse les tons \u00e9clatants de l&rsquo;\u0153uvre, est entour\u00e9 de papillons aux tons vifs qui apportent une touche de dynamisme et de l\u00e9g\u00e8ret\u00e9 \u00e0 la composition visuelle.<\/p>\n<p>Le mot \u00ab\u00a0Mallorca\u00a0\u00bb appara\u00eet \u00e9l\u00e9gamment en bas, ajoutant un sceau d&rsquo;authenticit\u00e9 et de connexion culturelle avec la r\u00e9gion. Cet accessoire n&rsquo;est pas seulement une excellente option pour prot\u00e9ger votre iPhone 15, mais aussi un souvenir attachant de la beaut\u00e9 de la culture majorquine. Chez Ol\u00e9 Mosaic, nous sommes fiers de proposer des souvenirs authentiques qui repr\u00e9sentent le meilleur de chaque r\u00e9gion. Cet article est parfait pour les touristes \u00e0 la recherche de souvenirs authentiques de Majorque et constitue un ajout magnifique pour les boutiques de cadeaux touristiques souhaitant diversifier leur offre avec des produits authentiques et artistiques. Id\u00e9al pour les grossistes d&rsquo;accessoires mobiles qui appr\u00e9cient la qualit\u00e9 et le design unique.<\/p>\n","protected":false},"excerpt":{"rendered":"<p>Coque pour iPhone 15 en TPU, avec un design vibrant d&rsquo;un chat en mosa\u00efque color\u00e9e, inspir\u00e9 de la culture majorquine. La coque, avec un fond noir, fait ressortir les tons \u00e9clatants de l&rsquo;\u0153uvre et montre des papillons volant autour du chat. Cet accessoire, qui en plus de prot\u00e9ger votre appareil lui donne une touche artistique et distinctive, porte le mot \u00ab\u00a0Mallorca\u00a0\u00bb \u00e9l\u00e9gamment \u00e9crit en bas.<\/p>\n","protected":false},"featured_media":12978,"template":"","meta":{"_acf_changed":false},"product_brand":[],"product_cat":[674],"product_tag":[530],"class_list":{"0":"post-34931","1":"product","2":"type-product","3":"status-publish","4":"has-post-thumbnail","6":"product_cat-etuis-pour-telephones-portables","7":"product_tag-animaux","8":"pa_ciudad-mallorca","9":"pa_motivo-chats","10":"pa_pais-espana","12":"first","13":"instock","14":"shipping-taxable","15":"product-type-simple"},"acf":[],"_links":{"self":[{"href":"https:\/\/olemosaic.orbitalia.org\/fr\/wp-json\/wp\/v2\/product\/34931","targetHints":{"allow":["GET"]}}],"collection":[{"href":"https:\/\/olemosaic.orbitalia.org\/fr\/wp-json\/wp\/v2\/product"}],"about":[{"href":"https:\/\/olemosaic.orbitalia.org\/fr\/wp-json\/wp\/v2\/types\/product"}],"wp:featuredmedia":[{"embeddable":true,"href":"https:\/\/olemosaic.orbitalia.org\/fr\/wp-json\/wp\/v2\/media\/12978"}],"wp:attachment":[{"href":"https:\/\/olemosaic.orbitalia.org\/fr\/wp-json\/wp\/v2\/media?parent=34931"}],"wp:term":[{"taxonomy":"product_brand","embeddable":true,"href":"https:\/\/olemosaic.orbitalia.org\/fr\/wp-json\/wp\/v2\/product_brand?post=34931"},{"taxonomy":"product_cat","embeddable":true,"href":"https:\/\/olemosaic.orbitalia.org\/fr\/wp-json\/wp\/v2\/product_cat?post=34931"},{"taxonomy":"product_tag","embeddable":true,"href":"https:\/\/olemosaic.orbitalia.org\/fr\/wp-json\/wp\/v2\/product_tag?post=34931"}],"curies":[{"name":"wp","href":"https:\/\/api.w.org\/{rel}","templated":true}]}}