{"id":34916,"date":"2025-02-20T23:36:46","date_gmt":"2025-02-20T22:36:46","guid":{"rendered":"https:\/\/olemosaic.orbitalia.org\/producto\/funda-de-telefono-para-iphone-14-pro-tpu-abstracto-azul-3\/"},"modified":"2025-07-25T19:51:35","modified_gmt":"2025-07-25T17:51:35","slug":"coque-de-telephone-pour-iphone-14-pro-tpu-abstrait-bleu-3","status":"publish","type":"product","link":"https:\/\/olemosaic.orbitalia.org\/fr\/produit\/coque-de-telephone-pour-iphone-14-pro-tpu-abstrait-bleu-3\/","title":{"rendered":"Coque de t\u00e9l\u00e9phone pour iPhone 14 Pro (TPU). Abstrait. Style moderne. Bleu"},"content":{"rendered":"<p>Nous vous pr\u00e9sentons la coque pour iPhone 14 Pro, une pi\u00e8ce moderne qui allie fonctionnalit\u00e9 et style. Fabriqu\u00e9e en TPU de haute qualit\u00e9, cette coque se distingue par son design abstrait dans une palette vibrante de tons bleus qui se d\u00e9ploie dans un d\u00e9grad\u00e9 sophistiqu\u00e9, transitant entre le vert, le jaune et le rouge. La finition diagonale offre une esth\u00e9tique contemporaine qui rehausse la beaut\u00e9 de votre appareil, tout en offrant une d\u00e9fense robuste contre les chocs et les rayures.<\/p>\n<p>La flexibilit\u00e9 et la r\u00e9sistance du mat\u00e9riau garantissent une durabilit\u00e9 exceptionnelle, id\u00e9ale pour ceux qui cherchent \u00e0 personnaliser leur t\u00e9l\u00e9phone sans sacrifier la protection. Ce souvenir n&rsquo;est pas seulement un accessoire fonctionnel, mais aussi une d\u00e9claration de style, refl\u00e9tant la cr\u00e9ativit\u00e9 du design contemporain. Son design abstrait se connecte aux tendances modernes, ce qui fait de cette coque une excellente option pour les touristes qui souhaitent emporter un souvenir m\u00e9morable et distinctif de leur visite.<\/p>\n<p>Chez Ol\u00e9 Mosaic, en tant que grossistes de produits de t\u00e9l\u00e9phonie, nous proposons des articles de qualit\u00e9 qui se distinguent par leur authenticit\u00e9 et leur pertinence culturelle. Cette coque pour iPhone 14 Pro est un souvenir unique qui ravira ceux qui recherchent un souvenir significatif et fonctionnel, id\u00e9al pour les boutiques de cadeaux touristiques qui cherchent des nouveaut\u00e9s dans leur catalogue de souvenirs.<\/p>\n","protected":false},"excerpt":{"rendered":"<p>Coque pour iPhone 14 Pro fabriqu\u00e9e en TPU, avec un design abstrait dans les tons bleus et un d\u00e9grad\u00e9 transitant entre le vert, le jaune et le rouge. Cette coque pr\u00e9sente une \u00e9l\u00e9gante finition diagonale qui apporte une touche moderne et vibrante, prot\u00e9geant l&rsquo;appareil avec style. Son mat\u00e9riau flexible et r\u00e9sistant assure une excellente durabilit\u00e9, \u00e9tant une option id\u00e9ale pour ceux qui cherchent \u00e0 personnaliser leur t\u00e9l\u00e9phone avec un design contemporain et color\u00e9.<\/p>\n","protected":false},"featured_media":12385,"template":"","meta":{"_acf_changed":false},"product_brand":[],"product_cat":[674],"product_tag":[],"class_list":{"0":"post-34916","1":"product","2":"type-product","3":"status-publish","4":"has-post-thumbnail","6":"product_cat-etuis-pour-telephones-portables","7":"pa_motivo-resume","9":"first","10":"instock","11":"shipping-taxable","12":"product-type-simple"},"acf":[],"_links":{"self":[{"href":"https:\/\/olemosaic.orbitalia.org\/fr\/wp-json\/wp\/v2\/product\/34916","targetHints":{"allow":["GET"]}}],"collection":[{"href":"https:\/\/olemosaic.orbitalia.org\/fr\/wp-json\/wp\/v2\/product"}],"about":[{"href":"https:\/\/olemosaic.orbitalia.org\/fr\/wp-json\/wp\/v2\/types\/product"}],"wp:featuredmedia":[{"embeddable":true,"href":"https:\/\/olemosaic.orbitalia.org\/fr\/wp-json\/wp\/v2\/media\/12385"}],"wp:attachment":[{"href":"https:\/\/olemosaic.orbitalia.org\/fr\/wp-json\/wp\/v2\/media?parent=34916"}],"wp:term":[{"taxonomy":"product_brand","embeddable":true,"href":"https:\/\/olemosaic.orbitalia.org\/fr\/wp-json\/wp\/v2\/product_brand?post=34916"},{"taxonomy":"product_cat","embeddable":true,"href":"https:\/\/olemosaic.orbitalia.org\/fr\/wp-json\/wp\/v2\/product_cat?post=34916"},{"taxonomy":"product_tag","embeddable":true,"href":"https:\/\/olemosaic.orbitalia.org\/fr\/wp-json\/wp\/v2\/product_tag?post=34916"}],"curies":[{"name":"wp","href":"https:\/\/api.w.org\/{rel}","templated":true}]}}