{"id":34892,"date":"2025-02-20T23:36:45","date_gmt":"2025-02-20T22:36:45","guid":{"rendered":"https:\/\/olemosaic.orbitalia.org\/producto\/funda-de-telefono-para-iphone-13-tpu-abstracto-azul-3\/"},"modified":"2025-07-25T19:11:10","modified_gmt":"2025-07-25T17:11:10","slug":"coque-telephone-iphone-13-tpu-abstrait-bleu-3","status":"publish","type":"product","link":"https:\/\/olemosaic.orbitalia.org\/fr\/produit\/coque-telephone-iphone-13-tpu-abstrait-bleu-3\/","title":{"rendered":"Coque de t\u00e9l\u00e9phone pour iPhone 13 (TPU). Abstrait. Motif losanges. Bleu"},"content":{"rendered":"<p>Voici la coque pour iPhone 13, un accessoire indispensable pour ceux qui recherchent un design moderne et vibrant. Fabriqu\u00e9e en TPU, un mat\u00e9riau connu pour sa durabilit\u00e9 et sa flexibilit\u00e9, cette coque garantit une excellente protection pour votre appareil, tout en conservant un style \u00e9l\u00e9gant et contemporain. Son design abstrait dans les tons bleus, verts et jaunes, avec un motif de losanges, souligne la luminosit\u00e9 et la fra\u00eecheur du produit, en faisant une option id\u00e9ale pour ceux qui souhaitent exprimer leur personnalit\u00e9 \u00e0 travers leur t\u00e9l\u00e9phone. Le m\u00e9lange de couleurs d\u00e9grad\u00e9es attire le regard et refl\u00e8te une esth\u00e9tique moderne, parfaite pour toute occasion. Cet article n&rsquo;est pas seulement fonctionnel, il s&rsquo;aligne \u00e9galement sur la tendance actuelle de personnalisation des appareils. Chez Ol\u00e9 Mosaic, sp\u00e9cialis\u00e9 dans la distribution de souvenirs en gros, cette coque est un excellent ajout pour les boutiques de cadeaux touristiques \u00e0 la recherche de produits authentiques et de qualit\u00e9. Nous proposons des coques de t\u00e9l\u00e9phone en gros qui allient design, culture et praticit\u00e9, positionnant cet article comme le souvenir parfait pour les touristes qui appr\u00e9cient autant la fonctionnalit\u00e9 que l&rsquo;art.<\/p>\n","protected":false},"excerpt":{"rendered":"<p>Coque pour iPhone 13 en TPU avec un design abstrait dans les tons bleus, verts et jaunes. Elle pr\u00e9sente un motif de losanges qui lui donne une touche moderne et vibrante, id\u00e9ale pour ceux qui cherchent \u00e0 affirmer leur style personnel. Le m\u00e9lange de couleurs d\u00e9grad\u00e9es souligne la luminosit\u00e9 du design, offrant une protection \u00e9l\u00e9gante et durable pour votre appareil. Parfaite pour ceux qui appr\u00e9cient la fonctionnalit\u00e9 et l&rsquo;esth\u00e9tique.<\/p>\n","protected":false},"featured_media":12305,"template":"","meta":{"_acf_changed":false},"product_brand":[],"product_cat":[674],"product_tag":[],"class_list":{"0":"post-34892","1":"product","2":"type-product","3":"status-publish","4":"has-post-thumbnail","6":"product_cat-etuis-pour-telephones-portables","7":"pa_motivo-resume","9":"first","10":"instock","11":"shipping-taxable","12":"product-type-simple"},"acf":[],"_links":{"self":[{"href":"https:\/\/olemosaic.orbitalia.org\/fr\/wp-json\/wp\/v2\/product\/34892","targetHints":{"allow":["GET"]}}],"collection":[{"href":"https:\/\/olemosaic.orbitalia.org\/fr\/wp-json\/wp\/v2\/product"}],"about":[{"href":"https:\/\/olemosaic.orbitalia.org\/fr\/wp-json\/wp\/v2\/types\/product"}],"wp:featuredmedia":[{"embeddable":true,"href":"https:\/\/olemosaic.orbitalia.org\/fr\/wp-json\/wp\/v2\/media\/12305"}],"wp:attachment":[{"href":"https:\/\/olemosaic.orbitalia.org\/fr\/wp-json\/wp\/v2\/media?parent=34892"}],"wp:term":[{"taxonomy":"product_brand","embeddable":true,"href":"https:\/\/olemosaic.orbitalia.org\/fr\/wp-json\/wp\/v2\/product_brand?post=34892"},{"taxonomy":"product_cat","embeddable":true,"href":"https:\/\/olemosaic.orbitalia.org\/fr\/wp-json\/wp\/v2\/product_cat?post=34892"},{"taxonomy":"product_tag","embeddable":true,"href":"https:\/\/olemosaic.orbitalia.org\/fr\/wp-json\/wp\/v2\/product_tag?post=34892"}],"curies":[{"name":"wp","href":"https:\/\/api.w.org\/{rel}","templated":true}]}}