{"id":34890,"date":"2025-02-20T22:36:45","date_gmt":"2025-02-20T22:36:45","guid":{"rendered":"https:\/\/olemosaic.orbitalia.org\/producto\/funda-de-telefono-para-iphone-13-pro-tpu-sagrada-familia-barcelona-azul\/"},"modified":"2025-07-25T23:10:12","modified_gmt":"2025-07-25T21:10:12","slug":"coque-telephone-iphone-13-pro-tpu-sagrada-familia-barcelone-bleu","status":"publish","type":"product","link":"https:\/\/olemosaic.orbitalia.org\/fr\/produit\/coque-telephone-iphone-13-pro-tpu-sagrada-familia-barcelone-bleu\/","title":{"rendered":"Coque de t\u00e9l\u00e9phone pour iPhone 13 Pro (TPU). Sagrada Familia. Barcelone. Bleu"},"content":{"rendered":"<p>Nous vous pr\u00e9sentons la coque pour iPhone 13 Pro, une \u0153uvre d&rsquo;art qui rend hommage \u00e0 la majest\u00e9 de la Sagrada Familia de Barcelone. Fabriqu\u00e9e en TPU de haute qualit\u00e9, cette coque ne prot\u00e8ge pas seulement votre appareil, elle le transforme en un hommage \u00e0 l&rsquo;une des \u0153uvres les plus embl\u00e9matiques de l&rsquo;architecte Antoni Gaud\u00ed. Avec un design vibrant qui incorpore des tonalit\u00e9s bleues, ainsi que des nuances chaudes de rouge et de jaune, cette illustration \u00e9voque les impressionnantes mosa\u00efques qui ornent la c\u00e9l\u00e8bre basilique, faisant de chaque regard une exp\u00e9rience visuelle fascinante.<\/p>\n<p>Le fond bleu brillant cr\u00e9e un contraste saisissant qui refl\u00e8te l&rsquo;essence du ciel de Barcelone, tandis que le mot \u00ab\u00a0Barcelona\u00a0\u00bb est pr\u00e9sent\u00e9 dans une typographie moderne, ajoutant une touche contemporaine \u00e0 ce souvenir fonctionnel. Avec une forme qui s&rsquo;ajuste parfaitement \u00e0 l&rsquo;iPhone 13 Pro, cette coque est \u00e0 la fois un accessoire pratique et un souvenir significatif, id\u00e9al pour les touristes qui cherchent \u00e0 emporter un morceau de la culture catalane.<\/p>\n<p>Chez Ol\u00e9 Mosaic, nous sommes fiers de proposer des souvenirs authentiques qui capturent l&rsquo;essence des r\u00e9gions qu&rsquo;ils repr\u00e9sentent. Cette coque de t\u00e9l\u00e9phone n&rsquo;est pas seulement une excellente option pour ceux qui souhaitent prot\u00e9ger leurs appareils, mais aussi pour ceux qui recherchent un cadeau unique et repr\u00e9sentatif du riche patrimoine culturel de Barcelone. Faites en sorte que vos clients tombent amoureux de ce souvenir attrayant de la Sagrada Familia, parfait pour toute boutique de cadeaux touristiques !<\/p>\n","protected":false},"excerpt":{"rendered":"<p>Coque pour iPhone 13 Pro fabriqu\u00e9e en TPU, d\u00e9cor\u00e9e d&rsquo;une repr\u00e9sentation vibrante de la Sagrada Familia de Barcelone. Ce design color\u00e9 inclut des tons bleus et des nuances chaudes de rouge et de jaune, \u00e9voquant les mosa\u00efques du chef-d&rsquo;\u0153uvre de Gaud\u00ed. Un fond bleu brillant compl\u00e8te l&rsquo;illustration, soulignant la majest\u00e9 du monument embl\u00e9matique. Le mot \u00ab\u00a0Barcelona\u00a0\u00bb est imprim\u00e9 dans une typographie \u00e9l\u00e9gante, ajoutant une touche moderne \u00e0 ce souvenir pratique.<\/p>\n","protected":false},"featured_media":12320,"template":"","meta":{"_acf_changed":false},"product_brand":[],"product_cat":[674],"product_tag":[],"class_list":{"0":"post-34890","1":"product","2":"type-product","3":"status-publish","4":"has-post-thumbnail","6":"product_cat-etuis-pour-telephones-portables","7":"pa_ciudad-barcelona","8":"pa_motivo-sagrada-familia","9":"pa_pais-espana","11":"first","12":"instock","13":"shipping-taxable","14":"product-type-simple"},"acf":[],"_links":{"self":[{"href":"https:\/\/olemosaic.orbitalia.org\/fr\/wp-json\/wp\/v2\/product\/34890","targetHints":{"allow":["GET"]}}],"collection":[{"href":"https:\/\/olemosaic.orbitalia.org\/fr\/wp-json\/wp\/v2\/product"}],"about":[{"href":"https:\/\/olemosaic.orbitalia.org\/fr\/wp-json\/wp\/v2\/types\/product"}],"wp:featuredmedia":[{"embeddable":true,"href":"https:\/\/olemosaic.orbitalia.org\/fr\/wp-json\/wp\/v2\/media\/12320"}],"wp:attachment":[{"href":"https:\/\/olemosaic.orbitalia.org\/fr\/wp-json\/wp\/v2\/media?parent=34890"}],"wp:term":[{"taxonomy":"product_brand","embeddable":true,"href":"https:\/\/olemosaic.orbitalia.org\/fr\/wp-json\/wp\/v2\/product_brand?post=34890"},{"taxonomy":"product_cat","embeddable":true,"href":"https:\/\/olemosaic.orbitalia.org\/fr\/wp-json\/wp\/v2\/product_cat?post=34890"},{"taxonomy":"product_tag","embeddable":true,"href":"https:\/\/olemosaic.orbitalia.org\/fr\/wp-json\/wp\/v2\/product_tag?post=34890"}],"curies":[{"name":"wp","href":"https:\/\/api.w.org\/{rel}","templated":true}]}}