{"id":34872,"date":"2025-02-20T23:36:42","date_gmt":"2025-02-20T22:36:42","guid":{"rendered":"https:\/\/olemosaic.orbitalia.org\/producto\/botella-inox-500-ml-mosaico-2\/"},"modified":"2025-07-25T18:36:16","modified_gmt":"2025-07-25T16:36:16","slug":"bouteille-inox-500-ml-mosaique-fermeture-hermetique","status":"publish","type":"product","link":"https:\/\/olemosaic.orbitalia.org\/fr\/produit\/bouteille-inox-500-ml-mosaique-fermeture-hermetique\/","title":{"rendered":"Bouteille inox. 500 ml. Mosa\u00efque. Fermeture herm\u00e9tique en acier."},"content":{"rendered":"<p>Nous pr\u00e9sentons la bouteille en acier inoxydable de 500 ml, un accessoire \u00e9l\u00e9gant qui allie fonctionnalit\u00e9 et un design vibrant inspir\u00e9 par la riche tradition culturelle m\u00e9diterran\u00e9enne. Cette bouteille n&rsquo;est pas seulement pratique, elle est aussi un hommage artistique aux mosa\u00efques color\u00e9es qui ornent les rues et les b\u00e2timents historiques d&rsquo;Espagne et du Portugal. Sa surface est d\u00e9cor\u00e9e de motifs g\u00e9om\u00e9triques complexes dans des tons bleus, rouges et jaunes, \u00e9voquant l&rsquo;essence des azulejos espagnols qui ont fascin\u00e9 les touristes et les habitants.<\/p>\n<p>Avec une fermeture herm\u00e9tique en acier et un crochet pratique, cette bouteille est id\u00e9ale pour maintenir vos boissons froides ou chaudes, ce qui en fait le compagnon parfait pour les activit\u00e9s de plein air, les voyages ou simplement pour le quotidien. Chaque trait et chaque couleur refl\u00e8tent l&rsquo;art et la culture de la M\u00e9diterran\u00e9e, faisant de ce produit un souvenir authentique et repr\u00e9sentatif de la r\u00e9gion.<\/p>\n<p>Chez Ol\u00e9 Mosaic, nous sommes sp\u00e9cialistes de la distribution de souvenirs en gros, et cette bouteille est une excellente option pour les boutiques de cadeaux touristiques cherchant \u00e0 offrir des produits de qualit\u00e9 avec une forte valeur culturelle. Ce n&rsquo;est pas seulement un souvenir fonctionnel, mais aussi un morceau d&rsquo;histoire et d&rsquo;art que les touristes voudront emporter avec eux.<\/p>\n","protected":false},"excerpt":{"rendered":"<p>Bouteille en acier inoxydable de 500 ml d\u00e9cor\u00e9e d&rsquo;un design vibrant de mosa\u00efques inspir\u00e9 par la culture m\u00e9diterran\u00e9enne. Cette bouteille \u00e9l\u00e9gante pr\u00e9sente une surface orn\u00e9e de motifs g\u00e9om\u00e9triques color\u00e9s dans des tons bleus, rouges et jaunes, \u00e9voquant la tradition artistique des azulejos espagnols. Sa fermeture herm\u00e9tique en acier et son crochet pratique en font un accessoire id\u00e9al pour maintenir vos boissons froides ou chaudes, fusionnant fonctionnalit\u00e9 et style.<\/p>\n","protected":false},"featured_media":9779,"template":"","meta":{"_acf_changed":false},"product_brand":[],"product_cat":[784],"product_tag":[],"class_list":{"0":"post-34872","1":"product","2":"type-product","3":"status-publish","4":"has-post-thumbnail","6":"product_cat-bouteilles-inox","7":"pa_motivo-mosaique","9":"first","10":"instock","11":"shipping-taxable","12":"product-type-simple"},"acf":[],"_links":{"self":[{"href":"https:\/\/olemosaic.orbitalia.org\/fr\/wp-json\/wp\/v2\/product\/34872","targetHints":{"allow":["GET"]}}],"collection":[{"href":"https:\/\/olemosaic.orbitalia.org\/fr\/wp-json\/wp\/v2\/product"}],"about":[{"href":"https:\/\/olemosaic.orbitalia.org\/fr\/wp-json\/wp\/v2\/types\/product"}],"wp:featuredmedia":[{"embeddable":true,"href":"https:\/\/olemosaic.orbitalia.org\/fr\/wp-json\/wp\/v2\/media\/9779"}],"wp:attachment":[{"href":"https:\/\/olemosaic.orbitalia.org\/fr\/wp-json\/wp\/v2\/media?parent=34872"}],"wp:term":[{"taxonomy":"product_brand","embeddable":true,"href":"https:\/\/olemosaic.orbitalia.org\/fr\/wp-json\/wp\/v2\/product_brand?post=34872"},{"taxonomy":"product_cat","embeddable":true,"href":"https:\/\/olemosaic.orbitalia.org\/fr\/wp-json\/wp\/v2\/product_cat?post=34872"},{"taxonomy":"product_tag","embeddable":true,"href":"https:\/\/olemosaic.orbitalia.org\/fr\/wp-json\/wp\/v2\/product_tag?post=34872"}],"curies":[{"name":"wp","href":"https:\/\/api.w.org\/{rel}","templated":true}]}}