{"id":34858,"date":"2025-02-20T23:36:42","date_gmt":"2025-02-20T22:36:42","guid":{"rendered":"https:\/\/olemosaic.orbitalia.org\/producto\/iman-de-resina-salamandra-verde-10-cm\/"},"modified":"2025-07-25T20:45:57","modified_gmt":"2025-07-25T18:45:57","slug":"aimant-en-resine-salamandre-vert-10-cm","status":"publish","type":"product","link":"https:\/\/olemosaic.orbitalia.org\/fr\/produit\/aimant-en-resine-salamandre-vert-10-cm\/","title":{"rendered":"Aimant en r\u00e9sine. Salamandre. Vert. 10 cm."},"content":{"rendered":"<p>Nous pr\u00e9sentons ce charmant aimant en r\u00e9sine en forme de salamandre, une pi\u00e8ce vibrante id\u00e9ale pour d\u00e9corer n&rsquo;importe quelle surface m\u00e9tallique. Avec ses 10 cm, cet aimant attire l&rsquo;attention par son design color\u00e9, combinant des tons verts, orange et jaunes, \u00e9voquant la riche tradition artistique des mosa\u00efques espagnoles. La salamandre, symbole embl\u00e9matique de la culture m\u00e9diterran\u00e9enne, est m\u00e9ticuleusement d\u00e9taill\u00e9e, soulignant sa forme stylis\u00e9e et sa texture \u00e9cailleuse, ce qui en fait un souvenir authentique d&rsquo;Espagne.<\/p>\n<p>Cet aimant n&rsquo;est pas seulement fonctionnel, il sert \u00e9galement d&rsquo;objet d\u00e9coratif attrayant qui capture l&rsquo;essence de la faune locale et la cr\u00e9ativit\u00e9 artistique de la r\u00e9gion. Son design festif en fait un excellent souvenir, id\u00e9al pour les touristes cherchant \u00e0 ramener chez eux un morceau de la culture espagnole. Chez Ol\u00e9 Mosaic, nous sommes fiers de proposer ce type de produits uniques, parfaits pour les boutiques de cadeaux touristiques souhaitant offrir \u00e0 leurs clients des options authentiques et m\u00e9morables. En tant que grossistes de souvenirs, nous garantissons que chaque aimant refl\u00e8te l&rsquo;authenticit\u00e9 et l&rsquo;art de la tradition espagnole, faisant de cet aimant de salamandre un choix qui enchantera tout le monde.<\/p>\n","protected":false},"excerpt":{"rendered":"<p>Aimant en forme de salamandre, color\u00e9 et vibrant, id\u00e9al pour d\u00e9corer n&rsquo;importe quelle surface m\u00e9tallique. D&rsquo;une taille de 10 cm, cet aimant pr\u00e9sente un design festif dans des tons verts, orange et jaunes, \u00e9voquant la tradition artistique des mosa\u00efques espagnoles. La salamandre, \u00e9l\u00e9ment embl\u00e9matique de la culture m\u00e9diterran\u00e9enne, est soigneusement d\u00e9taill\u00e9e, capturant sa forme et sa texture, ce qui en fait un souvenir parfait d&rsquo;Espagne.<\/p>\n","protected":false},"featured_media":7432,"template":"","meta":{"_acf_changed":false},"product_brand":[],"product_cat":[697],"product_tag":[530],"class_list":{"0":"post-34858","1":"product","2":"type-product","3":"status-publish","4":"has-post-thumbnail","6":"product_cat-aimants","7":"product_tag-animaux","8":"pa_motivo-salamandres","10":"first","11":"instock","12":"shipping-taxable","13":"product-type-simple"},"acf":[],"_links":{"self":[{"href":"https:\/\/olemosaic.orbitalia.org\/fr\/wp-json\/wp\/v2\/product\/34858","targetHints":{"allow":["GET"]}}],"collection":[{"href":"https:\/\/olemosaic.orbitalia.org\/fr\/wp-json\/wp\/v2\/product"}],"about":[{"href":"https:\/\/olemosaic.orbitalia.org\/fr\/wp-json\/wp\/v2\/types\/product"}],"wp:featuredmedia":[{"embeddable":true,"href":"https:\/\/olemosaic.orbitalia.org\/fr\/wp-json\/wp\/v2\/media\/7432"}],"wp:attachment":[{"href":"https:\/\/olemosaic.orbitalia.org\/fr\/wp-json\/wp\/v2\/media?parent=34858"}],"wp:term":[{"taxonomy":"product_brand","embeddable":true,"href":"https:\/\/olemosaic.orbitalia.org\/fr\/wp-json\/wp\/v2\/product_brand?post=34858"},{"taxonomy":"product_cat","embeddable":true,"href":"https:\/\/olemosaic.orbitalia.org\/fr\/wp-json\/wp\/v2\/product_cat?post=34858"},{"taxonomy":"product_tag","embeddable":true,"href":"https:\/\/olemosaic.orbitalia.org\/fr\/wp-json\/wp\/v2\/product_tag?post=34858"}],"curies":[{"name":"wp","href":"https:\/\/api.w.org\/{rel}","templated":true}]}}