{"id":34857,"date":"2025-02-20T23:36:41","date_gmt":"2025-02-20T22:36:41","guid":{"rendered":"https:\/\/olemosaic.orbitalia.org\/producto\/iman-de-resina-mariposa-madrid-10-cm\/"},"modified":"2025-07-25T20:29:42","modified_gmt":"2025-07-25T18:29:42","slug":"aimant-en-resine-papillon-madrid-10-cm","status":"publish","type":"product","link":"https:\/\/olemosaic.orbitalia.org\/fr\/produit\/aimant-en-resine-papillon-madrid-10-cm\/","title":{"rendered":"Aimant en r\u00e9sine. Papillon. Madrid. 10 cm."},"content":{"rendered":"<p>Nous vous pr\u00e9sentons ce charmant aimant en r\u00e9sine en forme de l\u00e9zard, qui capture l&rsquo;essence vibrante de Madrid. D&rsquo;une dimension de 10 cm, ce souvenir attrayant se distingue par son design original, combinant des couleurs vives comme le rouge, le bleu et le vert dans un motif artistique qui \u00e9voque la riche biodiversit\u00e9 de la r\u00e9gion. La figurine du l\u00e9zard, symbole de la faune locale, est mise en valeur par un fond rempli de d\u00e9tails complexes c\u00e9l\u00e9brant la beaut\u00e9 naturelle et la culture madril\u00e8ne.<\/p>\n<p>Au centre, le texte \u00ab\u00a0Madrid\u00a0\u00bb s&rsquo;int\u00e8gre \u00e9l\u00e9gamment au design, apportant une touche distinctive qui en fait un souvenir authentique et m\u00e9morable. Cet aimant n&rsquo;est pas seulement fonctionnel, il agit \u00e9galement comme un reflet du caract\u00e8re dynamique de la ville, ce qui en fait une excellente option pour les touristes souhaitant emporter un morceau de Madrid.<\/p>\n<p>Chez Ol\u00e9 Mosaic, nous nous sp\u00e9cialisons dans la distribution en gros de souvenirs authentiques repr\u00e9sentant la riche culture espagnole. Cet aimant de l\u00e9zard est une merveilleuse opportunit\u00e9 pour les boutiques de cadeaux souhaitant proposer des produits de qualit\u00e9 et de distinction. En tant que grossistes de souvenirs, nous garantissons l&rsquo;authenticit\u00e9 et la valeur culturelle de chacune de nos pi\u00e8ces.<\/p>\n","protected":false},"excerpt":{"rendered":"<p>Aimant en forme de papillon, inspir\u00e9 par la vibrante culture madril\u00e8ne. D&rsquo;une dimension de 10 cm, il pr\u00e9sente un design color\u00e9 et artistique, o\u00f9 pr\u00e9dominent les tons rouges, bleus et verts dans un motif qui souligne la beaut\u00e9 de la faune locale. Le d\u00e9tail du texte \u00ab\u00a0Madrid\u00a0\u00bb au centre lui donne une touche distinctive, en faisant un souvenir charmant, parfait pour \u00e9voquer cette ville pleine de vie.<\/p>\n","protected":false},"featured_media":10578,"template":"","meta":{"_acf_changed":false},"product_brand":[],"product_cat":[697],"product_tag":[530],"class_list":{"0":"post-34857","1":"product","2":"type-product","3":"status-publish","4":"has-post-thumbnail","6":"product_cat-aimants","7":"product_tag-animaux","8":"pa_ciudad-madrid","9":"pa_motivo-papillons","10":"pa_pais-espana","12":"first","13":"instock","14":"shipping-taxable","15":"product-type-simple"},"acf":[],"_links":{"self":[{"href":"https:\/\/olemosaic.orbitalia.org\/fr\/wp-json\/wp\/v2\/product\/34857","targetHints":{"allow":["GET"]}}],"collection":[{"href":"https:\/\/olemosaic.orbitalia.org\/fr\/wp-json\/wp\/v2\/product"}],"about":[{"href":"https:\/\/olemosaic.orbitalia.org\/fr\/wp-json\/wp\/v2\/types\/product"}],"wp:featuredmedia":[{"embeddable":true,"href":"https:\/\/olemosaic.orbitalia.org\/fr\/wp-json\/wp\/v2\/media\/10578"}],"wp:attachment":[{"href":"https:\/\/olemosaic.orbitalia.org\/fr\/wp-json\/wp\/v2\/media?parent=34857"}],"wp:term":[{"taxonomy":"product_brand","embeddable":true,"href":"https:\/\/olemosaic.orbitalia.org\/fr\/wp-json\/wp\/v2\/product_brand?post=34857"},{"taxonomy":"product_cat","embeddable":true,"href":"https:\/\/olemosaic.orbitalia.org\/fr\/wp-json\/wp\/v2\/product_cat?post=34857"},{"taxonomy":"product_tag","embeddable":true,"href":"https:\/\/olemosaic.orbitalia.org\/fr\/wp-json\/wp\/v2\/product_tag?post=34857"}],"curies":[{"name":"wp","href":"https:\/\/api.w.org\/{rel}","templated":true}]}}