{"id":34856,"date":"2025-02-20T23:36:41","date_gmt":"2025-02-20T22:36:41","guid":{"rendered":"https:\/\/olemosaic.orbitalia.org\/producto\/bola-de-navidad-con-caja-panoramica-sevilla-3\/"},"modified":"2025-07-25T18:49:14","modified_gmt":"2025-07-25T16:49:14","slug":"boule-de-noel-avec-boite-panoramique-seville-3","status":"publish","type":"product","link":"https:\/\/olemosaic.orbitalia.org\/fr\/produit\/boule-de-noel-avec-boite-panoramique-seville-3\/","title":{"rendered":"Boule de No\u00ebl avec bo\u00eete. Panoramique. Cal\u00e8che. S\u00e9ville."},"content":{"rendered":"<p>Nous pr\u00e9sentons cette exquise boule de No\u00ebl d\u00e9corative, un souvenir id\u00e9al qui capture l&rsquo;essence de S\u00e9ville, pr\u00e9sent\u00e9e dans une \u00e9l\u00e9gante bo\u00eete. Fabriqu\u00e9e en c\u00e9ramique de haute qualit\u00e9, la boule montre une panoramique vibrante de l&rsquo;architecture embl\u00e9matique de S\u00e9ville, soulignant la beaut\u00e9 d&rsquo;une cal\u00e8che tir\u00e9e par des chevaux qui \u00e9voque le folklore andalou. Le design, color\u00e9 et soign\u00e9, propose une illustration qui d\u00e9peint avec pr\u00e9cision les \u00e9l\u00e9ments architecturales et culturels qui font de S\u00e9ville une destination unique. Sa finition brillante r\u00e9fl\u00e9chit la lumi\u00e8re, ajoutant une touche festive \u00e0 n&rsquo;importe quel sapin de No\u00ebl.<\/p>\n<p>Le ruban rouge qui accompagne la boule n&rsquo;ajoute pas seulement un d\u00e9tail d\u00e9coratif, mais symbolise \u00e9galement la chaleur et l&rsquo;hospitalit\u00e9 de l&rsquo;Andalousie, en faisant une pi\u00e8ce parfaite pour d\u00e9corer et offrir pendant ces f\u00eates. Ce souvenir de S\u00e9ville est plus qu&rsquo;un simple ornement ; c&rsquo;est un souvenir authentique qui lie ceux qui l&rsquo;acqui\u00e8rent au riche h\u00e9ritage culturel de la r\u00e9gion. Chez Ol\u00e9 Mosaic, nous nous consacrons \u00e0 la distribution de souvenirs en gros, offrant aux boutiques de cadeaux touristiques des articles qui se distinguent par leur authenticit\u00e9 et leur pertinence culturelle. Cette boule de No\u00ebl est un excellent choix pour ceux qui cherchent \u00e0 repr\u00e9senter le meilleur de S\u00e9ville.<\/p>\n","protected":false},"excerpt":{"rendered":"<p>Boule de No\u00ebl d\u00e9corative pr\u00e9sent\u00e9e dans une \u00e9l\u00e9gante bo\u00eete, avec une magnifique panoramique de S\u00e9ville. Fabriqu\u00e9e en c\u00e9ramique, cette boule montre une illustration vibrante de l&rsquo;architecture embl\u00e9matique de S\u00e9ville et d&rsquo;une cal\u00e8che tir\u00e9e par des chevaux, capturant l&rsquo;essence du folklore andalou. Avec un design color\u00e9 et une finition brillante, elle est compl\u00e9t\u00e9e par un ruban rouge, parfaite pour orner votre sapin de No\u00ebl ou comme cadeau inoubliable.<\/p>\n","protected":false},"featured_media":9861,"template":"","meta":{"_acf_changed":false},"product_brand":[],"product_cat":[659],"product_tag":[646],"class_list":{"0":"post-34856","1":"product","2":"type-product","3":"status-publish","4":"has-post-thumbnail","6":"product_cat-boules-de-noel","7":"product_tag-noel","8":"pa_ciudad-sevilla","9":"pa_motivo-panoramas","10":"pa_pais-espana","12":"first","13":"instock","14":"shipping-taxable","15":"product-type-simple"},"acf":[],"_links":{"self":[{"href":"https:\/\/olemosaic.orbitalia.org\/fr\/wp-json\/wp\/v2\/product\/34856","targetHints":{"allow":["GET"]}}],"collection":[{"href":"https:\/\/olemosaic.orbitalia.org\/fr\/wp-json\/wp\/v2\/product"}],"about":[{"href":"https:\/\/olemosaic.orbitalia.org\/fr\/wp-json\/wp\/v2\/types\/product"}],"wp:featuredmedia":[{"embeddable":true,"href":"https:\/\/olemosaic.orbitalia.org\/fr\/wp-json\/wp\/v2\/media\/9861"}],"wp:attachment":[{"href":"https:\/\/olemosaic.orbitalia.org\/fr\/wp-json\/wp\/v2\/media?parent=34856"}],"wp:term":[{"taxonomy":"product_brand","embeddable":true,"href":"https:\/\/olemosaic.orbitalia.org\/fr\/wp-json\/wp\/v2\/product_brand?post=34856"},{"taxonomy":"product_cat","embeddable":true,"href":"https:\/\/olemosaic.orbitalia.org\/fr\/wp-json\/wp\/v2\/product_cat?post=34856"},{"taxonomy":"product_tag","embeddable":true,"href":"https:\/\/olemosaic.orbitalia.org\/fr\/wp-json\/wp\/v2\/product_tag?post=34856"}],"curies":[{"name":"wp","href":"https:\/\/api.w.org\/{rel}","templated":true}]}}