{"id":34854,"date":"2025-02-20T23:36:41","date_gmt":"2025-02-20T22:36:41","guid":{"rendered":"https:\/\/olemosaic.orbitalia.org\/producto\/caballo-figura-de-resina-de-11-cm-pintada-a-mano\/"},"modified":"2025-07-25T19:48:58","modified_gmt":"2025-07-25T17:48:58","slug":"cheval-figurine-en-resine-de-11-cm-peinte-a-la-main","status":"publish","type":"product","link":"https:\/\/olemosaic.orbitalia.org\/fr\/produit\/cheval-figurine-en-resine-de-11-cm-peinte-a-la-main\/","title":{"rendered":"Cheval. Figurine en mosa\u00efque de 11 cm."},"content":{"rendered":"<p>Nous pr\u00e9sentons cette exceptionnelle figurine en r\u00e9sine d&rsquo;un cheval de 11 cm, effet peint \u00e0 la main avec un design vibrant en mosa\u00efque qui capture l&rsquo;essence du folklore espagnol. Ce charmant souvenir, id\u00e9al tant pour les collectionneurs que pour ceux qui recherchent un souvenir repr\u00e9sentatif de leur visite en Espagne, arbore une palette de couleurs \u00e9clatantes allant du bleu profond au rouge radieux, soulignant la texture d\u00e9taill\u00e9e de la figurine. Chaque mosa\u00efque est soigneusement appliqu\u00e9e, cr\u00e9ant un effet visuel impressionnant qui illumine n&rsquo;importe quel espace o\u00f9 elle est expos\u00e9e.<\/p>\n<p>Ce cheval n&rsquo;est pas seulement une repr\u00e9sentation artistique, mais il refl\u00e8te \u00e9galement le riche h\u00e9ritage culturel o\u00f9 les chevaux sont des symboles de noblesse et de libert\u00e9, particuli\u00e8rement dans des r\u00e9gions comme l&rsquo;Andalousie, reconnues pour leur lien avec la tradition \u00e9questre. Son design color\u00e9 et joyeux \u00e9voque la chaleur et la vitalit\u00e9 du folklore espagnol, devenant un excellent rappel des festivit\u00e9s et c\u00e9l\u00e9brations r\u00e9gionales. Chez Ol\u00e9 Mosaic, en tant que grossistes de souvenirs de qualit\u00e9, nous proposons des produits authentiques qui enchantent les touristes et les collectionneurs. Cette figurine de cheval est l&rsquo;option parfaite pour les boutiques de cadeaux touristiques qui cherchent \u00e0 ajouter une touche d&rsquo;authenticit\u00e9 et de couleur \u00e0 leur offre.<\/p>\n","protected":false},"excerpt":{"rendered":"<p>Figurine d&rsquo;un cheval de 11 cm, design artisanal, peinte \u00e0 la main, avec un design vibrant de mosa\u00efque. Cette repr\u00e9sentation color\u00e9e montre une vari\u00e9t\u00e9 de tonalit\u00e9s, du bleu au rouge, soulignant la texture et les d\u00e9tails de la figurine. Id\u00e9ale pour les collectionneurs ou comme un charmant souvenir, elle capture l&rsquo;essence du folklore et la joie de la culture espagnole. Une pi\u00e8ce unique qui embellira n&rsquo;importe quel espace.<\/p>\n","protected":false},"featured_media":11055,"template":"","meta":{"_acf_changed":false},"product_brand":[],"product_cat":[540],"product_tag":[530],"class_list":{"0":"post-34854","1":"product","2":"type-product","3":"status-publish","4":"has-post-thumbnail","6":"product_cat-chiffres","7":"product_tag-animaux","8":"pa_motivo-chevaux","10":"first","11":"instock","12":"shipping-taxable","13":"product-type-simple"},"acf":[],"_links":{"self":[{"href":"https:\/\/olemosaic.orbitalia.org\/fr\/wp-json\/wp\/v2\/product\/34854","targetHints":{"allow":["GET"]}}],"collection":[{"href":"https:\/\/olemosaic.orbitalia.org\/fr\/wp-json\/wp\/v2\/product"}],"about":[{"href":"https:\/\/olemosaic.orbitalia.org\/fr\/wp-json\/wp\/v2\/types\/product"}],"wp:featuredmedia":[{"embeddable":true,"href":"https:\/\/olemosaic.orbitalia.org\/fr\/wp-json\/wp\/v2\/media\/11055"}],"wp:attachment":[{"href":"https:\/\/olemosaic.orbitalia.org\/fr\/wp-json\/wp\/v2\/media?parent=34854"}],"wp:term":[{"taxonomy":"product_brand","embeddable":true,"href":"https:\/\/olemosaic.orbitalia.org\/fr\/wp-json\/wp\/v2\/product_brand?post=34854"},{"taxonomy":"product_cat","embeddable":true,"href":"https:\/\/olemosaic.orbitalia.org\/fr\/wp-json\/wp\/v2\/product_cat?post=34854"},{"taxonomy":"product_tag","embeddable":true,"href":"https:\/\/olemosaic.orbitalia.org\/fr\/wp-json\/wp\/v2\/product_tag?post=34854"}],"curies":[{"name":"wp","href":"https:\/\/api.w.org\/{rel}","templated":true}]}}