{"id":34827,"date":"2025-02-20T23:36:41","date_gmt":"2025-02-20T22:36:41","guid":{"rendered":"https:\/\/olemosaic.orbitalia.org\/producto\/botella-inox-500-ml-punt-de-trobada-barcelona\/"},"modified":"2025-07-25T19:23:39","modified_gmt":"2025-07-25T17:23:39","slug":"bouteille-inox-500-ml-point-de-rencontre-barcelone","status":"publish","type":"product","link":"https:\/\/olemosaic.orbitalia.org\/fr\/produit\/bouteille-inox-500-ml-point-de-rencontre-barcelone\/","title":{"rendered":"Bouteille inox. 500 ml. Point de rencontre. Barcelone."},"content":{"rendered":"<p>Nous pr\u00e9sentons cette bouteille en acier inoxydable de 500 ml, con\u00e7ue avec une combinaison vibrante de couleurs qui rend hommage \u00e0 la c\u00e9l\u00e8bre mosa\u00efque de Barcelone. La bouteille pr\u00e9sente un fond blanc qui fait ressortir une s\u00e9rie d&rsquo;\u00e9l\u00e9ments g\u00e9om\u00e9triques color\u00e9s, \u00e9voquant le style iconique du c\u00e9l\u00e8bre artiste Antoni Gaud\u00ed. Le nom \u00ab\u00a0Barcelona\u00a0\u00bb se d\u00e9tache en lettres noires, s&rsquo;int\u00e9grant harmonieusement au design g\u00e9n\u00e9ral et soulignant l&rsquo;essence de la ville. Avec un bouchon m\u00e9tallique s\u00e9curis\u00e9 et un mousqueton rouge pratique, cette bouteille est id\u00e9ale pour garder vos boissons froides ou chaudes tout en parcourant les rues de cette ville fascinante.<\/p>\n<p>La connexion culturelle de ce produit est ind\u00e9niable. La bouteille ne met pas seulement en valeur l&rsquo;architecture et l&rsquo;art de Barcelone, elle refl\u00e8te \u00e9galement la tendance vers la durabilit\u00e9, \u00e9tant une option parfaite pour ceux qui recherchent des alternatives \u00e9cologiques. Avec un design qui c\u00e9l\u00e8bre la vie urbaine vibrante et l&rsquo;art, ce souvenir est un excellent choix pour les touristes qui souhaitent ramener un petit morceau de Barcelone chez eux.<\/p>\n<p>Chez Ol\u00e9 Mosaic, nous nous sp\u00e9cialisons dans la distribution de souvenirs en gros, offrant des articles authentiques comme cette bouteille qui capturent l&rsquo;esprit culturel et artistique de leur lieu d&rsquo;origine. Cette bouteille en acier inoxydable est une option id\u00e9ale pour les boutiques de cadeaux touristiques \u00e0 la recherche de produits uniques et porteurs de sens. Faites de ce souvenir une partie essentielle de l&rsquo;exp\u00e9rience de vos clients !<\/p>\n","protected":false},"excerpt":{"rendered":"<p>Bouteille en acier inoxydable de 500 ml, d\u00e9cor\u00e9e d&rsquo;un design vibrant inspir\u00e9 de la mosa\u00efque barcelonaise. Sa surface, sur fond blanc, est orn\u00e9e d&rsquo;\u00e9l\u00e9ments g\u00e9om\u00e9triques color\u00e9s et du nom \u00ab\u00a0Barcelona\u00a0\u00bb en lettres noires saillantes, \u00e9voquant le style du c\u00e9l\u00e8bre Antoni Gaud\u00ed. Cette bouteille dispose d&rsquo;un bouchon m\u00e9tallique et d&rsquo;un mousqueton rouge pratique, id\u00e9al pour maintenir vos boissons froides ou chaudes pendant que vous explorez la ville. Parfaite pour les amateurs de design et de durabilit\u00e9.<\/p>\n","protected":false},"featured_media":9685,"template":"","meta":{"_acf_changed":false},"product_brand":[],"product_cat":[784],"product_tag":[],"class_list":{"0":"post-34827","1":"product","2":"type-product","3":"status-publish","4":"has-post-thumbnail","6":"product_cat-bouteilles-inox","7":"pa_ciudad-barcelona","8":"pa_motivo-punt-de-trobada","9":"pa_pais-espana","11":"first","12":"instock","13":"shipping-taxable","14":"product-type-simple"},"acf":[],"_links":{"self":[{"href":"https:\/\/olemosaic.orbitalia.org\/fr\/wp-json\/wp\/v2\/product\/34827","targetHints":{"allow":["GET"]}}],"collection":[{"href":"https:\/\/olemosaic.orbitalia.org\/fr\/wp-json\/wp\/v2\/product"}],"about":[{"href":"https:\/\/olemosaic.orbitalia.org\/fr\/wp-json\/wp\/v2\/types\/product"}],"wp:featuredmedia":[{"embeddable":true,"href":"https:\/\/olemosaic.orbitalia.org\/fr\/wp-json\/wp\/v2\/media\/9685"}],"wp:attachment":[{"href":"https:\/\/olemosaic.orbitalia.org\/fr\/wp-json\/wp\/v2\/media?parent=34827"}],"wp:term":[{"taxonomy":"product_brand","embeddable":true,"href":"https:\/\/olemosaic.orbitalia.org\/fr\/wp-json\/wp\/v2\/product_brand?post=34827"},{"taxonomy":"product_cat","embeddable":true,"href":"https:\/\/olemosaic.orbitalia.org\/fr\/wp-json\/wp\/v2\/product_cat?post=34827"},{"taxonomy":"product_tag","embeddable":true,"href":"https:\/\/olemosaic.orbitalia.org\/fr\/wp-json\/wp\/v2\/product_tag?post=34827"}],"curies":[{"name":"wp","href":"https:\/\/api.w.org\/{rel}","templated":true}]}}