{"id":34825,"date":"2025-02-20T23:36:40","date_gmt":"2025-02-20T22:36:40","guid":{"rendered":"https:\/\/olemosaic.orbitalia.org\/producto\/vaso-de-ceramica-toros-blanco-2\/"},"modified":"2025-07-25T18:43:10","modified_gmt":"2025-07-25T16:43:10","slug":"gobelet-en-ceramique-taureaux-blanc-2","status":"publish","type":"product","link":"https:\/\/olemosaic.orbitalia.org\/fr\/produit\/gobelet-en-ceramique-taureaux-blanc-2\/","title":{"rendered":"Gobelet en c\u00e9ramique. Taureaux. Blanc. Base de fleurs rouges."},"content":{"rendered":"<p>Nous pr\u00e9sentons le gobelet en c\u00e9ramique d\u00e9cor\u00e9 d&rsquo;un design taurin vibrant, un souvenir authentique qui capture l&rsquo;essence de la riche culture espagnole. Ce gobelet, avec sa finition blanche \u00e9l\u00e9gante, est orn\u00e9 d&rsquo;une mosa\u00efque color\u00e9e combinant des tons intenses de rouge, bleu et vert, \u00e9voquant la tradition et le folklore de l&rsquo;Espagne. Dans le design, un taureau majestueux se dresse au premier plan, entour\u00e9 d&rsquo;un soleil radieux et d&rsquo;un d\u00e9licat champ de fleurs rouges qui fleurissent \u00e0 la base. Le mot \u00ab\u00a0Espa\u00f1a\u00a0\u00bb ressort sur la partie frontale, consolidant son identit\u00e9 culturelle.<\/p>\n<p>\u00c9quip\u00e9 d&rsquo;un couvercle en plastique bleu, ce gobelet est id\u00e9al pour savourer un caf\u00e9 ou un rafra\u00eechissement \u00e0 tout moment de la journ\u00e9e, offrant \u00e0 la fois confort et style. Son design n&rsquo;est pas seulement fonctionnel, il refl\u00e8te \u00e9galement la passion et la fiert\u00e9 nationale associ\u00e9es aux taureaux, un symbole iconique de la culture espagnole. Ce gobelet en c\u00e9ramique est une excellente option pour les touristes \u00e0 la recherche de souvenirs authentiques repr\u00e9sentant la vivacit\u00e9 et le caract\u00e8re de l&rsquo;Espagne.<\/p>\n<p>Chez Ol\u00e9 Mosaic, nous sommes experts dans la distribution de souvenirs en c\u00e9ramique en gros, offrant des produits authentiques qui c\u00e9l\u00e8brent la culture espagnole. Ce gobelet n&rsquo;est pas seulement un accessoire pratique, mais un souvenir taurin indispensable, parfait pour les boutiques de cadeaux touristiques souhaitant capturer l&rsquo;essence de l&rsquo;Espagne dans une pi\u00e8ce d&rsquo;art fonctionnelle.<\/p>\n","protected":false},"excerpt":{"rendered":"<p>Gobelet en c\u00e9ramique d\u00e9cor\u00e9 d&rsquo;un design vibrant de taureaux, un symbole iconique de la culture espagnole. Ce gobelet blanc, orn\u00e9 de mosa\u00efques color\u00e9es incluant le rouge, le bleu et le vert, \u00e9voque la tradition et le folklore espagnol, compl\u00e9t\u00e9 par un soleil radieux et des fleurs rouges \u00e0 la base. Il dispose d&rsquo;un couvercle en plastique bleu, id\u00e9al pour emporter des boissons. Parfait pour savourer un caf\u00e9 ou un rafra\u00eechissement tout en c\u00e9l\u00e9brant l&rsquo;essence de l&rsquo;Espagne.<\/p>\n","protected":false},"featured_media":8553,"template":"","meta":{"_acf_changed":false},"product_brand":[],"product_cat":[819],"product_tag":[530,585],"class_list":{"0":"post-34825","1":"product","2":"type-product","3":"status-publish","4":"has-post-thumbnail","6":"product_cat-verres","7":"product_tag-animaux","8":"product_tag-ceramique","9":"pa_motivo-taureaux","11":"first","12":"instock","13":"shipping-taxable","14":"product-type-simple"},"acf":[],"_links":{"self":[{"href":"https:\/\/olemosaic.orbitalia.org\/fr\/wp-json\/wp\/v2\/product\/34825","targetHints":{"allow":["GET"]}}],"collection":[{"href":"https:\/\/olemosaic.orbitalia.org\/fr\/wp-json\/wp\/v2\/product"}],"about":[{"href":"https:\/\/olemosaic.orbitalia.org\/fr\/wp-json\/wp\/v2\/types\/product"}],"wp:featuredmedia":[{"embeddable":true,"href":"https:\/\/olemosaic.orbitalia.org\/fr\/wp-json\/wp\/v2\/media\/8553"}],"wp:attachment":[{"href":"https:\/\/olemosaic.orbitalia.org\/fr\/wp-json\/wp\/v2\/media?parent=34825"}],"wp:term":[{"taxonomy":"product_brand","embeddable":true,"href":"https:\/\/olemosaic.orbitalia.org\/fr\/wp-json\/wp\/v2\/product_brand?post=34825"},{"taxonomy":"product_cat","embeddable":true,"href":"https:\/\/olemosaic.orbitalia.org\/fr\/wp-json\/wp\/v2\/product_cat?post=34825"},{"taxonomy":"product_tag","embeddable":true,"href":"https:\/\/olemosaic.orbitalia.org\/fr\/wp-json\/wp\/v2\/product_tag?post=34825"}],"curies":[{"name":"wp","href":"https:\/\/api.w.org\/{rel}","templated":true}]}}