{"id":34824,"date":"2025-02-20T23:36:40","date_gmt":"2025-02-20T22:36:40","guid":{"rendered":"https:\/\/olemosaic.orbitalia.org\/producto\/salvamanteles-de-ceramica-bailaora-valencia\/"},"modified":"2025-07-25T18:56:11","modified_gmt":"2025-07-25T16:56:11","slug":"dessous-de-plat-en-ceramique-danseuse-flamenco-valence","status":"publish","type":"product","link":"https:\/\/olemosaic.orbitalia.org\/fr\/produit\/dessous-de-plat-en-ceramique-danseuse-flamenco-valence\/","title":{"rendered":"Dessous de plat en c\u00e9ramique. Danseuse de flamenco. Valence."},"content":{"rendered":"<p>Nous pr\u00e9sentons le dessous de plat en c\u00e9ramique peint \u00e0 la main, une repr\u00e9sentation exquise de la culture flamenca et de la ville vibrante de Valence. Ce dessous de plat circulaire se distingue par son design color\u00e9, illustrant une danseuse de flamenco \u00e9nergique, v\u00eatue d&rsquo;une robe spectaculaire \u00e0 volants multicolores qui capture l&rsquo;essence de l&rsquo;art flamenco. La danseuse, repr\u00e9sent\u00e9e en plein mouvement, irradie passion et joie, tandis que le fond floral, rempli d&rsquo;\u0153illets rouges, rehausse son \u00e9nergie et sa connexion avec la tradition.<\/p>\n<p>Le liser\u00e9 tress\u00e9 en rouge ajoute une touche festive et distinctive, tandis que le mot \u00ab\u00a0VALENCIA\u00a0\u00bb, imprim\u00e9 en lettres frappantes, donne un caract\u00e8re sp\u00e9cial \u00e0 ce souvenir, en faisant une pi\u00e8ce unique pour n&rsquo;importe quelle table. Ce dessous de plat n&rsquo;est pas seulement fonctionnel, mais aussi un bel \u00e9l\u00e9ment d\u00e9coratif qui c\u00e9l\u00e8bre le riche h\u00e9ritage culturel valencien.<\/p>\n<p>Chez Ol\u00e9 Mosaic, nous sommes fiers de proposer d&rsquo;authentiques souvenirs en c\u00e9ramique, id\u00e9aux pour les boutiques de cadeaux touristiques qui recherchent des produits refl\u00e9tant l&rsquo;identit\u00e9 et le folklore local. Ce dessous de plat en c\u00e9ramique peint \u00e0 la main est une excellente option pour les touristes \u00e0 la recherche d&rsquo;un souvenir repr\u00e9sentatif de leur visite \u00e0 Valence, alliant beaut\u00e9 et culture en une seule pi\u00e8ce.<\/p>\n","protected":false},"excerpt":{"rendered":"<p>Dessous de plat en c\u00e9ramique au design artisanal, peint \u00e0 la main, inspir\u00e9 de la danse flamenca et de la culture valencienne. Ce dessous de plat color\u00e9 pr\u00e9sente une illustration vibrante d&rsquo;une danseuse de flamenco avec une robe \u00e0 volants multicolores, sur un fond floral d&rsquo;\u0153illets rouges qui souligne son \u00e9nergie. La base circulaire poss\u00e8de un liser\u00e9 tress\u00e9 rouge, et le mot \u00ab\u00a0VALENCIA\u00a0\u00bb est imprim\u00e9 en lettres frappantes, apportant une touche distinctive et festive \u00e0 votre table.<\/p>\n","protected":false},"featured_media":13829,"template":"","meta":{"_acf_changed":false},"product_brand":[],"product_cat":[827],"product_tag":[585],"class_list":{"0":"post-34824","1":"product","2":"type-product","3":"status-publish","4":"has-post-thumbnail","6":"product_cat-dessous-de-plat","7":"product_tag-ceramique","8":"pa_ciudad-valencia","9":"pa_motivo-danseurs","10":"pa_pais-espana","12":"first","13":"instock","14":"shipping-taxable","15":"product-type-simple"},"acf":[],"_links":{"self":[{"href":"https:\/\/olemosaic.orbitalia.org\/fr\/wp-json\/wp\/v2\/product\/34824","targetHints":{"allow":["GET"]}}],"collection":[{"href":"https:\/\/olemosaic.orbitalia.org\/fr\/wp-json\/wp\/v2\/product"}],"about":[{"href":"https:\/\/olemosaic.orbitalia.org\/fr\/wp-json\/wp\/v2\/types\/product"}],"wp:featuredmedia":[{"embeddable":true,"href":"https:\/\/olemosaic.orbitalia.org\/fr\/wp-json\/wp\/v2\/media\/13829"}],"wp:attachment":[{"href":"https:\/\/olemosaic.orbitalia.org\/fr\/wp-json\/wp\/v2\/media?parent=34824"}],"wp:term":[{"taxonomy":"product_brand","embeddable":true,"href":"https:\/\/olemosaic.orbitalia.org\/fr\/wp-json\/wp\/v2\/product_brand?post=34824"},{"taxonomy":"product_cat","embeddable":true,"href":"https:\/\/olemosaic.orbitalia.org\/fr\/wp-json\/wp\/v2\/product_cat?post=34824"},{"taxonomy":"product_tag","embeddable":true,"href":"https:\/\/olemosaic.orbitalia.org\/fr\/wp-json\/wp\/v2\/product_tag?post=34824"}],"curies":[{"name":"wp","href":"https:\/\/api.w.org\/{rel}","templated":true}]}}