{"id":34817,"date":"2025-02-20T23:36:40","date_gmt":"2025-02-20T22:36:40","guid":{"rendered":"https:\/\/olemosaic.orbitalia.org\/producto\/mug-xl-de-ceramica-caballito-de-mar-beige-2\/"},"modified":"2025-07-25T18:43:27","modified_gmt":"2025-07-25T16:43:27","slug":"mug-xl-en-ceramique-hippocampe-beige-fr","status":"publish","type":"product","link":"https:\/\/olemosaic.orbitalia.org\/fr\/produit\/mug-xl-en-ceramique-hippocampe-beige-fr\/","title":{"rendered":"Mug XL en c\u00e9ramique. Hippocampe. Mosa\u00efque. Beige."},"content":{"rendered":"<p>Nous pr\u00e9sentons le mug XL en c\u00e9ramique d\u00e9cor\u00e9 de vibrants hippocampes, une pi\u00e8ce id\u00e9ale pour ajouter une touche marine \u00e0 n&rsquo;importe quel foyer. Ce mug se distingue par son design \u00e9l\u00e9gant dans les tons beige, qui contraste dynamiquement avec les couleurs vives des hippocampes, donnant vie \u00e0 ses parois avec une mosa\u00efque unique qui \u00e9voque la beaut\u00e9 du monde sous-marin. Chaque hippocampe, dans des nuances d\u00e9licates de bleu, rouge et vert, est entour\u00e9 de plantes marines aux teintes brillantes qui se d\u00e9ploient sur un fond blanc immacul\u00e9, cr\u00e9ant un effet visuel frais et joyeux. Ce design n&rsquo;est pas seulement attrayant \u00e0 l&rsquo;\u0153il, il c\u00e9l\u00e8bre \u00e9galement le riche h\u00e9ritage marin de l&rsquo;Espagne, \u00e9voquant le lien culturel avec la mer M\u00e9diterran\u00e9e et ses \u00e9cosyst\u00e8mes color\u00e9s. En tant que souvenir, il repr\u00e9sente de mani\u00e8re authentique le charme de nos c\u00f4tes, devenant une excellente option pour les touristes \u00e0 la recherche de souvenirs uniques et significatifs de leur visite. Chez Ol\u00e9 Mosaic, nous sommes distributeurs de souvenirs authentiques en gros, et ce mug XL est un merveilleux ajout pour les boutiques de cadeaux touristiques recherchant des produits de qualit\u00e9 et de pertinence culturelle ; chaque pi\u00e8ce refl\u00e8te l&rsquo;artisanat et la passion pour la tradition qui nous caract\u00e9risent.<\/p>\n","protected":false},"excerpt":{"rendered":"<p>Mug XL en c\u00e9ramique d\u00e9cor\u00e9 de joyeux hippocampes, id\u00e9al pour donner une touche marine \u00e0 votre foyer. Ce design pr\u00e9sente des motifs en mosa\u00efque multicolores sur un fond blanc, \u00e9voquant le charme du monde sous-marin. Les hippocampes, entour\u00e9s de plantes marines dans les tons rouges et verts, sont peints avec pr\u00e9cision, offrant une image fra\u00eeche et joyeuse. Parfait pour savourer vos boissons pr\u00e9f\u00e9r\u00e9es avec style.<\/p>\n","protected":false},"featured_media":7684,"template":"","meta":{"_acf_changed":false},"product_brand":[],"product_cat":[728],"product_tag":[530,585],"class_list":{"0":"post-34817","1":"product","2":"type-product","3":"status-publish","4":"has-post-thumbnail","6":"product_cat-mugs","7":"product_tag-animaux","8":"product_tag-ceramique","9":"pa_motivo-hippocampes","11":"first","12":"instock","13":"shipping-taxable","14":"product-type-simple"},"acf":[],"_links":{"self":[{"href":"https:\/\/olemosaic.orbitalia.org\/fr\/wp-json\/wp\/v2\/product\/34817","targetHints":{"allow":["GET"]}}],"collection":[{"href":"https:\/\/olemosaic.orbitalia.org\/fr\/wp-json\/wp\/v2\/product"}],"about":[{"href":"https:\/\/olemosaic.orbitalia.org\/fr\/wp-json\/wp\/v2\/types\/product"}],"wp:featuredmedia":[{"embeddable":true,"href":"https:\/\/olemosaic.orbitalia.org\/fr\/wp-json\/wp\/v2\/media\/7684"}],"wp:attachment":[{"href":"https:\/\/olemosaic.orbitalia.org\/fr\/wp-json\/wp\/v2\/media?parent=34817"}],"wp:term":[{"taxonomy":"product_brand","embeddable":true,"href":"https:\/\/olemosaic.orbitalia.org\/fr\/wp-json\/wp\/v2\/product_brand?post=34817"},{"taxonomy":"product_cat","embeddable":true,"href":"https:\/\/olemosaic.orbitalia.org\/fr\/wp-json\/wp\/v2\/product_cat?post=34817"},{"taxonomy":"product_tag","embeddable":true,"href":"https:\/\/olemosaic.orbitalia.org\/fr\/wp-json\/wp\/v2\/product_tag?post=34817"}],"curies":[{"name":"wp","href":"https:\/\/api.w.org\/{rel}","templated":true}]}}