{"id":34815,"date":"2025-02-20T23:36:39","date_gmt":"2025-02-20T22:36:39","guid":{"rendered":"https:\/\/olemosaic.orbitalia.org\/producto\/llavero-de-madera-letra-j-sevilla\/"},"modified":"2025-07-25T19:16:20","modified_gmt":"2025-07-25T17:16:20","slug":"porte-cles-en-bois-lettre-j-seville","status":"publish","type":"product","link":"https:\/\/olemosaic.orbitalia.org\/fr\/produit\/porte-cles-en-bois-lettre-j-seville\/","title":{"rendered":"Porte-cl\u00e9s en bois. Lettre J. S\u00e9ville."},"content":{"rendered":"<p>Nous pr\u00e9sentons le charmant porte-cl\u00e9s en bois avec la lettre J, un magnifique souvenir qui capture l&rsquo;essence et la beaut\u00e9 de S\u00e9ville. Ce porte-cl\u00e9s exclusif pr\u00e9sente une illustration vibrante d&rsquo;un monument embl\u00e9matique de la ville, fusionn\u00e9 avec une cal\u00e8che typique, le tout peint \u00e0 la main dans une palette de couleurs captivante : rouge, jaune et bleu. La partie avant du porte-cl\u00e9s montre la majest\u00e9 de S\u00e9ville, avec des d\u00e9tails repr\u00e9sentant son architecture singuli\u00e8re, tandis que l&rsquo;arri\u00e8re r\u00e9v\u00e8le une repr\u00e9sentation color\u00e9e de la mosa\u00efque s\u00e9villane, un symbole patrimonial de la r\u00e9gion. Ce porte-cl\u00e9s en bois n&rsquo;est pas seulement fonctionnel, c&rsquo;est un souvenir parfait de la culture andalouse et de sa riche histoire.<\/p>\n<p>Le porte-cl\u00e9s est une excellente option pour les touristes \u00e0 la recherche de souvenirs embl\u00e9matiques de S\u00e9ville, \u00e0 emporter avec soi comme symbole de leur visite. Chez Ol\u00e9 Mosaic, nous nous consacrons \u00e0 offrir des souvenirs authentiques et artisanaux en gros, et ce porte-cl\u00e9s est id\u00e9al pour les boutiques de cadeaux touristiques souhaitant proposer des produits repr\u00e9sentatifs de la culture locale. Son design tr\u00e8s sp\u00e9cial et color\u00e9 garantit sa pertinence culturelle et en fait un article attrayant pour attirer les voyageurs qui souhaitent ramener un petit morceau de S\u00e9ville chez eux.<\/p>\n","protected":false},"excerpt":{"rendered":"<p>Porte-cl\u00e9s en bois en forme de lettre J, con\u00e7u pour repr\u00e9senter la beaut\u00e9 de S\u00e9ville. Ce porte-cl\u00e9s pr\u00e9sente une illustration vibrante d&rsquo;un monument embl\u00e9matique de la ville et d&rsquo;une cal\u00e8che typique, avec des d\u00e9tails peints \u00e0 la main dans des couleurs vives comme le rouge, le jaune et le bleu. La partie arri\u00e8re montre une repr\u00e9sentation color\u00e9e de la mosa\u00efque s\u00e9villane, ce qui en fait un souvenir parfait et fonctionnel de la culture andalouse.<\/p>\n","protected":false},"featured_media":10894,"template":"","meta":{"_acf_changed":false},"product_brand":[],"product_cat":[607],"product_tag":[614],"class_list":{"0":"post-34815","1":"product","2":"type-product","3":"status-publish","4":"has-post-thumbnail","6":"product_cat-porte-cles","7":"product_tag-lettres","8":"pa_ciudad-sevilla","9":"pa_motivo-lettre-j","10":"pa_pais-espana","12":"first","13":"instock","14":"shipping-taxable","15":"product-type-simple"},"acf":[],"_links":{"self":[{"href":"https:\/\/olemosaic.orbitalia.org\/fr\/wp-json\/wp\/v2\/product\/34815","targetHints":{"allow":["GET"]}}],"collection":[{"href":"https:\/\/olemosaic.orbitalia.org\/fr\/wp-json\/wp\/v2\/product"}],"about":[{"href":"https:\/\/olemosaic.orbitalia.org\/fr\/wp-json\/wp\/v2\/types\/product"}],"wp:featuredmedia":[{"embeddable":true,"href":"https:\/\/olemosaic.orbitalia.org\/fr\/wp-json\/wp\/v2\/media\/10894"}],"wp:attachment":[{"href":"https:\/\/olemosaic.orbitalia.org\/fr\/wp-json\/wp\/v2\/media?parent=34815"}],"wp:term":[{"taxonomy":"product_brand","embeddable":true,"href":"https:\/\/olemosaic.orbitalia.org\/fr\/wp-json\/wp\/v2\/product_brand?post=34815"},{"taxonomy":"product_cat","embeddable":true,"href":"https:\/\/olemosaic.orbitalia.org\/fr\/wp-json\/wp\/v2\/product_cat?post=34815"},{"taxonomy":"product_tag","embeddable":true,"href":"https:\/\/olemosaic.orbitalia.org\/fr\/wp-json\/wp\/v2\/product_tag?post=34815"}],"curies":[{"name":"wp","href":"https:\/\/api.w.org\/{rel}","templated":true}]}}