{"id":34813,"date":"2025-02-20T23:36:39","date_gmt":"2025-02-20T22:36:39","guid":{"rendered":"https:\/\/olemosaic.orbitalia.org\/producto\/colgador-de-ceramica-golondrina-lisboa-3\/"},"modified":"2025-07-25T18:34:08","modified_gmt":"2025-07-25T16:34:08","slug":"patere-en-ceramique-hirondelle-lisbonne-3","status":"publish","type":"product","link":"https:\/\/olemosaic.orbitalia.org\/fr\/produit\/patere-en-ceramique-hirondelle-lisbonne-3\/","title":{"rendered":"Pat\u00e8re en c\u00e9ramique. Hirondelle. Lisbonne. Portugal."},"content":{"rendered":"<p>Nous vous pr\u00e9sentons la pat\u00e8re en c\u00e9ramique en forme d&rsquo;hirondelle, un joyau d\u00e9coratif inspir\u00e9 par la beaut\u00e9 vibrante de Lisbonne. Ce design charmant, peint \u00e0 la main, se distingue par sa finition pleine de vie, avec une palette de couleurs vibrantes comprenant des rouges intenses, des bleus profonds, des jaunes joyeux et des verts frais. D\u00e9cor\u00e9e de d\u00e9licats motifs floraux et de motifs abstraits, chaque pi\u00e8ce est unique et refl\u00e8te la riche tradition artisanale portugaise. L&rsquo;hirondelle, symbole de joie et de libert\u00e9, \u00e9voque l&rsquo;essence des cieux lumineux de Lisbonne et devient un \u00e9l\u00e9ment d\u00e9coratif attrayant pour n&rsquo;importe quel espace, que ce soit \u00e0 la maison ou dans un environnement commercial.<\/p>\n<p>Sa surface lisse et ses contours \u00e9l\u00e9gants apportent non seulement une touche distinctive \u00e0 la d\u00e9coration int\u00e9rieure, mais c\u00e9l\u00e8brent \u00e9galement le lien \u00e9motionnel avec la culture lisbo\u00e8te. Cette pat\u00e8re en c\u00e9ramique est un souvenir authentique, id\u00e9al pour les touristes qui cherchent \u00e0 emporter un morceau de l&rsquo;histoire et de l&rsquo;art du Portugal traditionnel. Chez Ol\u00e9 Mosaic, en tant qu&rsquo;experts dans la distribution de souvenirs en gros, nous garantissons que chaque pat\u00e8re en c\u00e9ramique est une repr\u00e9sentation authentique de la beaut\u00e9 culturelle de Lisbonne. Ce produit est une excellente option pour les boutiques de cadeaux touristiques souhaitant offrir des articles de qualit\u00e9 et de sens. D\u00e9couvrez la magie de Lisbonne \u00e0 travers cette pat\u00e8re d\u00e9corative !<\/p>\n","protected":false},"excerpt":{"rendered":"<p>Pat\u00e8re en c\u00e9ramique en forme d&rsquo;hirondelle, inspir\u00e9e par la beaut\u00e9 de Lisbonne. Ce design charmant, de conception artisanale et peint \u00e0 la main, pr\u00e9sente une vari\u00e9t\u00e9 de couleurs vibrantes comme le rouge, le bleu, le jaune et le vert, orn\u00e9 de motifs floraux et de motifs abstraits. L&rsquo;hirondelle symbolise la joie et la libert\u00e9, devenant un \u00e9l\u00e9ment d\u00e9coratif de premier plan pour n&rsquo;importe quel espace. Sa finition lisse et ses contours \u00e9l\u00e9gants apportent une touche artistique unique \u00e0 la d\u00e9coration de votre maison.<\/p>\n","protected":false},"featured_media":11236,"template":"","meta":{"_acf_changed":false},"product_brand":[],"product_cat":[791],"product_tag":[530,585],"class_list":{"0":"post-34813","1":"product","2":"type-product","3":"status-publish","4":"has-post-thumbnail","6":"product_cat-pateres","7":"product_tag-animaux","8":"product_tag-ceramique","9":"pa_ciudad-lisboa","10":"pa_motivo-hirondelles","11":"pa_pais-portugal","13":"first","14":"instock","15":"shipping-taxable","16":"product-type-simple"},"acf":[],"_links":{"self":[{"href":"https:\/\/olemosaic.orbitalia.org\/fr\/wp-json\/wp\/v2\/product\/34813","targetHints":{"allow":["GET"]}}],"collection":[{"href":"https:\/\/olemosaic.orbitalia.org\/fr\/wp-json\/wp\/v2\/product"}],"about":[{"href":"https:\/\/olemosaic.orbitalia.org\/fr\/wp-json\/wp\/v2\/types\/product"}],"wp:featuredmedia":[{"embeddable":true,"href":"https:\/\/olemosaic.orbitalia.org\/fr\/wp-json\/wp\/v2\/media\/11236"}],"wp:attachment":[{"href":"https:\/\/olemosaic.orbitalia.org\/fr\/wp-json\/wp\/v2\/media?parent=34813"}],"wp:term":[{"taxonomy":"product_brand","embeddable":true,"href":"https:\/\/olemosaic.orbitalia.org\/fr\/wp-json\/wp\/v2\/product_brand?post=34813"},{"taxonomy":"product_cat","embeddable":true,"href":"https:\/\/olemosaic.orbitalia.org\/fr\/wp-json\/wp\/v2\/product_cat?post=34813"},{"taxonomy":"product_tag","embeddable":true,"href":"https:\/\/olemosaic.orbitalia.org\/fr\/wp-json\/wp\/v2\/product_tag?post=34813"}],"curies":[{"name":"wp","href":"https:\/\/api.w.org\/{rel}","templated":true}]}}