{"id":34812,"date":"2025-02-20T23:36:39","date_gmt":"2025-02-20T22:36:39","guid":{"rendered":"https:\/\/olemosaic.orbitalia.org\/producto\/bol-de-coco-fucsia-tortuga-3\/"},"modified":"2025-07-25T20:02:17","modified_gmt":"2025-07-25T18:02:17","slug":"bol-en-noix-de-coco-fuchsia-tortue-3","status":"publish","type":"product","link":"https:\/\/olemosaic.orbitalia.org\/fr\/produit\/bol-en-noix-de-coco-fuchsia-tortue-3\/","title":{"rendered":"Bol en noix de coco fuchsia. Tortue. Motif c\u0153urs."},"content":{"rendered":"<p>Nous pr\u00e9sentons le bol en noix de coco fuchsia d\u00e9cor\u00e9 d&rsquo;une sympathique tortue, un article qui apporte une touche vibrante et joyeuse \u00e0 n&rsquo;importe quel espace. Ce bol exquis, \u00e9labor\u00e9 de mani\u00e8re artisanale, combine un fond orang\u00e9 mouchet\u00e9 audacieux qui \u00e9voque les beaux couchers de soleil m\u00e9diterran\u00e9ens, se d\u00e9tachant sur sa base fuchsia exub\u00e9rante. La tortue, d\u00e9licatement grav\u00e9e au centre, ajoute non seulement un \u00e9l\u00e9ment distinctif, mais symbolise \u00e9galement la connexion avec la nature, un aspect tr\u00e8s valoris\u00e9 dans la culture m\u00e9diterran\u00e9enne.<\/p>\n<p>Autour de la tortue, nous trouvons un festival de c\u0153urs dans un ton rose vibrant qui cr\u00e9e une atmosph\u00e8re accueillante et joyeuse, id\u00e9ale pour toute r\u00e9union sociale. Ce bol est non seulement parfait comme accessoire d\u00e9coratif, mais aussi pour servir des ap\u00e9ritifs, devenant un centre de table attrayant qui captivera vos invit\u00e9s.<\/p>\n<p>Le bol en noix de coco fuchsia est un souvenir authentique qui capture l&rsquo;essence de la tradition artisanale de la r\u00e9gion, garantissant authenticit\u00e9 et qualit\u00e9. Chez Ol\u00e9 Mosaic, nous sommes des distributeurs sp\u00e9cialis\u00e9s dans les souvenirs qui se distinguent par leur design unique et leur pertinence culturelle. Ce bol est une excellente option pour les boutiques de cadeaux touristiques qui cherchent \u00e0 offrir des produits authentiques et artistiques, parfaits pour que les touristes emportent un morceau de la culture m\u00e9diterran\u00e9enne chez eux.<\/p>\n","protected":false},"excerpt":{"rendered":"<p>Bol en noix de coco fuchsia d\u00e9cor\u00e9 d&rsquo;une tortue, id\u00e9al pour donner une touche vibrante \u00e0 n&rsquo;importe quel espace. Cet article exquis, fabriqu\u00e9 de mani\u00e8re artisanale, pr\u00e9sente un fond orang\u00e9 mouchet\u00e9 qui ressort sur une base fuchsia exub\u00e9rante. La tortue, grav\u00e9e au centre, ajoute un \u00e9l\u00e9ment distinctif, tandis que les c\u0153urs qui l&rsquo;entourent cr\u00e9ent une atmosph\u00e8re charmante. Parfait comme accessoire d\u00e9coratif ou pour servir des ap\u00e9ritifs lors d&rsquo;une r\u00e9union.<\/p>\n","protected":false},"featured_media":10186,"template":"","meta":{"_acf_changed":false},"product_brand":[],"product_cat":[521],"product_tag":[530],"class_list":{"0":"post-34812","1":"product","2":"type-product","3":"status-publish","4":"has-post-thumbnail","6":"product_cat-bols","7":"product_tag-animaux","8":"pa_motivo-tortues","10":"first","11":"instock","12":"shipping-taxable","13":"product-type-simple"},"acf":[],"_links":{"self":[{"href":"https:\/\/olemosaic.orbitalia.org\/fr\/wp-json\/wp\/v2\/product\/34812","targetHints":{"allow":["GET"]}}],"collection":[{"href":"https:\/\/olemosaic.orbitalia.org\/fr\/wp-json\/wp\/v2\/product"}],"about":[{"href":"https:\/\/olemosaic.orbitalia.org\/fr\/wp-json\/wp\/v2\/types\/product"}],"wp:featuredmedia":[{"embeddable":true,"href":"https:\/\/olemosaic.orbitalia.org\/fr\/wp-json\/wp\/v2\/media\/10186"}],"wp:attachment":[{"href":"https:\/\/olemosaic.orbitalia.org\/fr\/wp-json\/wp\/v2\/media?parent=34812"}],"wp:term":[{"taxonomy":"product_brand","embeddable":true,"href":"https:\/\/olemosaic.orbitalia.org\/fr\/wp-json\/wp\/v2\/product_brand?post=34812"},{"taxonomy":"product_cat","embeddable":true,"href":"https:\/\/olemosaic.orbitalia.org\/fr\/wp-json\/wp\/v2\/product_cat?post=34812"},{"taxonomy":"product_tag","embeddable":true,"href":"https:\/\/olemosaic.orbitalia.org\/fr\/wp-json\/wp\/v2\/product_tag?post=34812"}],"curies":[{"name":"wp","href":"https:\/\/api.w.org\/{rel}","templated":true}]}}