{"id":34811,"date":"2025-02-20T23:36:39","date_gmt":"2025-02-20T22:36:39","guid":{"rendered":"https:\/\/olemosaic.orbitalia.org\/producto\/bol-de-coco-azul-flor-4\/"},"modified":"2025-07-25T20:22:05","modified_gmt":"2025-07-25T18:22:05","slug":"bol-en-noix-de-coco-bleu-fleur-4","status":"publish","type":"product","link":"https:\/\/olemosaic.orbitalia.org\/fr\/produit\/bol-en-noix-de-coco-bleu-fleur-4\/","title":{"rendered":"Bol en noix de coco bleu. Fleur. Style m\u00e9diterran\u00e9en."},"content":{"rendered":"<p>Nous pr\u00e9sentons le bol en noix de coco bleu d\u00e9cor\u00e9, une v\u00e9ritable \u0153uvre d&rsquo;art qui capture l&rsquo;essence du folklore m\u00e9diterran\u00e9en. Ce bol \u00e9l\u00e9gant, fabriqu\u00e9 \u00e0 partir de mat\u00e9riaux naturels, se distingue par son design vibrant peint \u00e0 la main dans des tons bleus et blancs, \u00e9voquant la beaut\u00e9 de la c\u00e9ramique traditionnelle de la r\u00e9gion. En son centre, une magnifique fleur ressort avec de d\u00e9licats p\u00e9tales bleus, entour\u00e9e d&rsquo;un motif complexe qui compl\u00e8te sa beaut\u00e9. Les d\u00e9tails en blanc marbr\u00e9 cr\u00e9ent une sensation de texture visuelle, apportant un attrait suppl\u00e9mentaire \u00e0 cette pi\u00e8ce. Son design est non seulement id\u00e9al pour servir des ap\u00e9ritifs, mais il fonctionne \u00e9galement comme un charmant \u00e9l\u00e9ment d\u00e9coratif qui rehaussera n&rsquo;importe quel espace de la maison.<\/p>\n<p>Ce bol symbolise le riche h\u00e9ritage culturel de la M\u00e9diterran\u00e9e, devenant un souvenir authentique id\u00e9al pour les touristes qui cherchent \u00e0 emporter un fragment de cette tradition artisanale. Chez Ol\u00e9 Mosaic, nous nous sp\u00e9cialisons dans la distribution de souvenirs en gros, et ce bol en noix de coco bleu est une excellente option pour les boutiques de cadeaux touristiques souhaitant offrir des produits repr\u00e9sentatifs de la culture locale. Son authenticit\u00e9 et sa pertinence culturelle garantissent que chaque client profite d&rsquo;une exp\u00e9rience m\u00e9morable \u00e0 chaque utilisation, que ce soit lors d&rsquo;une c\u00e9l\u00e9bration ou comme pi\u00e8ce d\u00e9corative.<\/p>\n","protected":false},"excerpt":{"rendered":"<p>Bol en noix de coco bleu d\u00e9cor\u00e9 d&rsquo;une magnifique fleur au centre, repr\u00e9sentant l&rsquo;essence de l&rsquo;art traditionnel. Ce bol \u00e9l\u00e9gant, fait de mat\u00e9riau naturel, pr\u00e9sente un design artisanal peint \u00e0 la main dans des tons bleus et blancs, rehauss\u00e9 de d\u00e9tails d\u00e9licats \u00e9voquant des motifs floraux. Id\u00e9al comme \u00e9l\u00e9ment d\u00e9coratif ou pour servir des ap\u00e9ritifs, ce bol capture la beaut\u00e9 du folklore m\u00e9diterran\u00e9en, en faisant un souvenir authentique de la r\u00e9gion.<\/p>\n","protected":false},"featured_media":10065,"template":"","meta":{"_acf_changed":false},"product_brand":[],"product_cat":[521],"product_tag":[],"class_list":{"0":"post-34811","1":"product","2":"type-product","3":"status-publish","4":"has-post-thumbnail","6":"product_cat-bols","7":"pa_motivo-fleurs","9":"first","10":"instock","11":"shipping-taxable","12":"product-type-simple"},"acf":[],"_links":{"self":[{"href":"https:\/\/olemosaic.orbitalia.org\/fr\/wp-json\/wp\/v2\/product\/34811","targetHints":{"allow":["GET"]}}],"collection":[{"href":"https:\/\/olemosaic.orbitalia.org\/fr\/wp-json\/wp\/v2\/product"}],"about":[{"href":"https:\/\/olemosaic.orbitalia.org\/fr\/wp-json\/wp\/v2\/types\/product"}],"wp:featuredmedia":[{"embeddable":true,"href":"https:\/\/olemosaic.orbitalia.org\/fr\/wp-json\/wp\/v2\/media\/10065"}],"wp:attachment":[{"href":"https:\/\/olemosaic.orbitalia.org\/fr\/wp-json\/wp\/v2\/media?parent=34811"}],"wp:term":[{"taxonomy":"product_brand","embeddable":true,"href":"https:\/\/olemosaic.orbitalia.org\/fr\/wp-json\/wp\/v2\/product_brand?post=34811"},{"taxonomy":"product_cat","embeddable":true,"href":"https:\/\/olemosaic.orbitalia.org\/fr\/wp-json\/wp\/v2\/product_cat?post=34811"},{"taxonomy":"product_tag","embeddable":true,"href":"https:\/\/olemosaic.orbitalia.org\/fr\/wp-json\/wp\/v2\/product_tag?post=34811"}],"curies":[{"name":"wp","href":"https:\/\/api.w.org\/{rel}","templated":true}]}}