{"id":34809,"date":"2025-02-20T23:36:38","date_gmt":"2025-02-20T22:36:38","guid":{"rendered":"https:\/\/olemosaic.orbitalia.org\/producto\/portavelas-de-ceramica-punt-de-trobada-barcelona-blanco\/"},"modified":"2025-07-25T19:43:31","modified_gmt":"2025-07-25T17:43:31","slug":"photophore-en-ceramique-punt-de-trobada-barcelone-blanc","status":"publish","type":"product","link":"https:\/\/olemosaic.orbitalia.org\/fr\/produit\/photophore-en-ceramique-punt-de-trobada-barcelone-blanc\/","title":{"rendered":"Photophore en c\u00e9ramique. Punt de trobada. Barcelone. Blanc."},"content":{"rendered":"<p>Photophore en c\u00e9ramique au design moderne \u00ab\u00a0Punt de Trobada\u00a0\u00bb de Barcelone<\/p>\n<p>Ce photophore \u00e9l\u00e9gant en c\u00e9ramique est une magnifique repr\u00e9sentation de l&rsquo;art moderne barcelonais, id\u00e9al pour ceux qui recherchent une touche distinctive pour leur int\u00e9rieur. Sa forme carr\u00e9e et sa couleur blanche \u00e9clatante offrent une base \u00e9pur\u00e9e qui met en valeur la d\u00e9coration en mosa\u00efques, o\u00f9 s&rsquo;entrelacent des couleurs vives comme le rouge, le bleu, le vert et le noir. Ce design dynamique n&rsquo;illumine pas seulement les espaces, mais capture \u00e9galement l&rsquo;essence de la cr\u00e9ativit\u00e9 et de l&rsquo;esprit artistique de la ville.<\/p>\n<p>Le motif \u00ab\u00a0Punt de Trobada\u00a0\u00bb, qui sugg\u00e8re une r\u00e9union de formes et de couleurs, est un hommage \u00e0 la c\u00e9l\u00e8bre \u0153uvre d&rsquo;Antoni Gaud\u00ed et \u00e0 son influence sur l&rsquo;architecture et l&rsquo;art de Barcelone. La finition polie de la surface et l&rsquo;attention m\u00e9ticuleuse port\u00e9e aux d\u00e9tails de chaque \u00e9l\u00e9ment graphique font de ce photophore un objet d&rsquo;art pratique, parfait pour tout environnement contemporain.<\/p>\n<p>En tant que souvenir authentique de Barcelone, ce photophore n&rsquo;est pas seulement un article d\u00e9coratif, mais aussi un rappel tangible du riche h\u00e9ritage culturel de la ville. Chez Ol\u00e9 Mosaic, nous sommes sp\u00e9cialis\u00e9s dans la distribution de souvenirs en gros et ce photophore en c\u00e9ramique est une excellente option pour les boutiques de cadeaux touristiques souhaitant offrir des produits authentiques et culturels \u00e0 leurs clients. Une pi\u00e8ce qui attirera certainement l&rsquo;attention de ceux qui recherchent des souvenirs m\u00e9morables de leur visite dans cette ville vibrante.<\/p>\n","protected":false},"excerpt":{"rendered":"<p>Photophore en c\u00e9ramique au design tr\u00e8s sp\u00e9cial, inspir\u00e9 de l&rsquo;art moderne barcelonais. Cet \u00e9l\u00e9gant photophore carr\u00e9, de couleur blanche, pr\u00e9sente une d\u00e9coration de mosa\u00efques aux couleurs vibrantes comme le rouge, le bleu, le vert et le noir, cr\u00e9ant un contraste attrayant avec sa base claire. Le motif \u00ab Punt de trobada \u00bb souligne l&rsquo;essence de la ville, et sa finition polie, associ\u00e9e \u00e0 l&rsquo;attention port\u00e9e aux d\u00e9tails des \u00e9l\u00e9ments graphiques, en font un accessoire d\u00e9coratif id\u00e9al pour toute maison.<\/p>\n","protected":false},"featured_media":9148,"template":"","meta":{"_acf_changed":false},"product_brand":[],"product_cat":[809],"product_tag":[585],"class_list":{"0":"post-34809","1":"product","2":"type-product","3":"status-publish","4":"has-post-thumbnail","6":"product_cat-photophores","7":"product_tag-ceramique","8":"pa_ciudad-barcelona","9":"pa_motivo-punt-de-trobada","10":"pa_pais-espana","12":"first","13":"instock","14":"shipping-taxable","15":"product-type-simple"},"acf":[],"_links":{"self":[{"href":"https:\/\/olemosaic.orbitalia.org\/fr\/wp-json\/wp\/v2\/product\/34809","targetHints":{"allow":["GET"]}}],"collection":[{"href":"https:\/\/olemosaic.orbitalia.org\/fr\/wp-json\/wp\/v2\/product"}],"about":[{"href":"https:\/\/olemosaic.orbitalia.org\/fr\/wp-json\/wp\/v2\/types\/product"}],"wp:featuredmedia":[{"embeddable":true,"href":"https:\/\/olemosaic.orbitalia.org\/fr\/wp-json\/wp\/v2\/media\/9148"}],"wp:attachment":[{"href":"https:\/\/olemosaic.orbitalia.org\/fr\/wp-json\/wp\/v2\/media?parent=34809"}],"wp:term":[{"taxonomy":"product_brand","embeddable":true,"href":"https:\/\/olemosaic.orbitalia.org\/fr\/wp-json\/wp\/v2\/product_brand?post=34809"},{"taxonomy":"product_cat","embeddable":true,"href":"https:\/\/olemosaic.orbitalia.org\/fr\/wp-json\/wp\/v2\/product_cat?post=34809"},{"taxonomy":"product_tag","embeddable":true,"href":"https:\/\/olemosaic.orbitalia.org\/fr\/wp-json\/wp\/v2\/product_tag?post=34809"}],"curies":[{"name":"wp","href":"https:\/\/api.w.org\/{rel}","templated":true}]}}