{"id":34802,"date":"2025-02-20T23:36:38","date_gmt":"2025-02-20T22:36:38","guid":{"rendered":"https:\/\/olemosaic.orbitalia.org\/producto\/plato-de-ceramica-de-10-cm-toros-blanco\/"},"modified":"2025-07-25T19:07:44","modified_gmt":"2025-07-25T17:07:44","slug":"assiette-en-ceramique-de-10-cm-taureaux-blanc","status":"publish","type":"product","link":"https:\/\/olemosaic.orbitalia.org\/fr\/produit\/assiette-en-ceramique-de-10-cm-taureaux-blanc\/","title":{"rendered":"Assiette en c\u00e9ramique de 10 cm. Taureaux. Blanc."},"content":{"rendered":"<p>Assiette d\u00e9corative en c\u00e9ramique de 10 cm, parfaite pour capturer l&rsquo;essence du folklore espagnol. Cette magnifique assiette, \u00e0 base blanche, est m\u00e9ticuleusement d\u00e9cor\u00e9e d&rsquo;un design vibrant pr\u00e9sentant un taureau color\u00e9, ainsi qu&rsquo;un tournesol ensoleill\u00e9, dans un style mosa\u00efque qui \u00e9voque la riche tradition culturelle de l&rsquo;Espagne. Les tons brillants rouges, verts et bleus, combin\u00e9s \u00e0 des d\u00e9tails en jaune et orange, apportent une touche de joie et de vitalit\u00e9, faisant de cette assiette une excellente option tant pour la d\u00e9coration que pour le cadeau.<\/p>\n<p>Le design de cette assiette se distingue par sa technique de peinture \u00e0 la main, ce qui garantit que chaque pi\u00e8ce est unique et sp\u00e9ciale. Cette singularit\u00e9 souligne l&rsquo;authenticit\u00e9 du produit, en faisant un souvenir parfait qui repr\u00e9sente les traditions taurines et festives de l&rsquo;Espagne. La connexion culturelle de cet objet, qui \u00e9voque des sc\u00e8nes de corridas et la beaut\u00e9 de la flore espagnole, en fait un cadeau significatif pour ceux qui souhaitent emporter un morceau du riche h\u00e9ritage culturel espagnol.<\/p>\n<p>Chez Ol\u00e9 Mosaic, nous sommes experts dans la distribution de souvenirs en gros, offrant des produits de haute qualit\u00e9 comme cette assiette d\u00e9corative. C&rsquo;est un choix id\u00e9al pour les boutiques de cadeaux touristiques \u00e0 la recherche d&rsquo;articles authentiques et repr\u00e9sentatifs de l&rsquo;Espagne, en phase avec l&rsquo;int\u00e9r\u00eat des touristes pour les souvenirs inspir\u00e9s de la culture locale.<\/p>\n","protected":false},"excerpt":{"rendered":"<p>Assiette en c\u00e9ramique de 10 cm, d\u00e9cor\u00e9e d&rsquo;un design vibrant de taureaux et d&rsquo;un tournesol color\u00e9. Cette assiette, \u00e0 base blanche, pr\u00e9sente un style mosa\u00efque qui se distingue par ses tons brillants rouges, verts et bleus, capturant l&rsquo;essence du folklore espagnol. La technique de conception artisanale, peinte \u00e0 la main, garantit la singularit\u00e9 de chaque pi\u00e8ce, en faisant un souvenir attrayant qui \u00e9voque la riche tradition taurine et culturelle de l&rsquo;Espagne. Id\u00e9ale pour un usage d\u00e9coratif ou comme cadeau.<\/p>\n","protected":false},"featured_media":8533,"template":"","meta":{"_acf_changed":false},"product_brand":[],"product_cat":[656],"product_tag":[530,585],"class_list":{"0":"post-34802","1":"product","2":"type-product","3":"status-publish","4":"has-post-thumbnail","6":"product_cat-assiettes-decoratives","7":"product_tag-animaux","8":"product_tag-ceramique","9":"pa_motivo-taureaux","11":"first","12":"instock","13":"shipping-taxable","14":"product-type-simple"},"acf":[],"_links":{"self":[{"href":"https:\/\/olemosaic.orbitalia.org\/fr\/wp-json\/wp\/v2\/product\/34802","targetHints":{"allow":["GET"]}}],"collection":[{"href":"https:\/\/olemosaic.orbitalia.org\/fr\/wp-json\/wp\/v2\/product"}],"about":[{"href":"https:\/\/olemosaic.orbitalia.org\/fr\/wp-json\/wp\/v2\/types\/product"}],"wp:featuredmedia":[{"embeddable":true,"href":"https:\/\/olemosaic.orbitalia.org\/fr\/wp-json\/wp\/v2\/media\/8533"}],"wp:attachment":[{"href":"https:\/\/olemosaic.orbitalia.org\/fr\/wp-json\/wp\/v2\/media?parent=34802"}],"wp:term":[{"taxonomy":"product_brand","embeddable":true,"href":"https:\/\/olemosaic.orbitalia.org\/fr\/wp-json\/wp\/v2\/product_brand?post=34802"},{"taxonomy":"product_cat","embeddable":true,"href":"https:\/\/olemosaic.orbitalia.org\/fr\/wp-json\/wp\/v2\/product_cat?post=34802"},{"taxonomy":"product_tag","embeddable":true,"href":"https:\/\/olemosaic.orbitalia.org\/fr\/wp-json\/wp\/v2\/product_tag?post=34802"}],"curies":[{"name":"wp","href":"https:\/\/api.w.org\/{rel}","templated":true}]}}