{"id":34800,"date":"2025-02-20T23:36:37","date_gmt":"2025-02-20T22:36:37","guid":{"rendered":"https:\/\/olemosaic.orbitalia.org\/producto\/plato-de-ceramica-de-15-cm-patio-blanco-2\/"},"modified":"2025-07-25T20:38:10","modified_gmt":"2025-07-25T18:38:10","slug":"assiette-en-ceramique-de-15-cm-patio-blanc-2","status":"publish","type":"product","link":"https:\/\/olemosaic.orbitalia.org\/fr\/produit\/assiette-en-ceramique-de-15-cm-patio-blanc-2\/","title":{"rendered":"Assiette en c\u00e9ramique de 15 cm. Patio andalou. Blanc."},"content":{"rendered":"<p>Assiette en c\u00e9ramique d\u00e9cor\u00e9e d&rsquo;un design vibrant \u00e9voquant l&rsquo;essence du folklore espagnol. Cette attrayante assiette en c\u00e9ramique, de 15 cm de diam\u00e8tre, pr\u00e9sente un fond blanc pur qui met en valeur une charmante sc\u00e8ne typique d&rsquo;un patio andalou. Sur l&rsquo;illustration, une danseuse, v\u00eatue d&rsquo;une robe vibrante \u00e0 volants rouges et d\u00e9tails blancs, est en plein milieu d&rsquo;une danse, tandis qu&rsquo;un danseur l&rsquo;accompagne \u00e0 la guitare, cr\u00e9ant une atmosph\u00e8re festive et joyeuse. Autour, les pots de fleurs color\u00e9s orn\u00e9s de fleurs rouges et vertes compl\u00e8tent le tableau, transportant le spectateur vers la chaleur et le charme de la culture espagnole.<\/p>\n<p>Les d\u00e9tails peints \u00e0 la main apportent de l&rsquo;authenticit\u00e9 et une touche personnelle, faisant de cette assiette un souvenir exceptionnel qui repr\u00e9sente la tradition et l&rsquo;art de l&rsquo;Espagne. Cette assiette n&rsquo;est pas seulement id\u00e9ale pour les collectionneurs et les amateurs d&rsquo;art, mais elle sert \u00e9galement de magnifique pi\u00e8ce d\u00e9corative pour n&rsquo;importe quel foyer, \u00e9voquant la joie des festivit\u00e9s espagnoles. Chez Ol\u00e9 Mosaic, nous sommes fiers de proposer des assiettes en c\u00e9ramique authentiques et artisanales qui encapsulent l&rsquo;h\u00e9ritage culturel espagnol, en faisant des souvenirs parfaits pour les touristes cherchant \u00e0 emporter un petit morceau d&rsquo;Espagne. En tant que distributeurs de souvenirs en c\u00e9ramique, nous garantissons la qualit\u00e9 et la singularit\u00e9 de chaque pi\u00e8ce, id\u00e9ale pour les boutiques de cadeaux touristiques \u00e0 la recherche de produits authentiques.<\/p>\n","protected":false},"excerpt":{"rendered":"<p>Assiette en c\u00e9ramique de 15 cm, d\u00e9cor\u00e9e d&rsquo;un design vibrant \u00e9voquant l&rsquo;essence du folklore espagnol. Cette assiette blanche pr\u00e9sente une sc\u00e8ne typique d&rsquo;un patio andalou, avec une danseuse v\u00eatue de volants rouges, un danseur accompagn\u00e9 d&rsquo;une guitare et des pots de fleurs color\u00e9s ornant l&rsquo;environnement. Les d\u00e9tails sont peints \u00e0 la main, soulignant le caract\u00e8re festif et culturel de l&rsquo;Espagne. Id\u00e9ale comme souvenir ou pour d\u00e9corer n&rsquo;importe quel espace.<\/p>\n","protected":false},"featured_media":8493,"template":"","meta":{"_acf_changed":false},"product_brand":[],"product_cat":[656],"product_tag":[585],"class_list":{"0":"post-34800","1":"product","2":"type-product","3":"status-publish","4":"has-post-thumbnail","6":"product_cat-assiettes-decoratives","7":"product_tag-ceramique","8":"pa_motivo-cours-interieures","10":"first","11":"instock","12":"shipping-taxable","13":"product-type-simple"},"acf":[],"_links":{"self":[{"href":"https:\/\/olemosaic.orbitalia.org\/fr\/wp-json\/wp\/v2\/product\/34800","targetHints":{"allow":["GET"]}}],"collection":[{"href":"https:\/\/olemosaic.orbitalia.org\/fr\/wp-json\/wp\/v2\/product"}],"about":[{"href":"https:\/\/olemosaic.orbitalia.org\/fr\/wp-json\/wp\/v2\/types\/product"}],"wp:featuredmedia":[{"embeddable":true,"href":"https:\/\/olemosaic.orbitalia.org\/fr\/wp-json\/wp\/v2\/media\/8493"}],"wp:attachment":[{"href":"https:\/\/olemosaic.orbitalia.org\/fr\/wp-json\/wp\/v2\/media?parent=34800"}],"wp:term":[{"taxonomy":"product_brand","embeddable":true,"href":"https:\/\/olemosaic.orbitalia.org\/fr\/wp-json\/wp\/v2\/product_brand?post=34800"},{"taxonomy":"product_cat","embeddable":true,"href":"https:\/\/olemosaic.orbitalia.org\/fr\/wp-json\/wp\/v2\/product_cat?post=34800"},{"taxonomy":"product_tag","embeddable":true,"href":"https:\/\/olemosaic.orbitalia.org\/fr\/wp-json\/wp\/v2\/product_tag?post=34800"}],"curies":[{"name":"wp","href":"https:\/\/api.w.org\/{rel}","templated":true}]}}