{"id":34760,"date":"2025-02-20T23:36:35","date_gmt":"2025-02-20T22:36:35","guid":{"rendered":"https:\/\/olemosaic.orbitalia.org\/producto\/llavero-de-madera-letra-f-barcelona-2\/"},"modified":"2025-07-25T18:54:22","modified_gmt":"2025-07-25T16:54:22","slug":"porte-cles-en-bois-lettre-f-barcelone-fr","status":"publish","type":"product","link":"https:\/\/olemosaic.orbitalia.org\/fr\/produit\/porte-cles-en-bois-lettre-f-barcelone-fr\/","title":{"rendered":"Porte-cl\u00e9s en bois. Lettre F. Sagrada Familia et Casa Batll\u00f3. Barcelone."},"content":{"rendered":"<p>Porte-cl\u00e9s en bois en forme de lettre \u00ab\u00a0F\u00a0\u00bb, inspir\u00e9 par l&#8217;embl\u00e9matique Sagrada Familia de Barcelone. Ce charmant souvenir n&rsquo;est pas seulement un accessoire pratique, mais une petite \u0153uvre d&rsquo;art qui capture la magie de la cit\u00e9 comtale. Fabriqu\u00e9 en bois de haute qualit\u00e9, son design color\u00e9 se distingue par la repr\u00e9sentation vibrante des tours de la Sagrada Familia, avec un effet peint \u00e0 la main dans des tons rouges et dor\u00e9s qui \u00e9voquent sa majest\u00e9. Les d\u00e9tails d\u00e9coratifs d\u00e9licats qui accompagnent le \u00ab\u00a0F\u00a0\u00bb ajoutent une touche de style et d&rsquo;authenticit\u00e9, faisant de ce porte-cl\u00e9s un souvenir unique qui rend hommage \u00e0 la richesse architecturale et culturelle de Barcelone.<\/p>\n<p>Le porte-cl\u00e9s dispose \u00e9galement d&rsquo;un anneau m\u00e9tallique r\u00e9sistant, garantissant que votre souvenir soit toujours \u00e0 port\u00e9e de main. Cet article est id\u00e9al aussi bien pour ceux qui souhaitent emporter un morceau de Barcelone avec eux que pour ceux qui recherchent des souvenirs repr\u00e9sentant l&rsquo;essence de la ville. Chez Ol\u00e9 Mosaic, sp\u00e9cialistes de la distribution de souvenirs en gros, nous proposons ce porte-cl\u00e9s de la Sagrada Familia comme une excellente option pour les boutiques de cadeaux touristiques qui appr\u00e9cient la qualit\u00e9 et l&rsquo;authenticit\u00e9 culturelle. Avec son design attrayant et sa connexion historique, ce porte-cl\u00e9s en bois devient un cadeau parfait pour les visiteurs \u00e0 la recherche d&rsquo;un souvenir significatif de leur passage \u00e0 Barcelone.<\/p>\n","protected":false},"excerpt":{"rendered":"<p>Porte-cl\u00e9s en bois en forme de lettre \u00ab\u00a0F\u00a0\u00bb, inspir\u00e9 par l&#8217;embl\u00e9matique Sagrada Familia de Barcelone. Ce souvenir attrayant pr\u00e9sente un design color\u00e9 et vibrant, avec des d\u00e9tails peints \u00e0 la main qui soulignent la majest\u00e9 des tours dans des tons rouges et dor\u00e9s, accompagn\u00e9s d&rsquo;\u00e9l\u00e9ments d\u00e9coratifs qui \u00e9voquent l&rsquo;essence de la ville. Avec un anneau m\u00e9tallique r\u00e9sistant, c&rsquo;est une pi\u00e8ce id\u00e9ale pour emporter un souvenir de Barcelone partout.<\/p>\n","protected":false},"featured_media":10517,"template":"","meta":{"_acf_changed":false},"product_brand":[],"product_cat":[607],"product_tag":[614],"class_list":{"0":"post-34760","1":"product","2":"type-product","3":"status-publish","4":"has-post-thumbnail","6":"product_cat-porte-cles","7":"product_tag-lettres","8":"pa_ciudad-barcelona","9":"pa_motivo-lettre-f","10":"pa_pais-espana","12":"first","13":"instock","14":"shipping-taxable","15":"product-type-simple"},"acf":[],"_links":{"self":[{"href":"https:\/\/olemosaic.orbitalia.org\/fr\/wp-json\/wp\/v2\/product\/34760","targetHints":{"allow":["GET"]}}],"collection":[{"href":"https:\/\/olemosaic.orbitalia.org\/fr\/wp-json\/wp\/v2\/product"}],"about":[{"href":"https:\/\/olemosaic.orbitalia.org\/fr\/wp-json\/wp\/v2\/types\/product"}],"wp:featuredmedia":[{"embeddable":true,"href":"https:\/\/olemosaic.orbitalia.org\/fr\/wp-json\/wp\/v2\/media\/10517"}],"wp:attachment":[{"href":"https:\/\/olemosaic.orbitalia.org\/fr\/wp-json\/wp\/v2\/media?parent=34760"}],"wp:term":[{"taxonomy":"product_brand","embeddable":true,"href":"https:\/\/olemosaic.orbitalia.org\/fr\/wp-json\/wp\/v2\/product_brand?post=34760"},{"taxonomy":"product_cat","embeddable":true,"href":"https:\/\/olemosaic.orbitalia.org\/fr\/wp-json\/wp\/v2\/product_cat?post=34760"},{"taxonomy":"product_tag","embeddable":true,"href":"https:\/\/olemosaic.orbitalia.org\/fr\/wp-json\/wp\/v2\/product_tag?post=34760"}],"curies":[{"name":"wp","href":"https:\/\/api.w.org\/{rel}","templated":true}]}}