{"id":34759,"date":"2025-02-20T23:36:35","date_gmt":"2025-02-20T22:36:35","guid":{"rendered":"https:\/\/olemosaic.orbitalia.org\/producto\/llavero-de-madera-flor-3\/"},"modified":"2025-07-25T19:19:28","modified_gmt":"2025-07-25T17:19:28","slug":"porte-cles-en-bois-fleur-mosaique","status":"publish","type":"product","link":"https:\/\/olemosaic.orbitalia.org\/fr\/produit\/porte-cles-en-bois-fleur-mosaique\/","title":{"rendered":"Porte-cl\u00e9s en bois. Fleur. Mosa\u00efque."},"content":{"rendered":"<p>Porte-cl\u00e9s en bois en forme de fleur, inspir\u00e9 par l&rsquo;art de la mosa\u00efque typique de l&rsquo;Espagne. Ce porte-cl\u00e9s color\u00e9 pr\u00e9sente un design vibrant qui capture l&rsquo;essence du trencad\u00eds, une technique traditionnelle qui donne vie aux \u0153uvres architecturales dans des villes comme Barcelone. Chaque p\u00e9tale est d\u00e9cor\u00e9 de formes g\u00e9om\u00e9triques aux multiples couleurs, allant des tons chauds aux tons frais et joyeux, cr\u00e9ant un effet visuel charmant qui \u00e9voque la riche tradition artistique de la r\u00e9gion. La fleur, m\u00e9ticuleusement \u00e9labor\u00e9e, n&rsquo;est pas seulement un porte-cl\u00e9s fonctionnel, mais aussi une v\u00e9ritable pi\u00e8ce de collection qui c\u00e9l\u00e8bre l&rsquo;h\u00e9ritage culturel espagnol.<\/p>\n<p>Avec une finition r\u00e9sistante, ce porte-cl\u00e9s garantit que sa beaut\u00e9 perdure dans le temps, et sa taille compacte en fait un souvenir facile \u00e0 emporter partout. Id\u00e9al pour les touristes et les amoureux de la culture, ce porte-cl\u00e9s en bois est un excellent cadeau ou souvenir qui relie le quotidien \u00e0 l&rsquo;extraordinaire. Chez Ol\u00e9 Mosaic, nous sommes fiers de proposer des souvenirs authentiques et de qualit\u00e9 qui mettent en valeur la richesse du patrimoine espagnol. Ce porte-cl\u00e9s est une excellente option pour les boutiques de cadeaux touristiques \u00e0 la recherche de produits alliant fonctionnalit\u00e9 et signification culturelle, s&rsquo;affirmant comme une pi\u00e8ce essentielle de la collection de souvenirs d&rsquo;Espagne.<\/p>\n","protected":false},"excerpt":{"rendered":"<p>Porte-cl\u00e9s en bois en forme de fleur, inspir\u00e9 par l&rsquo;art de la mosa\u00efque typique de l&rsquo;Espagne. Ce porte-cl\u00e9s color\u00e9 pr\u00e9sente un design vibrant aux multiples couleurs imitant le style du trencad\u00eds, apportant une touche joyeuse et festive. La fleur est cr\u00e9\u00e9e avec des formes g\u00e9om\u00e9triques qui \u00e9voquent la beaut\u00e9 des ornements traditionnels, devenant un souvenir parfait qui capture l&rsquo;essence culturelle et artistique de la r\u00e9gion. Id\u00e9al pour toujours emporter avec soi un petit morceau d&rsquo;Espagne.<\/p>\n","protected":false},"featured_media":10788,"template":"","meta":{"_acf_changed":false},"product_brand":[],"product_cat":[607],"product_tag":[],"class_list":{"0":"post-34759","1":"product","2":"type-product","3":"status-publish","4":"has-post-thumbnail","6":"product_cat-porte-cles","7":"pa_motivo-fleurs","9":"first","10":"instock","11":"shipping-taxable","12":"product-type-simple"},"acf":[],"_links":{"self":[{"href":"https:\/\/olemosaic.orbitalia.org\/fr\/wp-json\/wp\/v2\/product\/34759","targetHints":{"allow":["GET"]}}],"collection":[{"href":"https:\/\/olemosaic.orbitalia.org\/fr\/wp-json\/wp\/v2\/product"}],"about":[{"href":"https:\/\/olemosaic.orbitalia.org\/fr\/wp-json\/wp\/v2\/types\/product"}],"wp:featuredmedia":[{"embeddable":true,"href":"https:\/\/olemosaic.orbitalia.org\/fr\/wp-json\/wp\/v2\/media\/10788"}],"wp:attachment":[{"href":"https:\/\/olemosaic.orbitalia.org\/fr\/wp-json\/wp\/v2\/media?parent=34759"}],"wp:term":[{"taxonomy":"product_brand","embeddable":true,"href":"https:\/\/olemosaic.orbitalia.org\/fr\/wp-json\/wp\/v2\/product_brand?post=34759"},{"taxonomy":"product_cat","embeddable":true,"href":"https:\/\/olemosaic.orbitalia.org\/fr\/wp-json\/wp\/v2\/product_cat?post=34759"},{"taxonomy":"product_tag","embeddable":true,"href":"https:\/\/olemosaic.orbitalia.org\/fr\/wp-json\/wp\/v2\/product_tag?post=34759"}],"curies":[{"name":"wp","href":"https:\/\/api.w.org\/{rel}","templated":true}]}}