{"id":34744,"date":"2025-02-20T22:36:34","date_gmt":"2025-02-20T22:36:34","guid":{"rendered":"https:\/\/olemosaic.orbitalia.org\/producto\/llavero-de-madera-don-quijote\/"},"modified":"2025-07-25T20:24:20","modified_gmt":"2025-07-25T18:24:20","slug":"porte-cles-en-bois-don-quichotte","status":"publish","type":"product","link":"https:\/\/olemosaic.orbitalia.org\/fr\/produit\/porte-cles-en-bois-don-quichotte\/","title":{"rendered":"Porte-cl\u00e9s en bois. Don Quichotte."},"content":{"rendered":"<p>Porte-cl\u00e9s en bois de Don Quichotte. Ce porte-cl\u00e9s color\u00e9 et moderne est une repr\u00e9sentation amusante et attrayante du personnage embl\u00e9matique de la litt\u00e9rature espagnole, Don Quichotte, mont\u00e9 sur son fid\u00e8le cheval Rossinante aux c\u00f4t\u00e9s d&rsquo;un moulin \u00e0 vent, le c\u00e9l\u00e8bre symbole de ses aventures. Son design vibrant pr\u00e9sente une palette de couleurs attrayante qui attire l&rsquo;attention, mettant en valeur le texte \u00ab\u00a0DON QUICHOTTE\u00a0\u00bb avec une typographie frappante qui donne vie \u00e0 la sc\u00e8ne. Ce porte-cl\u00e9s n&rsquo;est pas seulement fonctionnel, mais aussi un charmant souvenir qui encapsule l&rsquo;essence de l&rsquo;ing\u00e9nieux hidalgo et de sa bravoure. Le lien culturel de ce porte-cl\u00e9s avec le chef-d&rsquo;\u0153uvre de Miguel de Cervantes souligne sa pertinence en tant que souvenir typique de l&rsquo;Espagne, symbolisant la lutte pour les id\u00e9aux et la charmante folie de son protagoniste. Id\u00e9al pour ceux qui souhaitent emporter avec eux un morceau d&rsquo;histoire et de culture, ce porte-cl\u00e9s en bois est une excellente option pour les touristes \u00e0 la recherche de souvenirs de qualit\u00e9 et d&rsquo;authenticit\u00e9. Chez Ol\u00e9 Mosaic, nous sommes des distributeurs de souvenirs embl\u00e9matiques qui c\u00e9l\u00e8brent le meilleur du patrimoine espagnol, ce qui fait de ce porte-cl\u00e9s un ajout parfait pour les boutiques de cadeaux touristiques \u00e0 la recherche de produits authentiques et repr\u00e9sentatifs de la culture espagnole.<\/p>\n","protected":false},"excerpt":{"rendered":"<p>Porte-cl\u00e9s en bois repr\u00e9sentant Don Quichotte, le personnage embl\u00e9matique de la litt\u00e9rature espagnole. Ce porte-cl\u00e9s, au design color\u00e9 et moderne, montre Don Quichotte mont\u00e9 sur son cheval \u00e0 c\u00f4t\u00e9 d&rsquo;un moulin \u00e0 vent, symbole de sa c\u00e9l\u00e8bre aventure. Les couleurs vibrantes et le texte \u00ab\u00a0DON QUICHOTTE\u00a0\u00bb ressortent dans un design qui rend hommage \u00e0 l&rsquo;\u0153uvre de Cervantes, id\u00e9al pour les amoureux de la culture espagnole. Un souvenir parfait pour emporter un morceau d&rsquo;histoire avec soi.<\/p>\n","protected":false},"featured_media":10804,"template":"","meta":{"_acf_changed":false},"product_brand":[],"product_cat":[607],"product_tag":[530],"class_list":{"0":"post-34744","1":"product","2":"type-product","3":"status-publish","4":"has-post-thumbnail","6":"product_cat-porte-cles","7":"product_tag-animaux","8":"pa_motivo-don-quichotte","10":"first","11":"instock","12":"shipping-taxable","13":"product-type-simple"},"acf":[],"_links":{"self":[{"href":"https:\/\/olemosaic.orbitalia.org\/fr\/wp-json\/wp\/v2\/product\/34744","targetHints":{"allow":["GET"]}}],"collection":[{"href":"https:\/\/olemosaic.orbitalia.org\/fr\/wp-json\/wp\/v2\/product"}],"about":[{"href":"https:\/\/olemosaic.orbitalia.org\/fr\/wp-json\/wp\/v2\/types\/product"}],"wp:featuredmedia":[{"embeddable":true,"href":"https:\/\/olemosaic.orbitalia.org\/fr\/wp-json\/wp\/v2\/media\/10804"}],"wp:attachment":[{"href":"https:\/\/olemosaic.orbitalia.org\/fr\/wp-json\/wp\/v2\/media?parent=34744"}],"wp:term":[{"taxonomy":"product_brand","embeddable":true,"href":"https:\/\/olemosaic.orbitalia.org\/fr\/wp-json\/wp\/v2\/product_brand?post=34744"},{"taxonomy":"product_cat","embeddable":true,"href":"https:\/\/olemosaic.orbitalia.org\/fr\/wp-json\/wp\/v2\/product_cat?post=34744"},{"taxonomy":"product_tag","embeddable":true,"href":"https:\/\/olemosaic.orbitalia.org\/fr\/wp-json\/wp\/v2\/product_tag?post=34744"}],"curies":[{"name":"wp","href":"https:\/\/api.w.org\/{rel}","templated":true}]}}