{"id":34728,"date":"2025-02-20T23:36:34","date_gmt":"2025-02-20T22:36:34","guid":{"rendered":"https:\/\/olemosaic.orbitalia.org\/producto\/llavero-de-madera-barcelona-2\/"},"modified":"2025-07-25T18:40:33","modified_gmt":"2025-07-25T16:40:33","slug":"porte-cles-en-bois-barcelone-2","status":"publish","type":"product","link":"https:\/\/olemosaic.orbitalia.org\/fr\/produit\/porte-cles-en-bois-barcelone-2\/","title":{"rendered":"Porte-cl\u00e9s en bois. Barcelone. Fond noir."},"content":{"rendered":"<p>Porte-cl\u00e9s en bois de Barcelone<\/p>\n<p>D\u00e9couvrez notre porte-cl\u00e9s en bois frappant avec le nom \u00ab\u00a0Barcelona\u00a0\u00bb, un souvenir parfait qui encapsule l&rsquo;essence vibrante de cette ville embl\u00e9matique. Ce porte-cl\u00e9s pr\u00e9sente une typographie moderne et color\u00e9e qui combine des tons vibrants de rouge, jaune, bleu et vert, repr\u00e9sentant la diversit\u00e9 linguistique et culturelle de Barcelone. La forme stylis\u00e9e du texte, sur un fond noir, fait ressortir son attrait visuel et la beaut\u00e9 des couleurs.<\/p>\n<p>Ce porte-cl\u00e9s n&rsquo;est pas seulement un accessoire pratique pour organiser vos cl\u00e9s, mais aussi un souvenir unique qui \u00e9voque l&rsquo;architecture et l&rsquo;art de la ville. La connexion culturelle est \u00e9vidente : chaque lettre \u00e9voque la cr\u00e9ativit\u00e9 et la modernit\u00e9 des designs d&rsquo;Antoni Gaud\u00ed qui ornent Barcelone. Parfait comme cadeau pour des amis ou de la famille, ce porte-cl\u00e9s en bois devient un symbole de l&rsquo;art et de la culture catalane.<\/p>\n<p>Chez Ol\u00e9 Mosaic, nous nous sp\u00e9cialisons dans la distribution de souvenirs en gros, et ce porte-cl\u00e9s est une excellente option pour les boutiques de cadeaux touristiques qui recherchent des produits authentiques et styl\u00e9s. En tant que grossistes de souvenirs, nous garantissons un design attrayant et la qualit\u00e9 de chaque pi\u00e8ce, faisant de ce porte-cl\u00e9s de Barcelone un incontournable de toute collection de souvenirs.<\/p>\n","protected":false},"excerpt":{"rendered":"<p>Porte-cl\u00e9s en bois avec le nom \u00ab\u00a0Barcelona\u00a0\u00bb dans un design color\u00e9 et moderne. Le porte-cl\u00e9s pr\u00e9sente une typographie qui combine diverses couleurs vibrantes, refl\u00e9tant l&rsquo;essence artistique et culturelle de la ville. La forme stylis\u00e9e du texte, sur un fond noir, rehausse l&rsquo;attrait visuel du produit. Id\u00e9al pour se souvenir d&rsquo;une visite \u00e0 Barcelone ou comme cadeau pour ceux qui appr\u00e9cient la cr\u00e9ativit\u00e9 de cette ville embl\u00e9matique.<\/p>\n","protected":false},"featured_media":10441,"template":"","meta":{"_acf_changed":false},"product_brand":[],"product_cat":[607],"product_tag":[],"class_list":{"0":"post-34728","1":"product","2":"type-product","3":"status-publish","4":"has-post-thumbnail","6":"product_cat-porte-cles","7":"pa_ciudad-barcelona","8":"pa_pais-espana","10":"first","11":"instock","12":"shipping-taxable","13":"product-type-simple"},"acf":[],"_links":{"self":[{"href":"https:\/\/olemosaic.orbitalia.org\/fr\/wp-json\/wp\/v2\/product\/34728","targetHints":{"allow":["GET"]}}],"collection":[{"href":"https:\/\/olemosaic.orbitalia.org\/fr\/wp-json\/wp\/v2\/product"}],"about":[{"href":"https:\/\/olemosaic.orbitalia.org\/fr\/wp-json\/wp\/v2\/types\/product"}],"wp:featuredmedia":[{"embeddable":true,"href":"https:\/\/olemosaic.orbitalia.org\/fr\/wp-json\/wp\/v2\/media\/10441"}],"wp:attachment":[{"href":"https:\/\/olemosaic.orbitalia.org\/fr\/wp-json\/wp\/v2\/media?parent=34728"}],"wp:term":[{"taxonomy":"product_brand","embeddable":true,"href":"https:\/\/olemosaic.orbitalia.org\/fr\/wp-json\/wp\/v2\/product_brand?post=34728"},{"taxonomy":"product_cat","embeddable":true,"href":"https:\/\/olemosaic.orbitalia.org\/fr\/wp-json\/wp\/v2\/product_cat?post=34728"},{"taxonomy":"product_tag","embeddable":true,"href":"https:\/\/olemosaic.orbitalia.org\/fr\/wp-json\/wp\/v2\/product_tag?post=34728"}],"curies":[{"name":"wp","href":"https:\/\/api.w.org\/{rel}","templated":true}]}}