{"id":34726,"date":"2025-02-20T23:36:34","date_gmt":"2025-02-20T22:36:34","guid":{"rendered":"https:\/\/olemosaic.orbitalia.org\/producto\/llavero-de-madera-gallo-4\/"},"modified":"2025-07-25T19:44:04","modified_gmt":"2025-07-25T17:44:04","slug":"porte-cles-en-bois-coq-4","status":"publish","type":"product","link":"https:\/\/olemosaic.orbitalia.org\/fr\/produit\/porte-cles-en-bois-coq-4\/","title":{"rendered":"Porte-cl\u00e9s en bois. Coq. Barcelos."},"content":{"rendered":"<p>Porte-cl\u00e9s en bois en forme de coq, un symbole embl\u00e9matique de la culture portugaise. Ce porte-cl\u00e9s attrayant se distingue par son design vibrant, m\u00e9ticuleusement peint \u00e0 la main avec une palette de couleurs rouge, bleu et blanc, \u00e9voquant la d\u00e9coration traditionnelle du coq de Barcelos. La figure du coq, connue au Portugal sous le nom de \u00ab\u00a0Galo de Barcelos\u00a0\u00bb, n&rsquo;est pas seulement un \u00e9l\u00e9ment d\u00e9coratif, mais repr\u00e9sente \u00e9galement la chance, la justice et la fid\u00e9lit\u00e9, faisant de ce porte-cl\u00e9s un souvenir charg\u00e9 de sens culturel. La forme stylis\u00e9e et les motifs complexes, incluant des c\u0153urs et des motifs g\u00e9om\u00e9triques, apportent une touche artistique qui en fait un accessoire unique et sp\u00e9cial.<\/p>\n<p>Id\u00e9al pour ceux qui cherchent \u00e0 se souvenir de leur visite au Portugal, ce porte-cl\u00e9s est un excellent moyen d&#8217;emporter un morceau de folklore portugais partout avec soi. Chez Ol\u00e9 Mosaic, nous savons que les souvenirs doivent \u00eatre des reflets authentiques de la culture, et ce porte-cl\u00e9s en bois remplit parfaitement cet objectif. Parfait pour les boutiques de cadeaux touristiques, cet article est un ajout pr\u00e9cieux \u00e0 toute collection de souvenirs du Portugal, car il pr\u00e9sente non seulement sa beaut\u00e9 esth\u00e9tique, mais aussi sa pertinence culturelle en tant que symbole de l&rsquo;h\u00e9ritage portugais. En tant que grossistes de souvenirs, nous garantissons la qualit\u00e9 et l&rsquo;authenticit\u00e9 de chaque pi\u00e8ce.<\/p>\n","protected":false},"excerpt":{"rendered":"<p>Porte-cl\u00e9s en bois en forme de coq, une ic\u00f4ne de la culture portugaise. Ce porte-cl\u00e9s attrayant pr\u00e9sente un design vibrant et d\u00e9taill\u00e9, de conception artisanale, peint \u00e0 la main, avec des motifs en rouge, bleu et blanc, qui rehaussent la d\u00e9coration traditionnelle du coq de Barcelos. Sa forme stylis\u00e9e et ses \u00e9l\u00e9ments d\u00e9coratifs lui donnent une touche artistique, en faisant un souvenir parfait pour se rem\u00e9morer le riche h\u00e9ritage du Portugal. Id\u00e9al pour porter vos cl\u00e9s avec une touche de folklore.<\/p>\n","protected":false},"featured_media":10787,"template":"","meta":{"_acf_changed":false},"product_brand":[],"product_cat":[607],"product_tag":[530],"class_list":{"0":"post-34726","1":"product","2":"type-product","3":"status-publish","4":"has-post-thumbnail","6":"product_cat-porte-cles","7":"product_tag-animaux","8":"pa_motivo-coqs","9":"pa_pais-portugal","11":"first","12":"instock","13":"shipping-taxable","14":"product-type-simple"},"acf":[],"_links":{"self":[{"href":"https:\/\/olemosaic.orbitalia.org\/fr\/wp-json\/wp\/v2\/product\/34726","targetHints":{"allow":["GET"]}}],"collection":[{"href":"https:\/\/olemosaic.orbitalia.org\/fr\/wp-json\/wp\/v2\/product"}],"about":[{"href":"https:\/\/olemosaic.orbitalia.org\/fr\/wp-json\/wp\/v2\/types\/product"}],"wp:featuredmedia":[{"embeddable":true,"href":"https:\/\/olemosaic.orbitalia.org\/fr\/wp-json\/wp\/v2\/media\/10787"}],"wp:attachment":[{"href":"https:\/\/olemosaic.orbitalia.org\/fr\/wp-json\/wp\/v2\/media?parent=34726"}],"wp:term":[{"taxonomy":"product_brand","embeddable":true,"href":"https:\/\/olemosaic.orbitalia.org\/fr\/wp-json\/wp\/v2\/product_brand?post=34726"},{"taxonomy":"product_cat","embeddable":true,"href":"https:\/\/olemosaic.orbitalia.org\/fr\/wp-json\/wp\/v2\/product_cat?post=34726"},{"taxonomy":"product_tag","embeddable":true,"href":"https:\/\/olemosaic.orbitalia.org\/fr\/wp-json\/wp\/v2\/product_tag?post=34726"}],"curies":[{"name":"wp","href":"https:\/\/api.w.org\/{rel}","templated":true}]}}