{"id":34725,"date":"2025-02-20T23:36:34","date_gmt":"2025-02-20T22:36:34","guid":{"rendered":"https:\/\/olemosaic.orbitalia.org\/producto\/libreta-de-80-hojas-salamandra-tenerife-2\/"},"modified":"2025-07-25T18:42:00","modified_gmt":"2025-07-25T16:42:00","slug":"carnet-de-80-feuilles-salamandre-tenerife-2","status":"publish","type":"product","link":"https:\/\/olemosaic.orbitalia.org\/fr\/produit\/carnet-de-80-feuilles-salamandre-tenerife-2\/","title":{"rendered":"Carnet de 80 feuilles. Salamandre. Tenerife. Canaries."},"content":{"rendered":"<p>Carnet d\u00e9coratif de Tenerife, id\u00e9al pour ceux qui recherchent un souvenir authentique de cette belle \u00eele des Canaries. Ce carnet dispose de 80 feuilles, offrant un large espace pour des notes, des croquis ou des souvenirs de voyage. Son design vibrant pr\u00e9sente une illustration d&rsquo;une salamandre, embl\u00e9matique de la faune locale, entour\u00e9e d&rsquo;une mosa\u00efque de fleurs multicolores qui apporte une touche tropicale et festive. Le fond blanc fait ressortir le motif g\u00e9om\u00e9trique de la salamandre, qui combine le rouge, le vert et le bleu, mettant en avant la riche palette de couleurs qui caract\u00e9rise Tenerife.<\/p>\n<p>Le carnet est compl\u00e9t\u00e9 par une bande \u00e9lastique rouge pratique qui non seulement s\u00e9curise le contenu, mais ajoute \u00e9galement un contraste attrayant au design. Cet objet n&rsquo;est pas seulement fonctionnel, il encapsule \u00e9galement l&rsquo;esprit de l&rsquo;\u00eele, o\u00f9 la nature et la culture s&rsquo;entrem\u00ealent. Id\u00e9al comme souvenir pour les touristes, ce produit souligne l&rsquo;authenticit\u00e9 et l&rsquo;art local, en faisant un cadeau m\u00e9morable qui repr\u00e9sente l&rsquo;essence de Tenerife.<\/p>\n<p>Chez Ol\u00e9 Mosaic, en tant que grossiste de souvenirs, nous nous consacrons \u00e0 offrir des produits qui mettent en valeur l&rsquo;originalit\u00e9 et la diversit\u00e9 culturelle de l&rsquo;Espagne et de ses r\u00e9gions. Ce carnet est parfait pour les boutiques de cadeaux touristiques qui recherchent des articles uniques se connectant \u00e9motionnellement avec leurs clients.<\/p>\n","protected":false},"excerpt":{"rendered":"<p>Carnet de 80 feuilles d\u00e9cor\u00e9 d&rsquo;une illustration vibrante d&rsquo;une salamandre, inspir\u00e9e du style artistique de Tenerife. Il se distingue par son fond blanc avec une mosa\u00efque de fleurs multicolores, tandis que la salamandre arbore un motif g\u00e9om\u00e9trique color\u00e9 en rouge, vert et bleu. Avec une bande \u00e9lastique rouge pratique, ce carnet est parfait pour prendre des notes, faire des croquis ou garder des souvenirs de l&rsquo;\u00eele, combinant fonctionnalit\u00e9 et attrait visuel distinctif.<\/p>\n","protected":false},"featured_media":12009,"template":"","meta":{"_acf_changed":false},"product_brand":[],"product_cat":[806],"product_tag":[530],"class_list":{"0":"post-34725","1":"product","2":"type-product","3":"status-publish","4":"has-post-thumbnail","6":"product_cat-carnets","7":"product_tag-animaux","8":"pa_ciudad-tenerife","9":"pa_motivo-salamandres","10":"pa_pais-espana","12":"first","13":"instock","14":"shipping-taxable","15":"product-type-simple"},"acf":[],"_links":{"self":[{"href":"https:\/\/olemosaic.orbitalia.org\/fr\/wp-json\/wp\/v2\/product\/34725","targetHints":{"allow":["GET"]}}],"collection":[{"href":"https:\/\/olemosaic.orbitalia.org\/fr\/wp-json\/wp\/v2\/product"}],"about":[{"href":"https:\/\/olemosaic.orbitalia.org\/fr\/wp-json\/wp\/v2\/types\/product"}],"wp:featuredmedia":[{"embeddable":true,"href":"https:\/\/olemosaic.orbitalia.org\/fr\/wp-json\/wp\/v2\/media\/12009"}],"wp:attachment":[{"href":"https:\/\/olemosaic.orbitalia.org\/fr\/wp-json\/wp\/v2\/media?parent=34725"}],"wp:term":[{"taxonomy":"product_brand","embeddable":true,"href":"https:\/\/olemosaic.orbitalia.org\/fr\/wp-json\/wp\/v2\/product_brand?post=34725"},{"taxonomy":"product_cat","embeddable":true,"href":"https:\/\/olemosaic.orbitalia.org\/fr\/wp-json\/wp\/v2\/product_cat?post=34725"},{"taxonomy":"product_tag","embeddable":true,"href":"https:\/\/olemosaic.orbitalia.org\/fr\/wp-json\/wp\/v2\/product_tag?post=34725"}],"curies":[{"name":"wp","href":"https:\/\/api.w.org\/{rel}","templated":true}]}}